{"id":1969,"date":"2021-05-02T21:31:48","date_gmt":"2021-05-02T19:31:48","guid":{"rendered":"https:\/\/makanet24.pl\/?post_type=product&#038;p=1969"},"modified":"2025-11-16T12:05:18","modified_gmt":"2025-11-16T11:05:18","slug":"stormshield-sni40-zabezpieczenie-dla-sieci-przemyslowych","status":"publish","type":"product","link":"https:\/\/makanet24.pl\/index.php\/produkt\/stormshield-sni40-zabezpieczenie-dla-sieci-przemyslowych\/","title":{"rendered":"SNi40 Sieci przemys\u0142owe"},"content":{"rendered":"<h3>STORMSHIELD SNi40 Zabezpieczenie dla sieci przemys\u0142owych.<\/h3>\n<p>Urz\u0105dzenie STORMSHIELD SNi40 zosta\u0142o zaprojektowane w taki spos\u00f3b, \u017ceby zabezpieczy\u0107 sieci przemys\u0142owe dzia\u0142aj\u0105ce w trudnych warunkach, gdzie panuje niska lub wysoka temperatura, wyst\u0119puj\u0105 wstrz\u0105sy, jest py\u0142 czy pojawiaj\u0105 si\u0119 zak\u0142\u00f3cenia elektromagnetyczne.<\/p>\n<p>Dzi\u0119ki prostej instalacji przy wdro\u017ceniu, urz\u0105dzenie zabezpieczaj\u0105ce mo\u017cna \u0142atwo zaimplementowa\u0107 w \u015brodowisku przemys\u0142owym bez wi\u0119kszego wp\u0142ywu na jej dzia\u0142anie.<\/p>\n<p>Monitorowanie pracy urz\u0105dze\u0144 w czasie rzeczywistym &#8211; tak jak w przypadku wszystkich rozwi\u0105za\u0144 STORMSHIELD, model SNi40 umo\u017cliwia \u015bledzenie dzia\u0142ania urz\u0105dze\u0144 w czasie rzeczywistym.<\/p>\n","protected":false},"excerpt":{"rendered":"<p>NETWORK SECURITY. Zabezpieczenie dla sieci przemys\u0142owych STORMSHIELD SNi40<\/p>\n<p><a href=\"https:\/\/makanet24.pl\/wp-content\/uploads\/2021\/05\/Ulotka-SNi40.pdf\">Ulotka-SNi40<\/a><\/p>\n","protected":false},"featured_media":2061,"comment_status":"open","ping_status":"closed","template":"","meta":[],"yoast_head":"<!-- This site is optimized with the Yoast SEO plugin v16.2 - https:\/\/yoast.com\/wordpress\/plugins\/seo\/ -->\n<title>SNi40 Sieci przemys\u0142owe - Makanet24<\/title>\n<meta name=\"robots\" content=\"index, follow, max-snippet:-1, max-image-preview:large, max-video-preview:-1\" \/>\n<link rel=\"canonical\" href=\"https:\/\/makanet24.pl\/index.php\/produkt\/stormshield-sni40-zabezpieczenie-dla-sieci-przemyslowych\/\" \/>\n<meta property=\"og:locale\" content=\"pl_PL\" \/>\n<meta property=\"og:type\" content=\"article\" \/>\n<meta property=\"og:title\" content=\"SNi40 Sieci przemys\u0142owe - Makanet24\" \/>\n<meta property=\"og:description\" content=\"NETWORK SECURITY. Zabezpieczenie dla sieci przemys\u0142owych STORMSHIELD SNi40  Ulotka-SNi40\" \/>\n<meta property=\"og:url\" content=\"https:\/\/makanet24.pl\/index.php\/produkt\/stormshield-sni40-zabezpieczenie-dla-sieci-przemyslowych\/\" \/>\n<meta property=\"og:site_name\" content=\"Makanet24\" \/>\n<meta property=\"article:modified_time\" content=\"2025-11-16T11:05:18+00:00\" \/>\n<meta property=\"og:image\" content=\"https:\/\/makanet24.pl\/wp-content\/uploads\/2021\/05\/SNi40-Makanet24.png\" \/>\n\t<meta property=\"og:image:width\" content=\"375\" \/>\n\t<meta property=\"og:image:height\" content=\"375\" \/>\n<meta name=\"twitter:card\" content=\"summary_large_image\" \/>\n<meta name=\"twitter:label1\" content=\"Szacowany czas czytania\">\n\t<meta name=\"twitter:data1\" content=\"1 minuta\">\n<script type=\"application\/ld+json\" class=\"yoast-schema-graph\">{\"@context\":\"https:\/\/schema.org\",\"@graph\":[{\"@type\":\"WebSite\",\"@id\":\"https:\/\/makanet24.pl\/#website\",\"url\":\"https:\/\/makanet24.pl\/\",\"name\":\"Makanet24\",\"description\":\"Sklep internetowy z produktami IT\",\"potentialAction\":[{\"@type\":\"SearchAction\",\"target\":\"https:\/\/makanet24.pl\/?s={search_term_string}\",\"query-input\":\"required name=search_term_string\"}],\"inLanguage\":\"pl-PL\"},{\"@type\":\"ImageObject\",\"@id\":\"https:\/\/makanet24.pl\/index.php\/produkt\/stormshield-sni40-zabezpieczenie-dla-sieci-przemyslowych\/#primaryimage\",\"inLanguage\":\"pl-PL\",\"url\":\"https:\/\/makanet24.pl\/wp-content\/uploads\/2021\/05\/SNi40-Makanet24.png\",\"contentUrl\":\"https:\/\/makanet24.pl\/wp-content\/uploads\/2021\/05\/SNi40-Makanet24.png\",\"width\":375,\"height\":375},{\"@type\":\"WebPage\",\"@id\":\"https:\/\/makanet24.pl\/index.php\/produkt\/stormshield-sni40-zabezpieczenie-dla-sieci-przemyslowych\/#webpage\",\"url\":\"https:\/\/makanet24.pl\/index.php\/produkt\/stormshield-sni40-zabezpieczenie-dla-sieci-przemyslowych\/\",\"name\":\"SNi40 Sieci przemys\\u0142owe - Makanet24\",\"isPartOf\":{\"@id\":\"https:\/\/makanet24.pl\/#website\"},\"primaryImageOfPage\":{\"@id\":\"https:\/\/makanet24.pl\/index.php\/produkt\/stormshield-sni40-zabezpieczenie-dla-sieci-przemyslowych\/#primaryimage\"},\"datePublished\":\"2021-05-02T19:31:48+00:00\",\"dateModified\":\"2025-11-16T11:05:18+00:00\",\"breadcrumb\":{\"@id\":\"https:\/\/makanet24.pl\/index.php\/produkt\/stormshield-sni40-zabezpieczenie-dla-sieci-przemyslowych\/#breadcrumb\"},\"inLanguage\":\"pl-PL\",\"potentialAction\":[{\"@type\":\"ReadAction\",\"target\":[\"https:\/\/makanet24.pl\/index.php\/produkt\/stormshield-sni40-zabezpieczenie-dla-sieci-przemyslowych\/\"]}]},{\"@type\":\"BreadcrumbList\",\"@id\":\"https:\/\/makanet24.pl\/index.php\/produkt\/stormshield-sni40-zabezpieczenie-dla-sieci-przemyslowych\/#breadcrumb\",\"itemListElement\":[{\"@type\":\"ListItem\",\"position\":1,\"item\":{\"@type\":\"WebPage\",\"@id\":\"https:\/\/makanet24.pl\/\",\"url\":\"https:\/\/makanet24.pl\/\",\"name\":\"Strona g\\u0142\\u00f3wna\"}},{\"@type\":\"ListItem\",\"position\":2,\"item\":{\"@type\":\"WebPage\",\"@id\":\"https:\/\/makanet24.pl\/index.php\/sklep\/\",\"url\":\"https:\/\/makanet24.pl\/index.php\/sklep\/\",\"name\":\"Sklep\"}},{\"@type\":\"ListItem\",\"position\":3,\"item\":{\"@id\":\"https:\/\/makanet24.pl\/index.php\/produkt\/stormshield-sni40-zabezpieczenie-dla-sieci-przemyslowych\/#webpage\"}}]}]}<\/script>\n<!-- \/ Yoast SEO plugin. -->","_links":{"self":[{"href":"https:\/\/makanet24.pl\/index.php\/wp-json\/wp\/v2\/product\/1969"}],"collection":[{"href":"https:\/\/makanet24.pl\/index.php\/wp-json\/wp\/v2\/product"}],"about":[{"href":"https:\/\/makanet24.pl\/index.php\/wp-json\/wp\/v2\/types\/product"}],"replies":[{"embeddable":true,"href":"https:\/\/makanet24.pl\/index.php\/wp-json\/wp\/v2\/comments?post=1969"}],"wp:featuredmedia":[{"embeddable":true,"href":"https:\/\/makanet24.pl\/index.php\/wp-json\/wp\/v2\/media\/2061"}],"wp:attachment":[{"href":"https:\/\/makanet24.pl\/index.php\/wp-json\/wp\/v2\/media?parent=1969"}],"curies":[{"name":"wp","href":"https:\/\/api.w.org\/{rel}","templated":true}]}}