{"id":1935,"date":"2021-04-30T14:35:15","date_gmt":"2021-04-30T12:35:15","guid":{"rendered":"https:\/\/makanet24.pl\/?post_type=product&#038;p=1935"},"modified":"2021-05-13T12:18:23","modified_gmt":"2021-05-13T10:18:23","slug":"winmagic-efektywne-szyfrowanie-danych","status":"publish","type":"product","link":"https:\/\/makanet24.pl\/index.php\/produkt\/winmagic-efektywne-szyfrowanie-danych\/","title":{"rendered":"WinMagic &#8211; Efektywne szyfrowanie danych"},"content":{"rendered":"<div>\n<p><strong>KLUCZOWE CECHY:<\/strong><\/p>\n<p>\u2022\u00a0<strong>Bezpieczne szyfrowanie<\/strong>\u00a0za pomoc\u0105 jednej licencji\u00a0<strong>dysk\u00f3w twardych<\/strong>\u00a0urz\u0105dze\u0144 ko\u0144cowych i\u2004serwer\u00f3w Windows, Linux i\u2004MacOS.<br \/>\n\u2022 Algorytm szyfruj\u0105cy dane kluczem\u00a0<strong>AES 256<\/strong>\u00a0w\u2004czasie rzeczywistym.<br \/>\n\u2022\u00a0<strong>Transparentno\u015b\u0107\u00a0<\/strong>procesu szyfrowania \u2013 niezauwa\u017calny dla u\u017cytkownika i\u2004w\u2004pe\u0142ni\u00a0<strong>zintegrowany z\u2004logowaniem do systemu operacyjnego <\/strong>komputera.<br \/>\n\u2022\u00a0<strong>Zabezpieczanie dysk\u00f3w<\/strong>, plik\u00f3w i\u2004folder\u00f3w oraz zasob\u00f3w w\u2004chmurze.<\/p>\n<div>\n<p><strong>NAJWA\u017bNIEJSZE ZALETY:<\/strong><\/p>\n<\/div>\n<ul>\n<li><strong>Bezpieczne szyfrowanie<\/strong><br \/>\nJedna licencja SecureDoc pozwala szyfrowa\u0107 dyski twarde w notebookach i zabezpiecza\u0107 dowoln\u0105 ilo\u015b\u0107 dysk\u00f3w USB.<\/li>\n<li><strong>Algorytm szyfruj\u0105cy<\/strong><br \/>\nZar\u00f3wno szyfrowanie jak i rozszyfrowywanie zasob\u00f3w znajduj\u0105cych si\u0119 na dysku zachodzi w czasie rzeczywistym i w spos\u00f3b niezauwa\u017calny dla u\u017cytkownika, kt\u00f3ry w\u0142\u0105czaj\u0105c komputer uzyskuje do nich dost\u0119p po wprowadzeniu odpowiedniego has\u0142a. Dane mo\u017cemy zabezpieczy\u0107 silnym algorytmem, wykorzytywanym np. przez s\u0142u\u017cby rz\u0105dowe &#8211; FIPS 140 &#8211; 2 lub szybszym, ale r\u00f3wnie bezpiecznym algorytmem AES z kluczem 256 bitowym.<\/li>\n<li><strong>Transparentno\u015b\u0107<\/strong><br \/>\nSecureDoc Disk Encryption, zainstalowany na komputerach, nie wymaga od u\u017cytkownika szyfrowania i rozszyfrowywania zasob\u00f3w przechowywanych na dysku, poniewa\u017c przebiega ono automatycznie, jako proces sytemu operacyjnego, dzi\u0119ki czemu jest niezauwa\u017calne.<\/li>\n<li><strong>Zabezpieczanie przeno\u015bnych dysk\u00f3w<\/strong><br \/>\nRozwi\u0105zania WinMagic umo\u017cliwiaj\u0105 tak\u017ce zabezpieczanie dysk\u00f3w zewn\u0119trznych. Administrator ma mo\u017cliwo\u015b\u0107 definiowania regu\u0142 dotycz\u0105cych mo\u017cliwo\u015bci zapisywania danych na no\u015bnikach zewn\u0119trznych z dodatkowym zaznaczeniem czy dany no\u015bnik powinien by\u0107 zaszyfrowany czy nie. Zabezpieczanie danych przechowywanych na dyskach zewn\u0119trznych mo\u017cna tak\u017ce poszerzy\u0107 o wyodr\u0119bnienie, poprzez numer seryjny i model, konkretnych pami\u0119ci przeno\u015bnych.<\/li>\n<li><strong>Zarz\u0105dzanie uprawnieniami<\/strong><br \/>\nZa udzielanie dost\u0119pu do zasob\u00f3w odpowiada aplikacja uwierzytelniaj\u0105ca, gdzie ka\u017cdy u\u017cytkownik korzystaj\u0105cy z SecureDoc ma przydzielon\u0105 unikaln\u0105 nazw\u0119, has\u0142o oraz pakiet kluczy, kt\u00f3re szyfruj\u0105 poszczeg\u00f3lne zasoby. Dzi\u0119ki takim mo\u017cliwo\u015bciom wsp\u00f3\u0142dzielenie pewnych danych i informacji staje si\u0119 wygodne a zarazem bezpieczne.<\/li>\n<\/ul>\n<\/div>\n<p><strong>DLACZEGO WINMAGIC?<\/strong><\/p>\n<p>\u2022 Uniwersalne rozwi\u0105zanie \u2013 wszystkie\u00a0<strong>systemy operacyjne, desktopy<\/strong>\u00a0i\u2004<strong>laptopy\u00a0<\/strong>oraz\u00a0<strong>serwery<\/strong><br \/>\n\u2022\u00a0<strong>Jedno narz\u0119dzie do szyfrowania<\/strong>\u00a0ca\u0142ych\u00a0<strong>dysk\u00f3w<\/strong>,\u00a0<strong>plik\u00f3w\u00a0<\/strong>i\u2004<strong>folder\u00f3w<\/strong>,\u00a0<strong>USB<\/strong>, zasob\u00f3w\u00a0<strong>w\u2004chmurze<\/strong>\u00a0i\u2004zasob\u00f3w\u00a0<strong>wirtualnych<\/strong><br \/>\n\u2022 Rozwi\u0105zanie\u00a0<strong>uznane na \u015bwiecie<\/strong>\u00a0i\u2004u\u017cywane lub OEM-owane przez firmy takie jak HP, Lenovo, Intel, Samsung, SanDisc, AccessData, Seagate, Toshiba Memory.<\/p>\n<p><strong>Rozwi\u0105zaniom WinMagic zaufa\u0142o wiele organizacji publicznych i firm na ca\u0142ym \u015bwiecie, kt\u00f3re podkre\u015blaj\u0105 takie zalety SecureDoc jak:<\/strong><\/p>\n<p>\u2022 mo\u017cliwo\u015b\u0107 efektywnego minimalizowania ryzyka biznesowego,<br \/>\n\u2022 mo\u017cliwo\u015b\u0107 spe\u0142niania wymog\u00f3w prawnych zwi\u0105zanych z ochron\u0105 i przetwarzaniem danych,<br \/>\n\u2022 wysokiej jako\u015bci bezpiecze\u0144stwo danych w korzystanej cenie.<\/p>\n<p>&nbsp;<\/p>\n","protected":false},"excerpt":{"rendered":"<p>Idea powstania rozwi\u0105za\u0144 <strong>WinMagic<\/strong> zak\u0142ada\u0142a stworzenie\u00a0narz\u0119dzia, odpowiednio zabezpieczaj\u0105cego wra\u017cliwe dane, kt\u00f3re w\u2004ogromnych ilo\u015bciach nieustannie s\u0105 gromadzone na komputerach oraz na r\u00f3\u017cnego rodzaju dyskach zewn\u0119trznych.<\/p>\n<p><strong><a href=\"https:\/\/makanet24.pl\/wp-content\/uploads\/2021\/04\/Broszura-WinMagic-SecureDoc-Enterprise.pdf\">Broszura WinMagic SecureDoc Enterprise<\/a><\/strong><\/p>\n<p><strong><a href=\"https:\/\/makanet24.pl\/wp-content\/uploads\/2021\/04\/Broszura-WinMagic-SecureDoc-Essentials.pdf\">Broszura WinMagic SecureDoc Essentials<\/a><\/strong><\/p>\n","protected":false},"featured_media":2062,"comment_status":"open","ping_status":"closed","template":"","meta":[],"yoast_head":"<!-- This site is optimized with the Yoast SEO plugin v16.2 - https:\/\/yoast.com\/wordpress\/plugins\/seo\/ -->\n<title>WinMagic - Efektywne szyfrowanie danych - Makanet24<\/title>\n<meta name=\"robots\" content=\"index, follow, max-snippet:-1, max-image-preview:large, max-video-preview:-1\" \/>\n<link rel=\"canonical\" href=\"https:\/\/makanet24.pl\/index.php\/produkt\/winmagic-efektywne-szyfrowanie-danych\/\" \/>\n<meta property=\"og:locale\" content=\"pl_PL\" \/>\n<meta property=\"og:type\" content=\"article\" \/>\n<meta property=\"og:title\" content=\"WinMagic - Efektywne szyfrowanie danych - Makanet24\" \/>\n<meta property=\"og:description\" content=\"Idea powstania rozwi\u0105za\u0144 WinMagic zak\u0142ada\u0142a stworzenie\u00a0narz\u0119dzia, odpowiednio zabezpieczaj\u0105cego wra\u017cliwe dane, kt\u00f3re w\u2004ogromnych ilo\u015bciach nieustannie s\u0105 gromadzone na komputerach oraz na r\u00f3\u017cnego rodzaju dyskach zewn\u0119trznych.  Broszura WinMagic SecureDoc Enterprise  Broszura WinMagic SecureDoc Essentials\" \/>\n<meta property=\"og:url\" content=\"https:\/\/makanet24.pl\/index.php\/produkt\/winmagic-efektywne-szyfrowanie-danych\/\" \/>\n<meta property=\"og:site_name\" content=\"Makanet24\" \/>\n<meta property=\"article:modified_time\" content=\"2021-05-13T10:18:23+00:00\" \/>\n<meta property=\"og:image\" content=\"https:\/\/makanet24.pl\/wp-content\/uploads\/2021\/05\/SecureDoc-product.png\" \/>\n\t<meta property=\"og:image:width\" content=\"375\" \/>\n\t<meta property=\"og:image:height\" content=\"375\" \/>\n<meta name=\"twitter:card\" content=\"summary_large_image\" \/>\n<meta name=\"twitter:label1\" content=\"Szacowany czas czytania\">\n\t<meta name=\"twitter:data1\" content=\"2 minuty\">\n<script type=\"application\/ld+json\" class=\"yoast-schema-graph\">{\"@context\":\"https:\/\/schema.org\",\"@graph\":[{\"@type\":\"WebSite\",\"@id\":\"https:\/\/makanet24.pl\/#website\",\"url\":\"https:\/\/makanet24.pl\/\",\"name\":\"Makanet24\",\"description\":\"Sklep internetowy z produktami IT\",\"potentialAction\":[{\"@type\":\"SearchAction\",\"target\":\"https:\/\/makanet24.pl\/?s={search_term_string}\",\"query-input\":\"required name=search_term_string\"}],\"inLanguage\":\"pl-PL\"},{\"@type\":\"ImageObject\",\"@id\":\"https:\/\/makanet24.pl\/index.php\/produkt\/winmagic-efektywne-szyfrowanie-danych\/#primaryimage\",\"inLanguage\":\"pl-PL\",\"url\":\"https:\/\/makanet24.pl\/wp-content\/uploads\/2021\/05\/SecureDoc-product.png\",\"contentUrl\":\"https:\/\/makanet24.pl\/wp-content\/uploads\/2021\/05\/SecureDoc-product.png\",\"width\":375,\"height\":375},{\"@type\":\"WebPage\",\"@id\":\"https:\/\/makanet24.pl\/index.php\/produkt\/winmagic-efektywne-szyfrowanie-danych\/#webpage\",\"url\":\"https:\/\/makanet24.pl\/index.php\/produkt\/winmagic-efektywne-szyfrowanie-danych\/\",\"name\":\"WinMagic - Efektywne szyfrowanie danych - Makanet24\",\"isPartOf\":{\"@id\":\"https:\/\/makanet24.pl\/#website\"},\"primaryImageOfPage\":{\"@id\":\"https:\/\/makanet24.pl\/index.php\/produkt\/winmagic-efektywne-szyfrowanie-danych\/#primaryimage\"},\"datePublished\":\"2021-04-30T12:35:15+00:00\",\"dateModified\":\"2021-05-13T10:18:23+00:00\",\"breadcrumb\":{\"@id\":\"https:\/\/makanet24.pl\/index.php\/produkt\/winmagic-efektywne-szyfrowanie-danych\/#breadcrumb\"},\"inLanguage\":\"pl-PL\",\"potentialAction\":[{\"@type\":\"ReadAction\",\"target\":[\"https:\/\/makanet24.pl\/index.php\/produkt\/winmagic-efektywne-szyfrowanie-danych\/\"]}]},{\"@type\":\"BreadcrumbList\",\"@id\":\"https:\/\/makanet24.pl\/index.php\/produkt\/winmagic-efektywne-szyfrowanie-danych\/#breadcrumb\",\"itemListElement\":[{\"@type\":\"ListItem\",\"position\":1,\"item\":{\"@type\":\"WebPage\",\"@id\":\"https:\/\/makanet24.pl\/\",\"url\":\"https:\/\/makanet24.pl\/\",\"name\":\"Strona g\\u0142\\u00f3wna\"}},{\"@type\":\"ListItem\",\"position\":2,\"item\":{\"@type\":\"WebPage\",\"@id\":\"https:\/\/makanet24.pl\/index.php\/sklep\/\",\"url\":\"https:\/\/makanet24.pl\/index.php\/sklep\/\",\"name\":\"Sklep\"}},{\"@type\":\"ListItem\",\"position\":3,\"item\":{\"@id\":\"https:\/\/makanet24.pl\/index.php\/produkt\/winmagic-efektywne-szyfrowanie-danych\/#webpage\"}}]}]}<\/script>\n<!-- \/ Yoast SEO plugin. -->","_links":{"self":[{"href":"https:\/\/makanet24.pl\/index.php\/wp-json\/wp\/v2\/product\/1935"}],"collection":[{"href":"https:\/\/makanet24.pl\/index.php\/wp-json\/wp\/v2\/product"}],"about":[{"href":"https:\/\/makanet24.pl\/index.php\/wp-json\/wp\/v2\/types\/product"}],"replies":[{"embeddable":true,"href":"https:\/\/makanet24.pl\/index.php\/wp-json\/wp\/v2\/comments?post=1935"}],"wp:featuredmedia":[{"embeddable":true,"href":"https:\/\/makanet24.pl\/index.php\/wp-json\/wp\/v2\/media\/2062"}],"wp:attachment":[{"href":"https:\/\/makanet24.pl\/index.php\/wp-json\/wp\/v2\/media?parent=1935"}],"curies":[{"name":"wp","href":"https:\/\/api.w.org\/{rel}","templated":true}]}}