{"id":1920,"date":"2021-04-28T12:10:29","date_gmt":"2021-04-28T10:10:29","guid":{"rendered":"https:\/\/makanet24.pl\/?post_type=product&#038;p=1920"},"modified":"2024-07-02T00:19:37","modified_gmt":"2024-07-01T22:19:37","slug":"fortinet-fortimail","status":"publish","type":"product","link":"https:\/\/makanet24.pl\/index.php\/produkt\/fortinet-fortimail\/","title":{"rendered":"FortiMail &#8211; ochrona poczty"},"content":{"rendered":"<h3>Zaawansowana, wielowarstwowa ochrona przed pe\u0142nym spektrum zagro\u017ce\u0144 zwi\u0105zanych z poczt\u0105 e-mail.<\/h3>\n<p>&nbsp;<\/p>\n<p>Poczta e-mail jest kluczowym narz\u0119dziem codziennej komunikacji biznesowej i produktywno\u015bci. Jest to r\u00f3wnie\u017c popularny wektor ataku w\u015br\u00f3d podmiot\u00f3w zagro\u017ce\u0144, kt\u00f3rzy pr\u00f3buj\u0105 wykra\u015b\u0107 dane uwierzytelniaj\u0105ce, uzyska\u0107 poufne dane lub przechowywa\u0107 je dla okupu lub kra\u015b\u0107 fundusze, uzyskuj\u0105c dost\u0119p do informacji bankowych.\u00a0Dzi\u0119ki najlepszej w swojej klasie wydajno\u015bci potwierdzonej przez niezale\u017cne firmy testowe, FortiMail zapewnia zaawansowan\u0105 wielowarstwow\u0105 ochron\u0119 przed pe\u0142nym spektrum zagro\u017ce\u0144 zwi\u0105zanych z poczt\u0105 e-mail.<\/p>\n<p><a href=\"https:\/\/makanet24.pl\/wp-content\/uploads\/2021\/04\/diagram-advanced-multi-layer.jpg\"><img loading=\"lazy\" class=\"alignnone size-medium wp-image-1990\" src=\"https:\/\/makanet24.pl\/wp-content\/uploads\/2021\/04\/diagram-advanced-multi-layer-medium.jpg\" alt=\"\" width=\"300\" height=\"196\" srcset=\"https:\/\/makanet24.pl\/wp-content\/uploads\/2021\/04\/diagram-advanced-multi-layer-medium.jpg 300w, https:\/\/makanet24.pl\/wp-content\/uploads\/2021\/04\/diagram-advanced-multi-layer-768x502.jpg 768w, https:\/\/makanet24.pl\/wp-content\/uploads\/2021\/04\/diagram-advanced-multi-layer-840x549.jpg 840w, https:\/\/makanet24.pl\/wp-content\/uploads\/2021\/04\/diagram-advanced-multi-layer.jpg 1000w\" sizes=\"(max-width: 300px) 100vw, 300px\" \/><\/a><\/p>\n<h3>Zaawansowane zabezpieczenia wielowarstwowe<\/h3>\n<p>FortiMail \u0142\u0105czy zaawansowane mo\u017cliwo\u015bci, aby rozwi\u0105za\u0107 pe\u0142ne spektrum zagro\u017ce\u0144 zwi\u0105zanych z poczt\u0105 e-mail, z kt\u00f3rymi borykaj\u0105 si\u0119 obecnie organizacje. Chroni przed: Znane zagro\u017cenia, Podejrzenie gr\u00f3\u017ab, Nieznane\/zero-day zagro\u017cenia, Pr\u00f3by podszywania si\u0119 pod inne osoby, Kompromis z e-mailem biznesowym (BEC)<\/p>\n","protected":false},"excerpt":{"rendered":"<p>Je\u015bli potrzebujesz kompleksowej oraz sprawdzonej ochrony poczty, FortiMail spe\u0142ni Twoje oczekiwania. Producent oferuje elastyczne opcje wdro\u017cenia oraz szkolenia. Tryby pracy dla chmurowych, lokalnych oraz hybrydowych \u015brodowisk w tym rozwi\u0105za\u0144 zarz\u0105dzanych.<\/p>\n<p><strong><a href=\"https:\/\/makanet24.pl\/wp-content\/uploads\/2021\/04\/FortiMail.pdf\">FortiMail<\/a><\/strong><\/p>\n","protected":false},"featured_media":1922,"comment_status":"open","ping_status":"closed","template":"","meta":[],"yoast_head":"<!-- This site is optimized with the Yoast SEO plugin v16.2 - https:\/\/yoast.com\/wordpress\/plugins\/seo\/ -->\n<title>FortiMail - ochrona poczty - Makanet24<\/title>\n<meta name=\"robots\" content=\"index, follow, max-snippet:-1, max-image-preview:large, max-video-preview:-1\" \/>\n<link rel=\"canonical\" href=\"https:\/\/makanet24.pl\/index.php\/produkt\/fortinet-fortimail\/\" \/>\n<meta property=\"og:locale\" content=\"pl_PL\" \/>\n<meta property=\"og:type\" content=\"article\" \/>\n<meta property=\"og:title\" content=\"FortiMail - ochrona poczty - Makanet24\" \/>\n<meta property=\"og:description\" content=\"Je\u015bli potrzebujesz kompleksowej oraz sprawdzonej ochrony poczty, FortiMail spe\u0142ni Twoje oczekiwania. Producent oferuje elastyczne opcje wdro\u017cenia oraz szkolenia. Tryby pracy dla chmurowych, lokalnych oraz hybrydowych \u015brodowisk w tym rozwi\u0105za\u0144 zarz\u0105dzanych.  FortiMail\" \/>\n<meta property=\"og:url\" content=\"https:\/\/makanet24.pl\/index.php\/produkt\/fortinet-fortimail\/\" \/>\n<meta property=\"og:site_name\" content=\"Makanet24\" \/>\n<meta property=\"article:modified_time\" content=\"2024-07-01T22:19:37+00:00\" \/>\n<meta property=\"og:image\" content=\"https:\/\/makanet24.pl\/wp-content\/uploads\/2021\/04\/fortimail-200e.png\" \/>\n\t<meta property=\"og:image:width\" content=\"375\" \/>\n\t<meta property=\"og:image:height\" content=\"375\" \/>\n<meta name=\"twitter:card\" content=\"summary_large_image\" \/>\n<meta name=\"twitter:label1\" content=\"Szacowany czas czytania\">\n\t<meta name=\"twitter:data1\" content=\"1 minuta\">\n<script type=\"application\/ld+json\" class=\"yoast-schema-graph\">{\"@context\":\"https:\/\/schema.org\",\"@graph\":[{\"@type\":\"WebSite\",\"@id\":\"https:\/\/makanet24.pl\/#website\",\"url\":\"https:\/\/makanet24.pl\/\",\"name\":\"Makanet24\",\"description\":\"Sklep internetowy z produktami IT\",\"potentialAction\":[{\"@type\":\"SearchAction\",\"target\":\"https:\/\/makanet24.pl\/?s={search_term_string}\",\"query-input\":\"required name=search_term_string\"}],\"inLanguage\":\"pl-PL\"},{\"@type\":\"ImageObject\",\"@id\":\"https:\/\/makanet24.pl\/index.php\/produkt\/fortinet-fortimail\/#primaryimage\",\"inLanguage\":\"pl-PL\",\"url\":\"https:\/\/makanet24.pl\/wp-content\/uploads\/2021\/04\/fortimail-200e.png\",\"contentUrl\":\"https:\/\/makanet24.pl\/wp-content\/uploads\/2021\/04\/fortimail-200e.png\",\"width\":375,\"height\":375},{\"@type\":\"WebPage\",\"@id\":\"https:\/\/makanet24.pl\/index.php\/produkt\/fortinet-fortimail\/#webpage\",\"url\":\"https:\/\/makanet24.pl\/index.php\/produkt\/fortinet-fortimail\/\",\"name\":\"FortiMail - ochrona poczty - Makanet24\",\"isPartOf\":{\"@id\":\"https:\/\/makanet24.pl\/#website\"},\"primaryImageOfPage\":{\"@id\":\"https:\/\/makanet24.pl\/index.php\/produkt\/fortinet-fortimail\/#primaryimage\"},\"datePublished\":\"2021-04-28T10:10:29+00:00\",\"dateModified\":\"2024-07-01T22:19:37+00:00\",\"breadcrumb\":{\"@id\":\"https:\/\/makanet24.pl\/index.php\/produkt\/fortinet-fortimail\/#breadcrumb\"},\"inLanguage\":\"pl-PL\",\"potentialAction\":[{\"@type\":\"ReadAction\",\"target\":[\"https:\/\/makanet24.pl\/index.php\/produkt\/fortinet-fortimail\/\"]}]},{\"@type\":\"BreadcrumbList\",\"@id\":\"https:\/\/makanet24.pl\/index.php\/produkt\/fortinet-fortimail\/#breadcrumb\",\"itemListElement\":[{\"@type\":\"ListItem\",\"position\":1,\"item\":{\"@type\":\"WebPage\",\"@id\":\"https:\/\/makanet24.pl\/\",\"url\":\"https:\/\/makanet24.pl\/\",\"name\":\"Strona g\\u0142\\u00f3wna\"}},{\"@type\":\"ListItem\",\"position\":2,\"item\":{\"@type\":\"WebPage\",\"@id\":\"https:\/\/makanet24.pl\/index.php\/sklep\/\",\"url\":\"https:\/\/makanet24.pl\/index.php\/sklep\/\",\"name\":\"Sklep\"}},{\"@type\":\"ListItem\",\"position\":3,\"item\":{\"@id\":\"https:\/\/makanet24.pl\/index.php\/produkt\/fortinet-fortimail\/#webpage\"}}]}]}<\/script>\n<!-- \/ Yoast SEO plugin. -->","_links":{"self":[{"href":"https:\/\/makanet24.pl\/index.php\/wp-json\/wp\/v2\/product\/1920"}],"collection":[{"href":"https:\/\/makanet24.pl\/index.php\/wp-json\/wp\/v2\/product"}],"about":[{"href":"https:\/\/makanet24.pl\/index.php\/wp-json\/wp\/v2\/types\/product"}],"replies":[{"embeddable":true,"href":"https:\/\/makanet24.pl\/index.php\/wp-json\/wp\/v2\/comments?post=1920"}],"wp:featuredmedia":[{"embeddable":true,"href":"https:\/\/makanet24.pl\/index.php\/wp-json\/wp\/v2\/media\/1922"}],"wp:attachment":[{"href":"https:\/\/makanet24.pl\/index.php\/wp-json\/wp\/v2\/media?parent=1920"}],"curies":[{"name":"wp","href":"https:\/\/api.w.org\/{rel}","templated":true}]}}