{"id":1914,"date":"2021-04-27T14:57:19","date_gmt":"2021-04-27T12:57:19","guid":{"rendered":"https:\/\/makanet24.pl\/?post_type=product&#038;p=1914"},"modified":"2021-05-18T09:27:47","modified_gmt":"2021-05-18T07:27:47","slug":"blackberry-protect","status":"publish","type":"product","link":"https:\/\/makanet24.pl\/index.php\/produkt\/blackberry-protect\/","title":{"rendered":"Nowa Generacja ochrony antywirusowej &#8211; BlackBerry Protect"},"content":{"rendered":"<p>BlackBerry zdefiniowa\u0142o na nowo ochron\u0119 endpoint\u00f3w poprzez wykorzystanie zautomatyzowanego procesu, kt\u00f3rego zadaniem jest zapobieganie infekcjom. Uniemo\u017cliwienie wykonania szkodliwego kodu przez APT i malware jest znacznie<br \/>\nbardziej efektywne dla ochrony organizacji. BlackBerry Protect zapobiega incydentom i zapewnia dodatkowe mechanizmy kontroli bezpiecze\u0144stwa, kt\u00f3re chroni\u0105 przed atakami przy wykorzystaniu szkodliwych skrypt\u00f3w, zagro\u017ceniami bezplikowymi wykorzystuj\u0105cymi pami\u0119\u0107 operacyjn\u0105 komputera oraz wprowadzaj\u0105 mo\u017cliwo\u015b\u0107 kontroli pod\u0142\u0105czanych urz\u0105dze\u0144 chroni\u0105c organizacj\u0119 przed nieautoryzowanym ich u\u017cyciem. BlackBerry Protect robi to bez udzia\u0142u u\u017cytkownika czy administratora, bez konieczno\u015bci korzystania z chmury, sygnatur, heurystyki czy sandbox\u2019a.<\/p>\n<p>Przyk\u0142ady zastosowania BlackBerry Protect<br \/>\nBlackBerry Protect zapewnia ochron\u0119 przed ca\u0142ym spektrum zagro\u017ce\u0144 i zapobiega incydentom poprzez swoje dzia\u0142ania takie jak:<br \/>\n\u2022 Identyfkacja i blokowanie szkodliwych plik\u00f3w wykonywalnych bez konieczno\u015bci<br \/>\nci\u0105g\u0142ych aktualizacji i po\u0142\u0105czenia z chmur\u0105<br \/>\n\u2022 Identyfikuje podatno\u015bci bezpiecze\u0144stwa i potencjalnie szkodliw\u0105 aktywno\u015b\u0107 poprzez<br \/>\nmonitorowanie aktualizacji systemu, jego parametr\u00f3w, konfiguracji urz\u0105dzenia i bibliotek<br \/>\nsystemowych<br \/>\n\u2022 Kontroluje to, gdzie i jak mog\u0105 by\u0107 wykorzystywane skrypty<br \/>\n\u2022 Zarz\u0105dza wykorzystaniem urz\u0105dze\u0144 pod\u0142\u0105czanych do hosta<br \/>\n\u2022 Blokuje ataki bezplikowe<br \/>\n\u2022 Mo\u017cliwo\u015b\u0107 binarnego zamkni\u0119cia systemu przydatna dla urz\u0105dze\u0144 typu \u201ekiosk\u201d, terminali<br \/>\np\u0142atniczych itp.<br \/>\n\u2022 Zapobiega zagro\u017ceniom typu zero-day i ransomware<br \/>\n\u2022 Blokuje ataki na pami\u0119\u0107 operacyjn\u0105 urz\u0105dzenia<br \/>\n\u2022 Wykorzystuje sandboxing aplikacji i analiz\u0119 kodu, oraz testowanie bezpiecze\u0144stwa aplikacji w celu<br \/>\nnamierzenia malware i grayware<br \/>\n\u2022 Identyfkuje ka\u017cdy malware, kt\u00f3ry mo\u017ce pojawi\u0107 si\u0119 za po\u015brednictwem pobocznych<br \/>\naplikacji, unikalnego z\u0142o\u015bliwego oprogramowania opartego na sygnaturach lub symulacji<br \/>\n\u2022 Ochrona dla endpoint\u00f3w, gdy u\u017cytkownik pracuje online i offline<\/p>\n","protected":false},"excerpt":{"rendered":"<p>Nowa generacja ochrony antywirusowej ze sztuczn\u0105 inteligencj\u0105 AL &#8211; BackBerry.<\/p>\n<p>BlackBerry Protect to proaktywna ochrona przysz\u0142o\u015bci w Twojej sieci. Je\u015bli jeszcze nie pozna\u0142e\u015b mo\u017cliwo\u015bci tego rozwi\u0105zania, zapisz si\u0119 na webinarium online i przetestuj rozwi\u0105zanie w swojej sieci.<\/p>\n<p>Zapisz si\u0119 na bezp\u0142atne <a href=\"https:\/\/www.vida.pl\/spotkanie-z-blackberry\/?utm_source=makanet\"><strong>webinarium<\/strong><\/a> i dowiedz si\u0119 wi\u0119cej o rozwi\u0105zaniach <a href=\"https:\/\/www.vida.pl\/spotkanie-z-blackberry\/?utm_source=makanet\"><strong>BlackBerry<\/strong><\/a>.<\/p>\n<p>&nbsp;<\/p>\n","protected":false},"featured_media":2046,"comment_status":"open","ping_status":"closed","template":"","meta":[],"yoast_head":"<!-- This site is optimized with the Yoast SEO plugin v16.2 - https:\/\/yoast.com\/wordpress\/plugins\/seo\/ -->\n<title>Nowa Generacja ochrony antywirusowej - BlackBerry Protect - Makanet24<\/title>\n<meta name=\"robots\" content=\"index, follow, max-snippet:-1, max-image-preview:large, max-video-preview:-1\" \/>\n<link rel=\"canonical\" href=\"https:\/\/makanet24.pl\/index.php\/produkt\/blackberry-protect\/\" \/>\n<meta property=\"og:locale\" content=\"pl_PL\" \/>\n<meta property=\"og:type\" content=\"article\" \/>\n<meta property=\"og:title\" content=\"Nowa Generacja ochrony antywirusowej - BlackBerry Protect - Makanet24\" \/>\n<meta property=\"og:description\" content=\"Nowa generacja ochrony antywirusowej ze sztuczn\u0105 inteligencj\u0105 AL - BackBerry.  BlackBerry Protect to proaktywna ochrona przysz\u0142o\u015bci w Twojej sieci. Je\u015bli jeszcze nie pozna\u0142e\u015b mo\u017cliwo\u015bci tego rozwi\u0105zania, zapisz si\u0119 na webinarium online i przetestuj rozwi\u0105zanie w swojej sieci.  Zapisz si\u0119 na bezp\u0142atne webinarium i dowiedz si\u0119 wi\u0119cej o rozwi\u0105zaniach BlackBerry.  &nbsp;\" \/>\n<meta property=\"og:url\" content=\"https:\/\/makanet24.pl\/index.php\/produkt\/blackberry-protect\/\" \/>\n<meta property=\"og:site_name\" content=\"Makanet24\" \/>\n<meta property=\"article:modified_time\" content=\"2021-05-18T07:27:47+00:00\" \/>\n<meta property=\"og:image\" content=\"https:\/\/makanet24.pl\/wp-content\/uploads\/2021\/04\/BB-AI-product.png\" \/>\n\t<meta property=\"og:image:width\" content=\"375\" \/>\n\t<meta property=\"og:image:height\" content=\"375\" \/>\n<meta name=\"twitter:card\" content=\"summary_large_image\" \/>\n<meta name=\"twitter:label1\" content=\"Szacowany czas czytania\">\n\t<meta name=\"twitter:data1\" content=\"1 minuta\">\n<script type=\"application\/ld+json\" class=\"yoast-schema-graph\">{\"@context\":\"https:\/\/schema.org\",\"@graph\":[{\"@type\":\"WebSite\",\"@id\":\"https:\/\/makanet24.pl\/#website\",\"url\":\"https:\/\/makanet24.pl\/\",\"name\":\"Makanet24\",\"description\":\"Sklep internetowy z produktami IT\",\"potentialAction\":[{\"@type\":\"SearchAction\",\"target\":\"https:\/\/makanet24.pl\/?s={search_term_string}\",\"query-input\":\"required name=search_term_string\"}],\"inLanguage\":\"pl-PL\"},{\"@type\":\"ImageObject\",\"@id\":\"https:\/\/makanet24.pl\/index.php\/produkt\/blackberry-protect\/#primaryimage\",\"inLanguage\":\"pl-PL\",\"url\":\"https:\/\/makanet24.pl\/wp-content\/uploads\/2021\/04\/BB-AI-product.png\",\"contentUrl\":\"https:\/\/makanet24.pl\/wp-content\/uploads\/2021\/04\/BB-AI-product.png\",\"width\":375,\"height\":375},{\"@type\":\"WebPage\",\"@id\":\"https:\/\/makanet24.pl\/index.php\/produkt\/blackberry-protect\/#webpage\",\"url\":\"https:\/\/makanet24.pl\/index.php\/produkt\/blackberry-protect\/\",\"name\":\"Nowa Generacja ochrony antywirusowej - BlackBerry Protect - Makanet24\",\"isPartOf\":{\"@id\":\"https:\/\/makanet24.pl\/#website\"},\"primaryImageOfPage\":{\"@id\":\"https:\/\/makanet24.pl\/index.php\/produkt\/blackberry-protect\/#primaryimage\"},\"datePublished\":\"2021-04-27T12:57:19+00:00\",\"dateModified\":\"2021-05-18T07:27:47+00:00\",\"breadcrumb\":{\"@id\":\"https:\/\/makanet24.pl\/index.php\/produkt\/blackberry-protect\/#breadcrumb\"},\"inLanguage\":\"pl-PL\",\"potentialAction\":[{\"@type\":\"ReadAction\",\"target\":[\"https:\/\/makanet24.pl\/index.php\/produkt\/blackberry-protect\/\"]}]},{\"@type\":\"BreadcrumbList\",\"@id\":\"https:\/\/makanet24.pl\/index.php\/produkt\/blackberry-protect\/#breadcrumb\",\"itemListElement\":[{\"@type\":\"ListItem\",\"position\":1,\"item\":{\"@type\":\"WebPage\",\"@id\":\"https:\/\/makanet24.pl\/\",\"url\":\"https:\/\/makanet24.pl\/\",\"name\":\"Strona g\\u0142\\u00f3wna\"}},{\"@type\":\"ListItem\",\"position\":2,\"item\":{\"@type\":\"WebPage\",\"@id\":\"https:\/\/makanet24.pl\/index.php\/sklep\/\",\"url\":\"https:\/\/makanet24.pl\/index.php\/sklep\/\",\"name\":\"Sklep\"}},{\"@type\":\"ListItem\",\"position\":3,\"item\":{\"@id\":\"https:\/\/makanet24.pl\/index.php\/produkt\/blackberry-protect\/#webpage\"}}]}]}<\/script>\n<!-- \/ Yoast SEO plugin. -->","_links":{"self":[{"href":"https:\/\/makanet24.pl\/index.php\/wp-json\/wp\/v2\/product\/1914"}],"collection":[{"href":"https:\/\/makanet24.pl\/index.php\/wp-json\/wp\/v2\/product"}],"about":[{"href":"https:\/\/makanet24.pl\/index.php\/wp-json\/wp\/v2\/types\/product"}],"replies":[{"embeddable":true,"href":"https:\/\/makanet24.pl\/index.php\/wp-json\/wp\/v2\/comments?post=1914"}],"wp:featuredmedia":[{"embeddable":true,"href":"https:\/\/makanet24.pl\/index.php\/wp-json\/wp\/v2\/media\/2046"}],"wp:attachment":[{"href":"https:\/\/makanet24.pl\/index.php\/wp-json\/wp\/v2\/media?parent=1914"}],"curies":[{"name":"wp","href":"https:\/\/api.w.org\/{rel}","templated":true}]}}