{"id":1887,"date":"2021-03-26T23:54:00","date_gmt":"2021-03-26T22:54:00","guid":{"rendered":"https:\/\/makanet24.pl\/?post_type=product&#038;p=1887"},"modified":"2021-05-04T10:49:55","modified_gmt":"2021-05-04T08:49:55","slug":"fortinet-fg400e","status":"publish","type":"product","link":"https:\/\/makanet24.pl\/index.php\/produkt\/fortinet-fg400e\/","title":{"rendered":"Fortinet FG400E"},"content":{"rendered":"<p>Fortinet dostarcza wysokowydajne rozwi\u0105zania zabezpiecze\u0144 sieciowych, kt\u00f3re chroni\u0105 sie\u0107, u\u017cytkownik\u00f3w i dane przed stale zmieniaj\u0105cymi si\u0119 zagro\u017ceniami. Nasza szeroka oferta najwy\u017cej ocenianych rozwi\u0105za\u0144 i scentralizowanego zarz\u0105dzania umo\u017cliwia konsolidacj\u0119 zabezpiecze\u0144 i zapewnia uproszczon\u0105, kompleksow\u0105 infrastruktur\u0119 zabezpiecze\u0144.<\/p>\n<div class=\"factors-white\">Dost\u0119pne w:<\/div>\n<ul>\n<li class=\"factor-appliance\">\n<div>Urz\u0105dzenia<\/div>\n<\/li>\n<li class=\"factor-vm\">\n<div>Maszyna wirtualna<\/div>\n<\/li>\n<li class=\"factor-cloud\">\n<div>Chmura<\/div>\n<\/li>\n<\/ul>\n<div class=\"models--specs--title\"><a href=\"https:\/\/www.fortinet.com\/content\/dam\/fortinet\/assets\/data-sheets\/FortiGate_400E.pdf\" target=\"_blank\" rel=\"noopener\">FortiGate 400E<\/a><\/div>\n<div class=\"models--specs--content\">\n<table>\n<tbody>\n<tr>\n<td width=\"40%\">\n<div class=\"thruput\">Przepustowo\u015b\u0107<\/div>\n<\/td>\n<td width=\"60%\">\n<div class=\"vertical--separator\">6 Gb\/s<\/div>\n<\/td>\n<\/tr>\n<tr>\n<td width=\"40%\">\n<div class=\"thruput\">Porty<\/div>\n<\/td>\n<td width=\"60%\">\n<div class=\"vertical--separator\">16x 1GE RJ45, 16x 1GE SFP<\/div>\n<\/td>\n<\/tr>\n<tr>\n<td width=\"40%\">\n<div class=\"thruput\">Inspekcja SSL<\/div>\n<\/td>\n<td width=\"60%\">\n<div class=\"vertical--separator\">4,8 gb\/s<\/div>\n<\/td>\n<\/tr>\n<\/tbody>\n<\/table>\n<\/div>\n","protected":false},"excerpt":{"rendered":"<p>Fortinet dostarcza wysokowydajne rozwi\u0105zania zabezpiecze\u0144 sieciowych, kt\u00f3re chroni\u0105 sie\u0107, u\u017cytkownik\u00f3w i dane przed stale zmieniaj\u0105cymi si\u0119 zagro\u017ceniami.<\/p>\n<p><strong><a href=\"https:\/\/makanet24.pl\/wp-content\/uploads\/2021\/04\/FortiGate_400E.pdf\">FortiGate 400E &#8211; Ulotka produktu<\/a><\/strong><\/p>\n","protected":false},"featured_media":1901,"comment_status":"open","ping_status":"closed","template":"","meta":[],"yoast_head":"<!-- This site is optimized with the Yoast SEO plugin v16.2 - https:\/\/yoast.com\/wordpress\/plugins\/seo\/ -->\n<title>Fortinet FG400E - Makanet24<\/title>\n<meta name=\"robots\" content=\"index, follow, max-snippet:-1, max-image-preview:large, max-video-preview:-1\" \/>\n<link rel=\"canonical\" href=\"https:\/\/makanet24.pl\/index.php\/produkt\/fortinet-fg400e\/\" \/>\n<meta property=\"og:locale\" content=\"pl_PL\" \/>\n<meta property=\"og:type\" content=\"article\" \/>\n<meta property=\"og:title\" content=\"Fortinet FG400E - Makanet24\" \/>\n<meta property=\"og:description\" content=\"Fortinet dostarcza wysokowydajne rozwi\u0105zania zabezpiecze\u0144 sieciowych, kt\u00f3re chroni\u0105 sie\u0107, u\u017cytkownik\u00f3w i dane przed stale zmieniaj\u0105cymi si\u0119 zagro\u017ceniami.  FortiGate 400E - Ulotka produktu\" \/>\n<meta property=\"og:url\" content=\"https:\/\/makanet24.pl\/index.php\/produkt\/fortinet-fg400e\/\" \/>\n<meta property=\"og:site_name\" content=\"Makanet24\" \/>\n<meta property=\"article:modified_time\" content=\"2021-05-04T08:49:55+00:00\" \/>\n<meta property=\"og:image\" content=\"https:\/\/makanet24.pl\/wp-content\/uploads\/2021\/04\/Fortinet-FG400E-largev2.png\" \/>\n\t<meta property=\"og:image:width\" content=\"350\" \/>\n\t<meta property=\"og:image:height\" content=\"350\" \/>\n<meta name=\"twitter:card\" content=\"summary_large_image\" \/>\n<script type=\"application\/ld+json\" class=\"yoast-schema-graph\">{\"@context\":\"https:\/\/schema.org\",\"@graph\":[{\"@type\":\"WebSite\",\"@id\":\"https:\/\/makanet24.pl\/#website\",\"url\":\"https:\/\/makanet24.pl\/\",\"name\":\"Makanet24\",\"description\":\"Sklep internetowy z produktami IT\",\"potentialAction\":[{\"@type\":\"SearchAction\",\"target\":\"https:\/\/makanet24.pl\/?s={search_term_string}\",\"query-input\":\"required name=search_term_string\"}],\"inLanguage\":\"pl-PL\"},{\"@type\":\"ImageObject\",\"@id\":\"https:\/\/makanet24.pl\/index.php\/produkt\/fortinet-fg400e\/#primaryimage\",\"inLanguage\":\"pl-PL\",\"url\":\"https:\/\/makanet24.pl\/wp-content\/uploads\/2021\/04\/Fortinet-FG400E-largev2.png\",\"contentUrl\":\"https:\/\/makanet24.pl\/wp-content\/uploads\/2021\/04\/Fortinet-FG400E-largev2.png\",\"width\":350,\"height\":350},{\"@type\":\"WebPage\",\"@id\":\"https:\/\/makanet24.pl\/index.php\/produkt\/fortinet-fg400e\/#webpage\",\"url\":\"https:\/\/makanet24.pl\/index.php\/produkt\/fortinet-fg400e\/\",\"name\":\"Fortinet FG400E - Makanet24\",\"isPartOf\":{\"@id\":\"https:\/\/makanet24.pl\/#website\"},\"primaryImageOfPage\":{\"@id\":\"https:\/\/makanet24.pl\/index.php\/produkt\/fortinet-fg400e\/#primaryimage\"},\"datePublished\":\"2021-03-26T22:54:00+00:00\",\"dateModified\":\"2021-05-04T08:49:55+00:00\",\"breadcrumb\":{\"@id\":\"https:\/\/makanet24.pl\/index.php\/produkt\/fortinet-fg400e\/#breadcrumb\"},\"inLanguage\":\"pl-PL\",\"potentialAction\":[{\"@type\":\"ReadAction\",\"target\":[\"https:\/\/makanet24.pl\/index.php\/produkt\/fortinet-fg400e\/\"]}]},{\"@type\":\"BreadcrumbList\",\"@id\":\"https:\/\/makanet24.pl\/index.php\/produkt\/fortinet-fg400e\/#breadcrumb\",\"itemListElement\":[{\"@type\":\"ListItem\",\"position\":1,\"item\":{\"@type\":\"WebPage\",\"@id\":\"https:\/\/makanet24.pl\/\",\"url\":\"https:\/\/makanet24.pl\/\",\"name\":\"Strona g\\u0142\\u00f3wna\"}},{\"@type\":\"ListItem\",\"position\":2,\"item\":{\"@type\":\"WebPage\",\"@id\":\"https:\/\/makanet24.pl\/index.php\/sklep\/\",\"url\":\"https:\/\/makanet24.pl\/index.php\/sklep\/\",\"name\":\"Sklep\"}},{\"@type\":\"ListItem\",\"position\":3,\"item\":{\"@id\":\"https:\/\/makanet24.pl\/index.php\/produkt\/fortinet-fg400e\/#webpage\"}}]}]}<\/script>\n<!-- \/ Yoast SEO plugin. -->","_links":{"self":[{"href":"https:\/\/makanet24.pl\/index.php\/wp-json\/wp\/v2\/product\/1887"}],"collection":[{"href":"https:\/\/makanet24.pl\/index.php\/wp-json\/wp\/v2\/product"}],"about":[{"href":"https:\/\/makanet24.pl\/index.php\/wp-json\/wp\/v2\/types\/product"}],"replies":[{"embeddable":true,"href":"https:\/\/makanet24.pl\/index.php\/wp-json\/wp\/v2\/comments?post=1887"}],"wp:featuredmedia":[{"embeddable":true,"href":"https:\/\/makanet24.pl\/index.php\/wp-json\/wp\/v2\/media\/1901"}],"wp:attachment":[{"href":"https:\/\/makanet24.pl\/index.php\/wp-json\/wp\/v2\/media?parent=1887"}],"curies":[{"name":"wp","href":"https:\/\/api.w.org\/{rel}","templated":true}]}}