{"id":1885,"date":"2021-04-26T23:52:44","date_gmt":"2021-04-26T21:52:44","guid":{"rendered":"https:\/\/makanet24.pl\/?post_type=product&#038;p=1885"},"modified":"2024-03-26T00:29:23","modified_gmt":"2024-03-25T23:29:23","slug":"fortinet-fg201f","status":"publish","type":"product","link":"https:\/\/makanet24.pl\/index.php\/produkt\/fortinet-fg201f\/","title":{"rendered":"Fortinet FG201F"},"content":{"rendered":"<p>Fortinet FG201F<\/p>\n<table>\n<tbody>\n<tr>\n<td width=\"40%\">\n<div class=\"thruput\">Licencja na przepustowo\u015b\u0107 WAN<\/div>\n<\/td>\n<td width=\"60%\">\n<div class=\"vertical--separator\">Nieograniczony<\/div>\n<\/td>\n<\/tr>\n<tr>\n<td width=\"40%\">\n<div class=\"thruput\">Przepustowo\u015b\u0107 ochrony przed zagro\u017ceniami<\/div>\n<\/td>\n<td width=\"60%\">\n<div class=\"vertical--separator\">3 Gb\/s<\/div>\n<\/td>\n<\/tr>\n<tr>\n<td width=\"40%\">\n<div class=\"thruput\">Przepustowo\u015b\u0107 kontroli aplikacji<\/div>\n<\/td>\n<td width=\"60%\">\n<div class=\"vertical--separator\">13 Gb\/s<\/div>\n<\/td>\n<\/tr>\n<tr>\n<td width=\"40%\">\n<div class=\"thruput\">Przepustowo\u015b\u0107 sieci VPN w sieci WAN<\/div>\n<\/td>\n<td width=\"60%\">\n<div class=\"vertical--separator\">13 Gb\/s<\/div>\n<\/td>\n<\/tr>\n<tr>\n<td width=\"40%\">\n<div class=\"thruput\">Porty<\/div>\n<\/td>\n<td width=\"60%\">\n<div class=\"vertical--separator\">18x GE RJ45, 4x GE SFP, 4x 10GE SFP<\/div>\n<\/td>\n<\/tr>\n<\/tbody>\n<\/table>\n","protected":false},"excerpt":{"rendered":"<p>UTM nowej generacji. Niezawodne rozwi\u0105zanie do zabezpieczenia styku sieci.<\/p>\n<p>FortiGate 200F dla Twojej firmy.<\/p>\n<p><strong><a href=\"https:\/\/makanet24.pl\/wp-content\/uploads\/2021\/04\/fortigate-200f-ulotka.pdf\">fortigate-200f ulotka<\/a><\/strong><\/p>\n","protected":false},"featured_media":1900,"comment_status":"open","ping_status":"closed","template":"","meta":[],"yoast_head":"<!-- This site is optimized with the Yoast SEO plugin v16.2 - https:\/\/yoast.com\/wordpress\/plugins\/seo\/ -->\n<title>Fortinet FG201F - Makanet24<\/title>\n<meta name=\"robots\" content=\"index, follow, max-snippet:-1, max-image-preview:large, max-video-preview:-1\" \/>\n<link rel=\"canonical\" href=\"https:\/\/makanet24.pl\/index.php\/produkt\/fortinet-fg201f\/\" \/>\n<meta property=\"og:locale\" content=\"pl_PL\" \/>\n<meta property=\"og:type\" content=\"article\" \/>\n<meta property=\"og:title\" content=\"Fortinet FG201F - Makanet24\" \/>\n<meta property=\"og:description\" content=\"UTM nowej generacji. Niezawodne rozwi\u0105zanie do zabezpieczenia styku sieci.  FortiGate 200F dla Twojej firmy.  fortigate-200f ulotka\" \/>\n<meta property=\"og:url\" content=\"https:\/\/makanet24.pl\/index.php\/produkt\/fortinet-fg201f\/\" \/>\n<meta property=\"og:site_name\" content=\"Makanet24\" \/>\n<meta property=\"article:modified_time\" content=\"2024-03-25T23:29:23+00:00\" \/>\n<meta property=\"og:image\" content=\"https:\/\/makanet24.pl\/wp-content\/uploads\/2021\/04\/Fortinet-FG201F-largev2.png\" \/>\n\t<meta property=\"og:image:width\" content=\"640\" \/>\n\t<meta property=\"og:image:height\" content=\"640\" \/>\n<meta name=\"twitter:card\" content=\"summary_large_image\" \/>\n<script type=\"application\/ld+json\" class=\"yoast-schema-graph\">{\"@context\":\"https:\/\/schema.org\",\"@graph\":[{\"@type\":\"WebSite\",\"@id\":\"https:\/\/makanet24.pl\/#website\",\"url\":\"https:\/\/makanet24.pl\/\",\"name\":\"Makanet24\",\"description\":\"Sklep internetowy z produktami IT\",\"potentialAction\":[{\"@type\":\"SearchAction\",\"target\":\"https:\/\/makanet24.pl\/?s={search_term_string}\",\"query-input\":\"required name=search_term_string\"}],\"inLanguage\":\"pl-PL\"},{\"@type\":\"ImageObject\",\"@id\":\"https:\/\/makanet24.pl\/index.php\/produkt\/fortinet-fg201f\/#primaryimage\",\"inLanguage\":\"pl-PL\",\"url\":\"https:\/\/makanet24.pl\/wp-content\/uploads\/2021\/04\/Fortinet-FG201F-largev2.png\",\"contentUrl\":\"https:\/\/makanet24.pl\/wp-content\/uploads\/2021\/04\/Fortinet-FG201F-largev2.png\",\"width\":640,\"height\":640},{\"@type\":\"WebPage\",\"@id\":\"https:\/\/makanet24.pl\/index.php\/produkt\/fortinet-fg201f\/#webpage\",\"url\":\"https:\/\/makanet24.pl\/index.php\/produkt\/fortinet-fg201f\/\",\"name\":\"Fortinet FG201F - Makanet24\",\"isPartOf\":{\"@id\":\"https:\/\/makanet24.pl\/#website\"},\"primaryImageOfPage\":{\"@id\":\"https:\/\/makanet24.pl\/index.php\/produkt\/fortinet-fg201f\/#primaryimage\"},\"datePublished\":\"2021-04-26T21:52:44+00:00\",\"dateModified\":\"2024-03-25T23:29:23+00:00\",\"breadcrumb\":{\"@id\":\"https:\/\/makanet24.pl\/index.php\/produkt\/fortinet-fg201f\/#breadcrumb\"},\"inLanguage\":\"pl-PL\",\"potentialAction\":[{\"@type\":\"ReadAction\",\"target\":[\"https:\/\/makanet24.pl\/index.php\/produkt\/fortinet-fg201f\/\"]}]},{\"@type\":\"BreadcrumbList\",\"@id\":\"https:\/\/makanet24.pl\/index.php\/produkt\/fortinet-fg201f\/#breadcrumb\",\"itemListElement\":[{\"@type\":\"ListItem\",\"position\":1,\"item\":{\"@type\":\"WebPage\",\"@id\":\"https:\/\/makanet24.pl\/\",\"url\":\"https:\/\/makanet24.pl\/\",\"name\":\"Strona g\\u0142\\u00f3wna\"}},{\"@type\":\"ListItem\",\"position\":2,\"item\":{\"@type\":\"WebPage\",\"@id\":\"https:\/\/makanet24.pl\/index.php\/sklep\/\",\"url\":\"https:\/\/makanet24.pl\/index.php\/sklep\/\",\"name\":\"Sklep\"}},{\"@type\":\"ListItem\",\"position\":3,\"item\":{\"@id\":\"https:\/\/makanet24.pl\/index.php\/produkt\/fortinet-fg201f\/#webpage\"}}]}]}<\/script>\n<!-- \/ Yoast SEO plugin. -->","_links":{"self":[{"href":"https:\/\/makanet24.pl\/index.php\/wp-json\/wp\/v2\/product\/1885"}],"collection":[{"href":"https:\/\/makanet24.pl\/index.php\/wp-json\/wp\/v2\/product"}],"about":[{"href":"https:\/\/makanet24.pl\/index.php\/wp-json\/wp\/v2\/types\/product"}],"replies":[{"embeddable":true,"href":"https:\/\/makanet24.pl\/index.php\/wp-json\/wp\/v2\/comments?post=1885"}],"wp:featuredmedia":[{"embeddable":true,"href":"https:\/\/makanet24.pl\/index.php\/wp-json\/wp\/v2\/media\/1900"}],"wp:attachment":[{"href":"https:\/\/makanet24.pl\/index.php\/wp-json\/wp\/v2\/media?parent=1885"}],"curies":[{"name":"wp","href":"https:\/\/api.w.org\/{rel}","templated":true}]}}