{"id":1880,"date":"2021-04-26T23:49:07","date_gmt":"2021-04-26T21:49:07","guid":{"rendered":"https:\/\/makanet24.pl\/?post_type=product&#038;p=1880"},"modified":"2026-03-12T01:07:32","modified_gmt":"2026-03-12T00:07:32","slug":"fortinet-fwf40f","status":"publish","type":"product","link":"https:\/\/makanet24.pl\/index.php\/produkt\/fortinet-fwf40f\/","title":{"rendered":"Fortinet 40F Wi-Fi"},"content":{"rendered":"<p>Fortigate Fortinet FWF40F to zintegrowany system bezpiecze\u0144stwa dostarczaj\u0105cy funkcjonalno\u015bci: firewall, VPN, antywirus, IPS (ochrona przed atakami), filtrowanie tre\u015bci WWW, ochrona przed spamem, DLP (ochrona przed wyciekiem informacji poufnej), kontrola aplikacji, optymalizacja pasma, kontroler sieci bezprzewodowych, mocne uwierzytelnianie.<br \/>\nProdukty Fortigate-40E bazuj\u0105 na dedykowanych uk\u0142adach sprz\u0119towych przyspieszaj\u0105cych proces filtrowania tre\u015bci oraz obs\u0142ugi ruchu. Platforma mo\u017ce by\u0107 implementowana zar\u00f3wno w trybie routera z NAT\u2019em jak i w transparentnym realizuj\u0105c wszystkie wymienione powy\u017cej funkcje bezpiecze\u0144stwa.<br \/>\nZaimplementowane mechanizmy wirtualizacji umo\u017cliwiaj\u0105 realizacj\u0119 w ramach jednej platformy sprz\u0119towej kilku system\u00f3w logicznych, gdzie ka\u017cdy posiada niezale\u017cn\u0105 konfiguracj\u0119 do warstwy aplikacji w\u0142\u0105cznie. Integracja z domen\u0105 pozwala realizowa\u0107 proces uwierzytelniania oraz kontroli dost\u0119pu w spos\u00f3b przezroczysty dla u\u017cytkownik\u00f3w sieci.<\/p>\n<h4 class=\"models--specs--title\"><strong><a href=\"https:\/\/www.fortinet.com\/content\/dam\/fortinet\/assets\/data-sheets\/fortigate-fortiwifi-40f-series.pdf\" target=\"_blank\" rel=\"noopener\">FortiGate\/FortiWiFi 40F Ulotka<\/a><\/strong><\/h4>\n<div><\/div>\n<div><\/div>\n<div><\/div>\n<div class=\"models--specs--content\">\n<table>\n<tbody>\n<tr>\n<td width=\"40%\">\n<div class=\"thruput\">Licencja na przepustowo\u015b\u0107 WAN<\/div>\n<\/td>\n<td width=\"60%\">\n<div class=\"vertical--separator\">Nieograniczony<\/div>\n<\/td>\n<\/tr>\n<tr>\n<td width=\"40%\">\n<div class=\"thruput\">Przepustowo\u015b\u0107 ochrony przed zagro\u017ceniami<\/div>\n<\/td>\n<td width=\"60%\">\n<div class=\"vertical--separator\">600 Mb\/s<\/div>\n<\/td>\n<\/tr>\n<tr>\n<td width=\"40%\">\n<div class=\"thruput\">Przepustowo\u015b\u0107 kontroli aplikacji<\/div>\n<\/td>\n<td width=\"60%\">\n<div class=\"vertical--separator\">990 Mb\/s<\/div>\n<\/td>\n<\/tr>\n<tr>\n<td width=\"40%\">\n<div class=\"thruput\">Przepustowo\u015b\u0107 sieci VPN w sieci WAN<\/div>\n<\/td>\n<td width=\"60%\">\n<div class=\"vertical--separator\">4,4 gb\/s<\/div>\n<\/td>\n<\/tr>\n<tr>\n<td width=\"40%\">\n<div class=\"thruput\">Porty<\/div>\n<\/td>\n<td width=\"60%\">\n<div class=\"vertical--separator\">5x GE RJ45<\/div>\n<\/td>\n<\/tr>\n<\/tbody>\n<\/table>\n<\/div>\n","protected":false},"excerpt":{"rendered":"<div class=\"C15-Title\">\n<h4 class=\"u-headline-onlyTop \">UTM Fortinet 40F Wi-Fi zabezpieczenia zapory nowej generacji, dla ma\u0142ych i \u015brednich firm oraz rozproszonych przedsi\u0119biorstw.<\/h4>\n<h5><strong><a href=\"https:\/\/makanet24.pl\/wp-content\/uploads\/2021\/04\/fortiwifi-40f-ulotka.pdf\">fortiwifi-40f-ulotka<\/a><\/strong><\/h5>\n<\/div>\n<div class=\"C32-Text text parbase\">\n<p>&nbsp;<\/p>\n<\/div>\n","protected":false},"featured_media":1890,"comment_status":"open","ping_status":"closed","template":"","meta":[],"yoast_head":"<!-- This site is optimized with the Yoast SEO plugin v16.2 - https:\/\/yoast.com\/wordpress\/plugins\/seo\/ -->\n<title>Fortinet 40F Wi-Fi - Makanet24<\/title>\n<meta name=\"robots\" content=\"index, follow, max-snippet:-1, max-image-preview:large, max-video-preview:-1\" \/>\n<link rel=\"canonical\" href=\"https:\/\/makanet24.pl\/index.php\/produkt\/fortinet-fwf40f\/\" \/>\n<meta property=\"og:locale\" content=\"pl_PL\" \/>\n<meta property=\"og:type\" content=\"article\" \/>\n<meta property=\"og:title\" content=\"Fortinet 40F Wi-Fi - Makanet24\" \/>\n<meta property=\"og:description\" content=\"UTM Fortinet 40F Wi-Fi zabezpieczenia zapory nowej generacji, dla ma\u0142ych i \u015brednich firm oraz rozproszonych przedsi\u0119biorstw. fortiwifi-40f-ulotka    &nbsp;\" \/>\n<meta property=\"og:url\" content=\"https:\/\/makanet24.pl\/index.php\/produkt\/fortinet-fwf40f\/\" \/>\n<meta property=\"og:site_name\" content=\"Makanet24\" \/>\n<meta property=\"article:modified_time\" content=\"2026-03-12T00:07:32+00:00\" \/>\n<meta property=\"og:image\" content=\"https:\/\/makanet24.pl\/wp-content\/uploads\/2021\/04\/Fortinet-FWF40F.png\" \/>\n\t<meta property=\"og:image:width\" content=\"800\" \/>\n\t<meta property=\"og:image:height\" content=\"800\" \/>\n<meta name=\"twitter:card\" content=\"summary_large_image\" \/>\n<meta name=\"twitter:label1\" content=\"Szacowany czas czytania\">\n\t<meta name=\"twitter:data1\" content=\"1 minuta\">\n<script type=\"application\/ld+json\" class=\"yoast-schema-graph\">{\"@context\":\"https:\/\/schema.org\",\"@graph\":[{\"@type\":\"WebSite\",\"@id\":\"https:\/\/makanet24.pl\/#website\",\"url\":\"https:\/\/makanet24.pl\/\",\"name\":\"Makanet24\",\"description\":\"Sklep internetowy z produktami IT\",\"potentialAction\":[{\"@type\":\"SearchAction\",\"target\":\"https:\/\/makanet24.pl\/?s={search_term_string}\",\"query-input\":\"required name=search_term_string\"}],\"inLanguage\":\"pl-PL\"},{\"@type\":\"ImageObject\",\"@id\":\"https:\/\/makanet24.pl\/index.php\/produkt\/fortinet-fwf40f\/#primaryimage\",\"inLanguage\":\"pl-PL\",\"url\":\"https:\/\/makanet24.pl\/wp-content\/uploads\/2021\/04\/Fortinet-FWF40F.png\",\"contentUrl\":\"https:\/\/makanet24.pl\/wp-content\/uploads\/2021\/04\/Fortinet-FWF40F.png\",\"width\":800,\"height\":800},{\"@type\":\"WebPage\",\"@id\":\"https:\/\/makanet24.pl\/index.php\/produkt\/fortinet-fwf40f\/#webpage\",\"url\":\"https:\/\/makanet24.pl\/index.php\/produkt\/fortinet-fwf40f\/\",\"name\":\"Fortinet 40F Wi-Fi - Makanet24\",\"isPartOf\":{\"@id\":\"https:\/\/makanet24.pl\/#website\"},\"primaryImageOfPage\":{\"@id\":\"https:\/\/makanet24.pl\/index.php\/produkt\/fortinet-fwf40f\/#primaryimage\"},\"datePublished\":\"2021-04-26T21:49:07+00:00\",\"dateModified\":\"2026-03-12T00:07:32+00:00\",\"breadcrumb\":{\"@id\":\"https:\/\/makanet24.pl\/index.php\/produkt\/fortinet-fwf40f\/#breadcrumb\"},\"inLanguage\":\"pl-PL\",\"potentialAction\":[{\"@type\":\"ReadAction\",\"target\":[\"https:\/\/makanet24.pl\/index.php\/produkt\/fortinet-fwf40f\/\"]}]},{\"@type\":\"BreadcrumbList\",\"@id\":\"https:\/\/makanet24.pl\/index.php\/produkt\/fortinet-fwf40f\/#breadcrumb\",\"itemListElement\":[{\"@type\":\"ListItem\",\"position\":1,\"item\":{\"@type\":\"WebPage\",\"@id\":\"https:\/\/makanet24.pl\/\",\"url\":\"https:\/\/makanet24.pl\/\",\"name\":\"Strona g\\u0142\\u00f3wna\"}},{\"@type\":\"ListItem\",\"position\":2,\"item\":{\"@type\":\"WebPage\",\"@id\":\"https:\/\/makanet24.pl\/index.php\/sklep\/\",\"url\":\"https:\/\/makanet24.pl\/index.php\/sklep\/\",\"name\":\"Sklep\"}},{\"@type\":\"ListItem\",\"position\":3,\"item\":{\"@id\":\"https:\/\/makanet24.pl\/index.php\/produkt\/fortinet-fwf40f\/#webpage\"}}]}]}<\/script>\n<!-- \/ Yoast SEO plugin. -->","_links":{"self":[{"href":"https:\/\/makanet24.pl\/index.php\/wp-json\/wp\/v2\/product\/1880"}],"collection":[{"href":"https:\/\/makanet24.pl\/index.php\/wp-json\/wp\/v2\/product"}],"about":[{"href":"https:\/\/makanet24.pl\/index.php\/wp-json\/wp\/v2\/types\/product"}],"replies":[{"embeddable":true,"href":"https:\/\/makanet24.pl\/index.php\/wp-json\/wp\/v2\/comments?post=1880"}],"wp:featuredmedia":[{"embeddable":true,"href":"https:\/\/makanet24.pl\/index.php\/wp-json\/wp\/v2\/media\/1890"}],"wp:attachment":[{"href":"https:\/\/makanet24.pl\/index.php\/wp-json\/wp\/v2\/media?parent=1880"}],"curies":[{"name":"wp","href":"https:\/\/api.w.org\/{rel}","templated":true}]}}