{"id":1878,"date":"2021-04-26T23:46:50","date_gmt":"2021-04-26T21:46:50","guid":{"rendered":"https:\/\/makanet24.pl\/?post_type=product&#038;p=1878"},"modified":"2021-05-18T11:02:54","modified_gmt":"2021-05-18T09:02:54","slug":"fortinet-fwfg30e","status":"publish","type":"product","link":"https:\/\/makanet24.pl\/index.php\/produkt\/fortinet-fwfg30e\/","title":{"rendered":"FortiGate 30E WiFi"},"content":{"rendered":"<p>Fortigate Fortinet FWFG30E to zintegrowany system bezpiecze\u0144stwa dostarczaj\u0105cy funkcjonalno\u015bci: firewall, VPN, antywirus, IPS (ochrona przed atakami), filtrowanie tre\u015bci WWW, ochrona przed spamem, DLP (ochrona przed wyciekiem informacji poufnej), kontrola aplikacji, optymalizacja pasma, kontroler sieci bezprzewodowych, mocne uwierzytelnianie.<br \/>\nProdukty Fortigate-30E bazuj\u0105 na dedykowanych uk\u0142adach sprz\u0119towych przyspieszaj\u0105cych proces filtrowania tre\u015bci oraz obs\u0142ugi ruchu. Platforma mo\u017ce by\u0107 implementowana zar\u00f3wno w trybie routera z NAT\u2019em jak i w transparentnym realizuj\u0105c wszystkie wymienione powy\u017cej funkcje bezpiecze\u0144stwa.<br \/>\nZaimplementowane mechanizmy wirtualizacji umo\u017cliwiaj\u0105 realizacj\u0119 w ramach jednej platformy sprz\u0119towej kilku system\u00f3w logicznych, gdzie ka\u017cdy posiada niezale\u017cn\u0105 konfiguracj\u0119 do warstwy aplikacji w\u0142\u0105cznie. Integracja z domen\u0105 pozwala realizowa\u0107 proces uwierzytelniania oraz kontroli dost\u0119pu w spos\u00f3b przezroczysty dla u\u017cytkownik\u00f3w sieci.<\/p>\n","protected":false},"excerpt":{"rendered":"<h4 class=\"u-headline-onlyTop \">UTM Fortinet 30E WiFi zapora nowej generacji, dla ma\u0142ych i \u015brednich firm oraz rozproszonych przedsi\u0119biorstw.<\/h4>\n<h5><strong><a href=\"https:\/\/makanet24.pl\/wp-content\/uploads\/2021\/04\/FortiGate-30E-ulotka.pdf\">FortiGate 30E ulotka<\/a><\/strong><\/h5>\n","protected":false},"featured_media":1893,"comment_status":"open","ping_status":"closed","template":"","meta":[],"yoast_head":"<!-- This site is optimized with the Yoast SEO plugin v16.2 - https:\/\/yoast.com\/wordpress\/plugins\/seo\/ -->\n<title>FortiGate 30E WiFi - Makanet24<\/title>\n<meta name=\"robots\" content=\"index, follow, max-snippet:-1, max-image-preview:large, max-video-preview:-1\" \/>\n<link rel=\"canonical\" href=\"https:\/\/makanet24.pl\/index.php\/produkt\/fortinet-fwfg30e\/\" \/>\n<meta property=\"og:locale\" content=\"pl_PL\" \/>\n<meta property=\"og:type\" content=\"article\" \/>\n<meta property=\"og:title\" content=\"FortiGate 30E WiFi - Makanet24\" \/>\n<meta property=\"og:description\" content=\"UTM Fortinet 30E WiFi zapora nowej generacji, dla ma\u0142ych i \u015brednich firm oraz rozproszonych przedsi\u0119biorstw. FortiGate 30E ulotka\" \/>\n<meta property=\"og:url\" content=\"https:\/\/makanet24.pl\/index.php\/produkt\/fortinet-fwfg30e\/\" \/>\n<meta property=\"og:site_name\" content=\"Makanet24\" \/>\n<meta property=\"article:modified_time\" content=\"2021-05-18T09:02:54+00:00\" \/>\n<meta property=\"og:image\" content=\"https:\/\/makanet24.pl\/wp-content\/uploads\/2021\/04\/Fortinet-FWFG30E-largev2.png\" \/>\n\t<meta property=\"og:image:width\" content=\"350\" \/>\n\t<meta property=\"og:image:height\" content=\"350\" \/>\n<meta name=\"twitter:card\" content=\"summary_large_image\" \/>\n<meta name=\"twitter:label1\" content=\"Szacowany czas czytania\">\n\t<meta name=\"twitter:data1\" content=\"1 minuta\">\n<script type=\"application\/ld+json\" class=\"yoast-schema-graph\">{\"@context\":\"https:\/\/schema.org\",\"@graph\":[{\"@type\":\"WebSite\",\"@id\":\"https:\/\/makanet24.pl\/#website\",\"url\":\"https:\/\/makanet24.pl\/\",\"name\":\"Makanet24\",\"description\":\"Sklep internetowy z produktami IT\",\"potentialAction\":[{\"@type\":\"SearchAction\",\"target\":\"https:\/\/makanet24.pl\/?s={search_term_string}\",\"query-input\":\"required name=search_term_string\"}],\"inLanguage\":\"pl-PL\"},{\"@type\":\"ImageObject\",\"@id\":\"https:\/\/makanet24.pl\/index.php\/produkt\/fortinet-fwfg30e\/#primaryimage\",\"inLanguage\":\"pl-PL\",\"url\":\"https:\/\/makanet24.pl\/wp-content\/uploads\/2021\/04\/Fortinet-FWFG30E-largev2.png\",\"contentUrl\":\"https:\/\/makanet24.pl\/wp-content\/uploads\/2021\/04\/Fortinet-FWFG30E-largev2.png\",\"width\":350,\"height\":350},{\"@type\":\"WebPage\",\"@id\":\"https:\/\/makanet24.pl\/index.php\/produkt\/fortinet-fwfg30e\/#webpage\",\"url\":\"https:\/\/makanet24.pl\/index.php\/produkt\/fortinet-fwfg30e\/\",\"name\":\"FortiGate 30E WiFi - Makanet24\",\"isPartOf\":{\"@id\":\"https:\/\/makanet24.pl\/#website\"},\"primaryImageOfPage\":{\"@id\":\"https:\/\/makanet24.pl\/index.php\/produkt\/fortinet-fwfg30e\/#primaryimage\"},\"datePublished\":\"2021-04-26T21:46:50+00:00\",\"dateModified\":\"2021-05-18T09:02:54+00:00\",\"breadcrumb\":{\"@id\":\"https:\/\/makanet24.pl\/index.php\/produkt\/fortinet-fwfg30e\/#breadcrumb\"},\"inLanguage\":\"pl-PL\",\"potentialAction\":[{\"@type\":\"ReadAction\",\"target\":[\"https:\/\/makanet24.pl\/index.php\/produkt\/fortinet-fwfg30e\/\"]}]},{\"@type\":\"BreadcrumbList\",\"@id\":\"https:\/\/makanet24.pl\/index.php\/produkt\/fortinet-fwfg30e\/#breadcrumb\",\"itemListElement\":[{\"@type\":\"ListItem\",\"position\":1,\"item\":{\"@type\":\"WebPage\",\"@id\":\"https:\/\/makanet24.pl\/\",\"url\":\"https:\/\/makanet24.pl\/\",\"name\":\"Strona g\\u0142\\u00f3wna\"}},{\"@type\":\"ListItem\",\"position\":2,\"item\":{\"@type\":\"WebPage\",\"@id\":\"https:\/\/makanet24.pl\/index.php\/sklep\/\",\"url\":\"https:\/\/makanet24.pl\/index.php\/sklep\/\",\"name\":\"Sklep\"}},{\"@type\":\"ListItem\",\"position\":3,\"item\":{\"@id\":\"https:\/\/makanet24.pl\/index.php\/produkt\/fortinet-fwfg30e\/#webpage\"}}]}]}<\/script>\n<!-- \/ Yoast SEO plugin. -->","_links":{"self":[{"href":"https:\/\/makanet24.pl\/index.php\/wp-json\/wp\/v2\/product\/1878"}],"collection":[{"href":"https:\/\/makanet24.pl\/index.php\/wp-json\/wp\/v2\/product"}],"about":[{"href":"https:\/\/makanet24.pl\/index.php\/wp-json\/wp\/v2\/types\/product"}],"replies":[{"embeddable":true,"href":"https:\/\/makanet24.pl\/index.php\/wp-json\/wp\/v2\/comments?post=1878"}],"wp:featuredmedia":[{"embeddable":true,"href":"https:\/\/makanet24.pl\/index.php\/wp-json\/wp\/v2\/media\/1893"}],"wp:attachment":[{"href":"https:\/\/makanet24.pl\/index.php\/wp-json\/wp\/v2\/media?parent=1878"}],"curies":[{"name":"wp","href":"https:\/\/api.w.org\/{rel}","templated":true}]}}