{"id":1872,"date":"2021-04-26T23:42:34","date_gmt":"2021-04-26T21:42:34","guid":{"rendered":"https:\/\/makanet24.pl\/?post_type=product&#038;p=1872"},"modified":"2021-05-13T12:22:56","modified_gmt":"2021-05-13T10:22:56","slug":"sophos-xg135","status":"publish","type":"product","link":"https:\/\/makanet24.pl\/index.php\/produkt\/sophos-xg135\/","title":{"rendered":"Sophos XG135"},"content":{"rendered":"<p>Sophos XG135 w pe\u0142ni funkcjonalne rozwi\u0105zanie XG Firewall dla ma\u0142ych firm z mo\u017cliwo\u015bci\u0105 aktywacji ka\u017cdego modu\u0142u ochronnego, r\u00f3wnie\u017c w wersji z wbudowanym punktem dost\u0119powym.<\/p>\n<ul>\n<li>Dost\u0119pny port SFP<\/li>\n<li>Port HDMI<\/li>\n<li>Mo\u017cliwo\u015b\u0107 zastosowania nadmiarowego zasilacza (zewn\u0119trznego)<\/li>\n<li><strong>Model XG135 rekomendowany 35-50 u\u017cytkownik\u00f3w<\/strong><\/li>\n<li>Slot rozszerze\u0144 (WiFi) lub modem 3\/4G)<\/li>\n<\/ul>\n<p><strong>Seria XG Firewall<\/strong>\u00a0wprowadza innowacyjne podej\u015bcie do budowy i zarz\u0105dzania sieci\u0105 w wielu aspektach bezpiecze\u0144stwa. Od tego jak urz\u0105dzenie jest zarz\u0105dzane do tego jak zbierane s\u0105 raporty dotycz\u0105ce bezpiecze\u0144stwa sieci, oraz jak przebiega wsp\u00f3\u0142praca pomi\u0119dzy urz\u0105dzeniem a reszt\u0105 sieci, zale\u017cy prostota i zaawansowana ochrona przed zagro\u017ceniem.\u00a0<strong>Sophos XG-135 <\/strong>to zaawansowany pakiet bezpiecze\u0144stwa, natomiast nowoczesny interfejs eliminuj\u0105cy niepo\u017c\u0105dane komplikacje, pozwala na u\u017cycie zaawansowanych funkcji przez osoby nie b\u0119d\u0105ce ekspertami w dziedzinie IT.<\/p>\n<p><strong>SPECYFIKACJA TECHNICZNA:<\/strong><\/p>\n<p><a href=\"https:\/\/makanet24.pl\/wp-content\/uploads\/2021\/04\/XG-125135.png\"><img loading=\"lazy\" class=\"alignnone size-medium wp-image-2022\" src=\"https:\/\/makanet24.pl\/wp-content\/uploads\/2021\/04\/XG-125135-medium.png\" alt=\"\" width=\"300\" height=\"217\" srcset=\"https:\/\/makanet24.pl\/wp-content\/uploads\/2021\/04\/XG-125135-medium.png 300w, https:\/\/makanet24.pl\/wp-content\/uploads\/2021\/04\/XG-125135-768x554.png 768w, https:\/\/makanet24.pl\/wp-content\/uploads\/2021\/04\/XG-125135-840x606.png 840w, https:\/\/makanet24.pl\/wp-content\/uploads\/2021\/04\/XG-125135.png 884w\" sizes=\"(max-width: 300px) 100vw, 300px\" \/><\/a><\/p>\n<p><strong>DO WYBORU 4 MODELE SERWIS\u00d3W:<\/strong><\/p>\n<p><a href=\"https:\/\/makanet24.pl\/wp-content\/uploads\/2021\/04\/XG-serwisy.jpg\"><img loading=\"lazy\" class=\"alignnone size-medium wp-image-2014\" src=\"https:\/\/makanet24.pl\/wp-content\/uploads\/2021\/04\/XG-serwisy-medium.jpg\" alt=\"\" width=\"300\" height=\"177\" srcset=\"https:\/\/makanet24.pl\/wp-content\/uploads\/2021\/04\/XG-serwisy-medium.jpg 300w, https:\/\/makanet24.pl\/wp-content\/uploads\/2021\/04\/XG-serwisy-large.jpg 1024w, https:\/\/makanet24.pl\/wp-content\/uploads\/2021\/04\/XG-serwisy-768x452.jpg 768w, https:\/\/makanet24.pl\/wp-content\/uploads\/2021\/04\/XG-serwisy-840x495.jpg 840w, https:\/\/makanet24.pl\/wp-content\/uploads\/2021\/04\/XG-serwisy.jpg 1133w\" sizes=\"(max-width: 300px) 100vw, 300px\" \/><\/a><\/p>\n","protected":false},"excerpt":{"rendered":"<p>Zapora sieciowa nowej generacji. SOPHOS XG Firewall \u2013 widoczno\u015b\u0107, ochrona i reakcja.<\/p>\n<p>Eksponuje ukryte zagro\u017cenia.<\/p>\n<p>Zatrzymuje nieznane zagro\u017cenia.<\/p>\n<p>Izoluje zainfekowane systemy.<\/p>\n","protected":false},"featured_media":1873,"comment_status":"open","ping_status":"closed","template":"","meta":[],"yoast_head":"<!-- This site is optimized with the Yoast SEO plugin v16.2 - https:\/\/yoast.com\/wordpress\/plugins\/seo\/ -->\n<title>Sophos XG135 - Makanet24<\/title>\n<meta name=\"robots\" content=\"index, follow, max-snippet:-1, max-image-preview:large, max-video-preview:-1\" \/>\n<link rel=\"canonical\" href=\"https:\/\/makanet24.pl\/index.php\/produkt\/sophos-xg135\/\" \/>\n<meta property=\"og:locale\" content=\"pl_PL\" \/>\n<meta property=\"og:type\" content=\"article\" \/>\n<meta property=\"og:title\" content=\"Sophos XG135 - Makanet24\" \/>\n<meta property=\"og:description\" content=\"Zapora sieciowa nowej generacji. SOPHOS XG Firewall \u2013 widoczno\u015b\u0107, ochrona i reakcja.  Eksponuje ukryte zagro\u017cenia.  Zatrzymuje nieznane zagro\u017cenia.  Izoluje zainfekowane systemy.\" \/>\n<meta property=\"og:url\" content=\"https:\/\/makanet24.pl\/index.php\/produkt\/sophos-xg135\/\" \/>\n<meta property=\"og:site_name\" content=\"Makanet24\" \/>\n<meta property=\"article:modified_time\" content=\"2021-05-13T10:22:56+00:00\" \/>\n<meta property=\"og:image\" content=\"https:\/\/makanet24.pl\/wp-content\/uploads\/2021\/04\/Sophos-xg135.jpg\" \/>\n\t<meta property=\"og:image:width\" content=\"900\" \/>\n\t<meta property=\"og:image:height\" content=\"900\" \/>\n<meta name=\"twitter:card\" content=\"summary_large_image\" \/>\n<meta name=\"twitter:label1\" content=\"Szacowany czas czytania\">\n\t<meta name=\"twitter:data1\" content=\"1 minuta\">\n<script type=\"application\/ld+json\" class=\"yoast-schema-graph\">{\"@context\":\"https:\/\/schema.org\",\"@graph\":[{\"@type\":\"WebSite\",\"@id\":\"https:\/\/makanet24.pl\/#website\",\"url\":\"https:\/\/makanet24.pl\/\",\"name\":\"Makanet24\",\"description\":\"Sklep internetowy z produktami IT\",\"potentialAction\":[{\"@type\":\"SearchAction\",\"target\":\"https:\/\/makanet24.pl\/?s={search_term_string}\",\"query-input\":\"required name=search_term_string\"}],\"inLanguage\":\"pl-PL\"},{\"@type\":\"ImageObject\",\"@id\":\"https:\/\/makanet24.pl\/index.php\/produkt\/sophos-xg135\/#primaryimage\",\"inLanguage\":\"pl-PL\",\"url\":\"https:\/\/makanet24.pl\/wp-content\/uploads\/2021\/04\/Sophos-xg135.jpg\",\"contentUrl\":\"https:\/\/makanet24.pl\/wp-content\/uploads\/2021\/04\/Sophos-xg135.jpg\",\"width\":900,\"height\":900},{\"@type\":\"WebPage\",\"@id\":\"https:\/\/makanet24.pl\/index.php\/produkt\/sophos-xg135\/#webpage\",\"url\":\"https:\/\/makanet24.pl\/index.php\/produkt\/sophos-xg135\/\",\"name\":\"Sophos XG135 - Makanet24\",\"isPartOf\":{\"@id\":\"https:\/\/makanet24.pl\/#website\"},\"primaryImageOfPage\":{\"@id\":\"https:\/\/makanet24.pl\/index.php\/produkt\/sophos-xg135\/#primaryimage\"},\"datePublished\":\"2021-04-26T21:42:34+00:00\",\"dateModified\":\"2021-05-13T10:22:56+00:00\",\"breadcrumb\":{\"@id\":\"https:\/\/makanet24.pl\/index.php\/produkt\/sophos-xg135\/#breadcrumb\"},\"inLanguage\":\"pl-PL\",\"potentialAction\":[{\"@type\":\"ReadAction\",\"target\":[\"https:\/\/makanet24.pl\/index.php\/produkt\/sophos-xg135\/\"]}]},{\"@type\":\"BreadcrumbList\",\"@id\":\"https:\/\/makanet24.pl\/index.php\/produkt\/sophos-xg135\/#breadcrumb\",\"itemListElement\":[{\"@type\":\"ListItem\",\"position\":1,\"item\":{\"@type\":\"WebPage\",\"@id\":\"https:\/\/makanet24.pl\/\",\"url\":\"https:\/\/makanet24.pl\/\",\"name\":\"Strona g\\u0142\\u00f3wna\"}},{\"@type\":\"ListItem\",\"position\":2,\"item\":{\"@type\":\"WebPage\",\"@id\":\"https:\/\/makanet24.pl\/index.php\/sklep\/\",\"url\":\"https:\/\/makanet24.pl\/index.php\/sklep\/\",\"name\":\"Sklep\"}},{\"@type\":\"ListItem\",\"position\":3,\"item\":{\"@id\":\"https:\/\/makanet24.pl\/index.php\/produkt\/sophos-xg135\/#webpage\"}}]}]}<\/script>\n<!-- \/ Yoast SEO plugin. -->","_links":{"self":[{"href":"https:\/\/makanet24.pl\/index.php\/wp-json\/wp\/v2\/product\/1872"}],"collection":[{"href":"https:\/\/makanet24.pl\/index.php\/wp-json\/wp\/v2\/product"}],"about":[{"href":"https:\/\/makanet24.pl\/index.php\/wp-json\/wp\/v2\/types\/product"}],"replies":[{"embeddable":true,"href":"https:\/\/makanet24.pl\/index.php\/wp-json\/wp\/v2\/comments?post=1872"}],"wp:featuredmedia":[{"embeddable":true,"href":"https:\/\/makanet24.pl\/index.php\/wp-json\/wp\/v2\/media\/1873"}],"wp:attachment":[{"href":"https:\/\/makanet24.pl\/index.php\/wp-json\/wp\/v2\/media?parent=1872"}],"curies":[{"name":"wp","href":"https:\/\/api.w.org\/{rel}","templated":true}]}}