{"id":1856,"date":"2021-04-26T23:33:33","date_gmt":"2021-04-26T21:33:33","guid":{"rendered":"https:\/\/makanet24.pl\/?post_type=product&#038;p=1856"},"modified":"2021-05-13T12:24:21","modified_gmt":"2021-05-13T10:24:21","slug":"sophos-xg330","status":"publish","type":"product","link":"https:\/\/makanet24.pl\/index.php\/produkt\/sophos-xg330\/","title":{"rendered":"Sophos XG330"},"content":{"rendered":"<p><strong>Seria XG Firewall<\/strong>\u00a0wprowadza innowacyjne podej\u015bcie do budowy i zarz\u0105dzania sieci\u0105 w wielu aspektach bezpiecze\u0144stwa. Od tego jak urz\u0105dzenie jest zarz\u0105dzane do tego jak zbierane s\u0105 raporty dotycz\u0105ce bezpiecze\u0144stwa sieci, oraz jak przebiega wsp\u00f3\u0142praca pomi\u0119dzy urz\u0105dzeniem a reszt\u0105 sieci, zale\u017cy prostota i zaawansowana ochrona przed zagro\u017ceniem.\u00a0<strong>Sophos XG-330 <\/strong>to zaawansowany pakiet bezpiecze\u0144stwa, natomiast nowoczesny interfejs eliminuj\u0105cy niepo\u017c\u0105dane komplikacje, pozwala na u\u017cycie zaawansowanych funkcji przez osoby nie b\u0119d\u0105ce ekspertami w dziedzinie IT.<\/p>\n<p><strong>SPECYFIKACJA TECHNICZNA:<\/strong><\/p>\n<p><a href=\"https:\/\/makanet24.pl\/wp-content\/uploads\/2021\/04\/XG310-2.jpg\"><img loading=\"lazy\" class=\"alignnone size-medium wp-image-2013\" src=\"https:\/\/makanet24.pl\/wp-content\/uploads\/2021\/04\/XG310-2-medium.jpg\" alt=\"\" width=\"300\" height=\"188\" srcset=\"https:\/\/makanet24.pl\/wp-content\/uploads\/2021\/04\/XG310-2-medium.jpg 300w, https:\/\/makanet24.pl\/wp-content\/uploads\/2021\/04\/XG310-2-768x481.jpg 768w, https:\/\/makanet24.pl\/wp-content\/uploads\/2021\/04\/XG310-2-840x526.jpg 840w, https:\/\/makanet24.pl\/wp-content\/uploads\/2021\/04\/XG310-2.jpg 993w\" sizes=\"(max-width: 300px) 100vw, 300px\" \/><\/a><\/p>\n<p><strong>DO WYBORU 1 Z 4 SERWIS\u00d3W:<\/strong><\/p>\n<p><a href=\"https:\/\/makanet24.pl\/wp-content\/uploads\/2021\/04\/XG-serwisy.jpg\"><img loading=\"lazy\" class=\"alignnone size-medium wp-image-2014\" src=\"https:\/\/makanet24.pl\/wp-content\/uploads\/2021\/04\/XG-serwisy-medium.jpg\" alt=\"\" width=\"300\" height=\"177\" srcset=\"https:\/\/makanet24.pl\/wp-content\/uploads\/2021\/04\/XG-serwisy-medium.jpg 300w, https:\/\/makanet24.pl\/wp-content\/uploads\/2021\/04\/XG-serwisy-large.jpg 1024w, https:\/\/makanet24.pl\/wp-content\/uploads\/2021\/04\/XG-serwisy-768x452.jpg 768w, https:\/\/makanet24.pl\/wp-content\/uploads\/2021\/04\/XG-serwisy-840x495.jpg 840w, https:\/\/makanet24.pl\/wp-content\/uploads\/2021\/04\/XG-serwisy.jpg 1133w\" sizes=\"(max-width: 300px) 100vw, 300px\" \/><\/a><\/p>\n","protected":false},"excerpt":{"rendered":"<p>Zapora sieciowa nowej generacji. SOPHOS XG Firewall \u2013 widoczno\u015b\u0107, ochrona i reakcja.<\/p>\n<p>Eksponuje ukryte zagro\u017cenia.<\/p>\n<p>Zatrzymuje nieznane zagro\u017cenia.<\/p>\n<p>Izoluje zainfekowane systemy.<\/p>\n","protected":false},"featured_media":1855,"comment_status":"open","ping_status":"closed","template":"","meta":[],"yoast_head":"<!-- This site is optimized with the Yoast SEO plugin v16.2 - https:\/\/yoast.com\/wordpress\/plugins\/seo\/ -->\n<title>Sophos XG330 - Makanet24<\/title>\n<meta name=\"robots\" content=\"index, follow, max-snippet:-1, max-image-preview:large, max-video-preview:-1\" \/>\n<link rel=\"canonical\" href=\"https:\/\/makanet24.pl\/index.php\/produkt\/sophos-xg330\/\" \/>\n<meta property=\"og:locale\" content=\"pl_PL\" \/>\n<meta property=\"og:type\" content=\"article\" \/>\n<meta property=\"og:title\" content=\"Sophos XG330 - Makanet24\" \/>\n<meta property=\"og:description\" content=\"Zapora sieciowa nowej generacji. SOPHOS XG Firewall \u2013 widoczno\u015b\u0107, ochrona i reakcja.  Eksponuje ukryte zagro\u017cenia.  Zatrzymuje nieznane zagro\u017cenia.  Izoluje zainfekowane systemy.\" \/>\n<meta property=\"og:url\" content=\"https:\/\/makanet24.pl\/index.php\/produkt\/sophos-xg330\/\" \/>\n<meta property=\"og:site_name\" content=\"Makanet24\" \/>\n<meta property=\"article:modified_time\" content=\"2021-05-13T10:24:21+00:00\" \/>\n<meta property=\"og:image\" content=\"https:\/\/makanet24.pl\/wp-content\/uploads\/2021\/04\/Sophos-XG330.jpg\" \/>\n\t<meta property=\"og:image:width\" content=\"900\" \/>\n\t<meta property=\"og:image:height\" content=\"900\" \/>\n<meta name=\"twitter:card\" content=\"summary_large_image\" \/>\n<script type=\"application\/ld+json\" class=\"yoast-schema-graph\">{\"@context\":\"https:\/\/schema.org\",\"@graph\":[{\"@type\":\"WebSite\",\"@id\":\"https:\/\/makanet24.pl\/#website\",\"url\":\"https:\/\/makanet24.pl\/\",\"name\":\"Makanet24\",\"description\":\"Sklep internetowy z produktami IT\",\"potentialAction\":[{\"@type\":\"SearchAction\",\"target\":\"https:\/\/makanet24.pl\/?s={search_term_string}\",\"query-input\":\"required name=search_term_string\"}],\"inLanguage\":\"pl-PL\"},{\"@type\":\"ImageObject\",\"@id\":\"https:\/\/makanet24.pl\/index.php\/produkt\/sophos-xg330\/#primaryimage\",\"inLanguage\":\"pl-PL\",\"url\":\"https:\/\/makanet24.pl\/wp-content\/uploads\/2021\/04\/Sophos-XG330.jpg\",\"contentUrl\":\"https:\/\/makanet24.pl\/wp-content\/uploads\/2021\/04\/Sophos-XG330.jpg\",\"width\":900,\"height\":900},{\"@type\":\"WebPage\",\"@id\":\"https:\/\/makanet24.pl\/index.php\/produkt\/sophos-xg330\/#webpage\",\"url\":\"https:\/\/makanet24.pl\/index.php\/produkt\/sophos-xg330\/\",\"name\":\"Sophos XG330 - Makanet24\",\"isPartOf\":{\"@id\":\"https:\/\/makanet24.pl\/#website\"},\"primaryImageOfPage\":{\"@id\":\"https:\/\/makanet24.pl\/index.php\/produkt\/sophos-xg330\/#primaryimage\"},\"datePublished\":\"2021-04-26T21:33:33+00:00\",\"dateModified\":\"2021-05-13T10:24:21+00:00\",\"breadcrumb\":{\"@id\":\"https:\/\/makanet24.pl\/index.php\/produkt\/sophos-xg330\/#breadcrumb\"},\"inLanguage\":\"pl-PL\",\"potentialAction\":[{\"@type\":\"ReadAction\",\"target\":[\"https:\/\/makanet24.pl\/index.php\/produkt\/sophos-xg330\/\"]}]},{\"@type\":\"BreadcrumbList\",\"@id\":\"https:\/\/makanet24.pl\/index.php\/produkt\/sophos-xg330\/#breadcrumb\",\"itemListElement\":[{\"@type\":\"ListItem\",\"position\":1,\"item\":{\"@type\":\"WebPage\",\"@id\":\"https:\/\/makanet24.pl\/\",\"url\":\"https:\/\/makanet24.pl\/\",\"name\":\"Strona g\\u0142\\u00f3wna\"}},{\"@type\":\"ListItem\",\"position\":2,\"item\":{\"@type\":\"WebPage\",\"@id\":\"https:\/\/makanet24.pl\/index.php\/sklep\/\",\"url\":\"https:\/\/makanet24.pl\/index.php\/sklep\/\",\"name\":\"Sklep\"}},{\"@type\":\"ListItem\",\"position\":3,\"item\":{\"@id\":\"https:\/\/makanet24.pl\/index.php\/produkt\/sophos-xg330\/#webpage\"}}]}]}<\/script>\n<!-- \/ Yoast SEO plugin. -->","_links":{"self":[{"href":"https:\/\/makanet24.pl\/index.php\/wp-json\/wp\/v2\/product\/1856"}],"collection":[{"href":"https:\/\/makanet24.pl\/index.php\/wp-json\/wp\/v2\/product"}],"about":[{"href":"https:\/\/makanet24.pl\/index.php\/wp-json\/wp\/v2\/types\/product"}],"replies":[{"embeddable":true,"href":"https:\/\/makanet24.pl\/index.php\/wp-json\/wp\/v2\/comments?post=1856"}],"wp:featuredmedia":[{"embeddable":true,"href":"https:\/\/makanet24.pl\/index.php\/wp-json\/wp\/v2\/media\/1855"}],"wp:attachment":[{"href":"https:\/\/makanet24.pl\/index.php\/wp-json\/wp\/v2\/media?parent=1856"}],"curies":[{"name":"wp","href":"https:\/\/api.w.org\/{rel}","templated":true}]}}