{"id":1845,"date":"2021-04-26T23:27:46","date_gmt":"2021-04-26T21:27:46","guid":{"rendered":"https:\/\/makanet24.pl\/?post_type=product&#038;p=1845"},"modified":"2021-04-26T23:28:15","modified_gmt":"2021-04-26T21:28:15","slug":"sophos-xg750","status":"publish","type":"product","link":"https:\/\/makanet24.pl\/index.php\/produkt\/sophos-xg750\/","title":{"rendered":"Sophos XG750"},"content":{"rendered":"<p><strong>Seria XG Firewall<\/strong>\u00a0wprowadza innowacyjne podej\u015bcie do budowy i zarz\u0105dzania sieci\u0105 w wielu aspektach bezpiecze\u0144stwa. Od tego jak urz\u0105dzenie jest zarz\u0105dzane do tego jak zbierane s\u0105 raporty dotycz\u0105ce bezpiecze\u0144stwa sieci, oraz jak przebiega wsp\u00f3\u0142praca pomi\u0119dzy urz\u0105dzeniem a reszt\u0105 sieci, zale\u017cy prostota i zaawansowana ochrona przed zagro\u017ceniem.\u00a0<strong>Sophos XG-750 <\/strong>to zaawansowany pakiet bezpiecze\u0144stwa, natomiast nowoczesny interfejs eliminuj\u0105cy nieporz\u0105dane komplikacje, pozwala na u\u017cycie zaawansowanych funkcji przez osoby nie b\u0119d\u0105ce ekspertami w dziedzinie IT.<\/p>\n","protected":false},"excerpt":{"rendered":"<p>Seria XG Firewall\u00a0wprowadza innowacyjne podej\u015bcie do budowy i zarz\u0105dzania sieci\u0105 w wielu aspektach bezpiecze\u0144stwa. Od tego jak urz\u0105dzenie jest zarz\u0105dzane do tego jak zbierane s\u0105 raporty dotycz\u0105ce bezpiecze\u0144stwa sieci, oraz&hellip;<\/p>\n","protected":false},"featured_media":1846,"comment_status":"open","ping_status":"closed","template":"","meta":[],"yoast_head":"<!-- This site is optimized with the Yoast SEO plugin v16.2 - https:\/\/yoast.com\/wordpress\/plugins\/seo\/ -->\n<title>Sophos XG750 - Makanet24<\/title>\n<meta name=\"robots\" content=\"index, follow, max-snippet:-1, max-image-preview:large, max-video-preview:-1\" \/>\n<link rel=\"canonical\" href=\"https:\/\/makanet24.pl\/index.php\/produkt\/sophos-xg750\/\" \/>\n<meta property=\"og:locale\" content=\"pl_PL\" \/>\n<meta property=\"og:type\" content=\"article\" \/>\n<meta property=\"og:title\" content=\"Sophos XG750 - Makanet24\" \/>\n<meta property=\"og:description\" content=\"Seria XG Firewall\u00a0wprowadza innowacyjne podej\u015bcie do budowy i zarz\u0105dzania sieci\u0105 w wielu aspektach bezpiecze\u0144stwa. Od tego jak urz\u0105dzenie jest zarz\u0105dzane do tego jak zbierane s\u0105 raporty dotycz\u0105ce bezpiecze\u0144stwa sieci, oraz&hellip;\" \/>\n<meta property=\"og:url\" content=\"https:\/\/makanet24.pl\/index.php\/produkt\/sophos-xg750\/\" \/>\n<meta property=\"og:site_name\" content=\"Makanet24\" \/>\n<meta property=\"article:modified_time\" content=\"2021-04-26T21:28:15+00:00\" \/>\n<meta property=\"og:image\" content=\"https:\/\/makanet24.pl\/wp-content\/uploads\/2021\/04\/Sophos-XG750.jpg\" \/>\n\t<meta property=\"og:image:width\" content=\"800\" \/>\n\t<meta property=\"og:image:height\" content=\"800\" \/>\n<meta name=\"twitter:card\" content=\"summary_large_image\" \/>\n<script type=\"application\/ld+json\" class=\"yoast-schema-graph\">{\"@context\":\"https:\/\/schema.org\",\"@graph\":[{\"@type\":\"WebSite\",\"@id\":\"https:\/\/makanet24.pl\/#website\",\"url\":\"https:\/\/makanet24.pl\/\",\"name\":\"Makanet24\",\"description\":\"Sklep internetowy z produktami IT\",\"potentialAction\":[{\"@type\":\"SearchAction\",\"target\":\"https:\/\/makanet24.pl\/?s={search_term_string}\",\"query-input\":\"required name=search_term_string\"}],\"inLanguage\":\"pl-PL\"},{\"@type\":\"ImageObject\",\"@id\":\"https:\/\/makanet24.pl\/index.php\/produkt\/sophos-xg750\/#primaryimage\",\"inLanguage\":\"pl-PL\",\"url\":\"https:\/\/makanet24.pl\/wp-content\/uploads\/2021\/04\/Sophos-XG750.jpg\",\"contentUrl\":\"https:\/\/makanet24.pl\/wp-content\/uploads\/2021\/04\/Sophos-XG750.jpg\",\"width\":800,\"height\":800},{\"@type\":\"WebPage\",\"@id\":\"https:\/\/makanet24.pl\/index.php\/produkt\/sophos-xg750\/#webpage\",\"url\":\"https:\/\/makanet24.pl\/index.php\/produkt\/sophos-xg750\/\",\"name\":\"Sophos XG750 - Makanet24\",\"isPartOf\":{\"@id\":\"https:\/\/makanet24.pl\/#website\"},\"primaryImageOfPage\":{\"@id\":\"https:\/\/makanet24.pl\/index.php\/produkt\/sophos-xg750\/#primaryimage\"},\"datePublished\":\"2021-04-26T21:27:46+00:00\",\"dateModified\":\"2021-04-26T21:28:15+00:00\",\"breadcrumb\":{\"@id\":\"https:\/\/makanet24.pl\/index.php\/produkt\/sophos-xg750\/#breadcrumb\"},\"inLanguage\":\"pl-PL\",\"potentialAction\":[{\"@type\":\"ReadAction\",\"target\":[\"https:\/\/makanet24.pl\/index.php\/produkt\/sophos-xg750\/\"]}]},{\"@type\":\"BreadcrumbList\",\"@id\":\"https:\/\/makanet24.pl\/index.php\/produkt\/sophos-xg750\/#breadcrumb\",\"itemListElement\":[{\"@type\":\"ListItem\",\"position\":1,\"item\":{\"@type\":\"WebPage\",\"@id\":\"https:\/\/makanet24.pl\/\",\"url\":\"https:\/\/makanet24.pl\/\",\"name\":\"Strona g\\u0142\\u00f3wna\"}},{\"@type\":\"ListItem\",\"position\":2,\"item\":{\"@type\":\"WebPage\",\"@id\":\"https:\/\/makanet24.pl\/index.php\/sklep\/\",\"url\":\"https:\/\/makanet24.pl\/index.php\/sklep\/\",\"name\":\"Sklep\"}},{\"@type\":\"ListItem\",\"position\":3,\"item\":{\"@id\":\"https:\/\/makanet24.pl\/index.php\/produkt\/sophos-xg750\/#webpage\"}}]}]}<\/script>\n<!-- \/ Yoast SEO plugin. -->","_links":{"self":[{"href":"https:\/\/makanet24.pl\/index.php\/wp-json\/wp\/v2\/product\/1845"}],"collection":[{"href":"https:\/\/makanet24.pl\/index.php\/wp-json\/wp\/v2\/product"}],"about":[{"href":"https:\/\/makanet24.pl\/index.php\/wp-json\/wp\/v2\/types\/product"}],"replies":[{"embeddable":true,"href":"https:\/\/makanet24.pl\/index.php\/wp-json\/wp\/v2\/comments?post=1845"}],"wp:featuredmedia":[{"embeddable":true,"href":"https:\/\/makanet24.pl\/index.php\/wp-json\/wp\/v2\/media\/1846"}],"wp:attachment":[{"href":"https:\/\/makanet24.pl\/index.php\/wp-json\/wp\/v2\/media?parent=1845"}],"curies":[{"name":"wp","href":"https:\/\/api.w.org\/{rel}","templated":true}]}}