{"id":1836,"date":"2021-04-26T23:20:32","date_gmt":"2021-04-26T21:20:32","guid":{"rendered":"https:\/\/makanet24.pl\/?post_type=product&#038;p=1836"},"modified":"2021-05-03T11:45:21","modified_gmt":"2021-05-03T09:45:21","slug":"stormshield-sn2100","status":"publish","type":"product","link":"https:\/\/makanet24.pl\/index.php\/produkt\/stormshield-sn2100\/","title":{"rendered":"Stormshield SN2100"},"content":{"rendered":"<div class=\"page\" title=\"Page 1\">\n<div class=\"section\">\n<div class=\"layoutArea\">\n<div class=\"column\">\n<h3 class=\"feature\">Wysoka wydajno\u015b\u0107 urz\u0105dzenia<\/h3>\n<p>Dzi\u0119ki przepustowo\u015bci, kt\u00f3ra mo\u017ce osi\u0105ga\u0107 50 Gb\/s, nie musisz szuka\u0107 lepszej wydajno\u015bci w urz\u0105dzeniu do ochrony sieci.<\/p>\n<h3 class=\"feature\">Integracja z sieciami nowej generacji<\/h3>\n<p>\u0141\u0105czno\u015b\u0107 sieci \u015bwiat\u0142owodowej 40GB i niespotykana modularno\u015b\u0107 urz\u0105dzenia SN2100 u\u0142atwiaj\u0105 integracj\u0119 z sieciami nowej generacji.<\/p>\n<h3 class=\"feature\">Szersze pasmo na po\u0142\u0105czenia w sieci<\/h3>\n<p>Dzi\u0119ki funkcji agregowania interfejs\u00f3w (LACP), urz\u0105dzenia Stormshield zapewniaj\u0105 wi\u0119ksz\u0105 dost\u0119pno\u015b\u0107 ni\u017c kiedykolwiek. \u0141\u0105cz\u0105c kilka interfejs\u00f3w fizycznych w celu utworzenia jednego \u0142\u0105cza, b\u0119dziesz m\u00f3g\u0142 wykorzysta\u0107 pe\u0142n\u0105 przepustowo\u015b\u0107 urz\u0105dzenia.<\/p>\n<h3 class=\"feature\">Kontrola aplikacji<\/h3>\n<p>Funkcja kontroli aplikacji w urz\u0105dzeniach Stormshield umo\u017cliwia blokowanie niebezpiecznych aplikacji lub takich, kt\u00f3re nie zgodne z polityk\u0105 bezpiecze\u0144stwa twojej organizacji. Funkcja ta jest jedn\u0105 z najcz\u0119\u015bciej wykorzystywanych przez du\u017ce firmy.<\/p>\n<p><strong>SPECYFIKACJA TECHNICZNA<\/strong><\/p>\n<p>WYDAJNO\u015a\u0106*<br \/>\nPrzepustowo\u015b\u0107 Firewall (1518 bajt\u00f3w UDP) 60 Gbps<br \/>\nPrzepustowo\u015b\u0107 Firewall (IMIX**) 19.2 Gbps<br \/>\nPrzepustowo\u015b\u0107 IPS (1518 bajt\u00f3w UDP)<br \/>\nPrzepustowo\u015b\u0107 IPS (plik HTTP 1MB)<br \/>\n35 Gbps<br \/>\n20 Gbps<br \/>\nPrzepustowo\u015b\u0107 Antywirus 7 Gbps<\/p>\n<p>VPN*<br \/>\nPrzepustowo\u015b\u0107 IPSec &#8211; AES GCM 10 Gbps<br \/>\nPrzepustowo\u015b\u0107 IPSec &#8211; AES256\/SHA2 6 Gbps<br \/>\nMaks. liczba tuneli IPSec VPN 5000<br \/>\nMaks. liczba SSL VPN (tryb Portal) 1024<br \/>\nLiczba jednoczesnych klient\u00f3w SSL VPN 400<\/p>\n<p>PO\u0141\u0104CZENIA SIECIOWE<br \/>\nLiczba jednoczesnych sesji 2 500 000<br \/>\nNowe sesje na sekund\u0119 125 000<br \/>\nMaksymalna liczba dostawc\u00f3w internetu\/zapasowych 64\/64<\/p>\n<p>INTERFEJSY SIECIOWE<br \/>\nInterfejsy Ethernet 10\/100\/1000 2-26<br \/>\nInterfejsy miedziane 10Gb 0-12<br \/>\nInterfejsy \u015bwiat\u0142owodowe 1 Gb 0-24<br \/>\nInterfejsy \u015bwiat\u0142owodowe 10 Gb 0-12<br \/>\nInterfejsy \u015bwiat\u0142owodowe 40 Gb 0-6<\/p>\n<p>Opcjonalne modu\u0142y rozszerze\u0144:<br \/>\n8 port\u00f3w 10\/100\/1000<\/p>\n<p>4 porty 10 Gb miedziane<\/p>\n<p>8 port\u00f3w 1Gb \u015bwiat\u0142owodowe<\/p>\n<p>4 porty 10Gb \u015bwiat\u0142owodowe<\/p>\n<p>2 porty 40Gb \u015bwiat\u0142owodowe)<\/p>\n<p>SYSTEM<\/p>\n<p>Maksymalna liczba tras statycznych 32 768<br \/>\nMaksymalna liczba regu\u0142 filtrowania 10 240<\/p>\n<p>REDUNDANCJA<br \/>\nHigh Availability (Active\/Passive)<br \/>\nRedundantne dyski SSD (RAID 1) Opcja<br \/>\nRedundantne zasilanie (z mo\u017cliwo\u015bci\u0105 wymiany zasilacza bez przerywania pracy) Opcja<\/p>\n<p>Redundantna wentylacja (z mo\u017cliwo\u015bci\u0105 wymiany wentylatora bez przerywania pracy)<\/p>\n<p>SPRZ\u0118T<br \/>\nDysk lokalny 256 GB SSD<br \/>\nOpcja Big Data (lokalny dysk twardy) 1 TB SSD<br \/>\nMTBF w 25\u00b0C (lata) 19<br \/>\nWielko\u015b\u0107 urz\u0105dzenia 1U &#8211; 19\u201d<br \/>\nWysoko\u015b\u0107 x szeroko\u015b\u0107 x g\u0142\u0119boko\u015b\u0107 (mm) 44.45 x 443 x 610<br \/>\nWaga 9.38 kg (20.68 lbs)<br \/>\nZasilanie (AC) 100-240V 60-50Hz 5A-3A<br \/>\nZasilanie 48V (opcja) 36-72VDC 12-6A<br \/>\nPob\u00f3r energii elektrycznej (maks.) 230V 50Hz 124W 0.61A<br \/>\nWentylator 3<br \/>\nRozpraszanie ciep\u0142a (maks., BTU\/h) 423<br \/>\nTemperatura pracy 0\u00b0 to 40\u00b0C (32\u00b0 to 104\u00b0F)<br \/>\nWilgotno\u015b\u0107 wzgl\u0119dna, podczas pracy (bez kondensacji) 0% to 95% @ 40\u00b0C (104\u00b0F)<br \/>\nTemperatura przechowywania -30\u00b0 to 65\u00b0C (-22\u00b0 to 149\u00b0F)<br \/>\nWilgotno\u015b\u0107 wzgl\u0119dna, przechowywanie (bez kondensacji) 5% to 95% @ 60\u00b0C (140\u00b0F)<\/p>\n<p>CERTYFIKACJA<br \/>\nZgodno\u015b\u0107 CE\/FCC\/CB<\/p>\n<p>* Test przeprowadzony w warunkach laboratoryjnych dla<br \/>\noprogramowania w wersji 4.x. Wyniki mog\u0105 si\u0119 r\u00f3\u017cni\u0107 w<br \/>\nzale\u017cno\u015bci od warunk\u00f3w testowych i wersji oprogramowania.<\/p>\n<p>** Rozmiar IP: 60% (48 bajt\u00f3w) \u2013 25% (494 bajt\u00f3w) \u2013 15%<br \/>\n(1500 bajt\u00f3w).<\/p>\n<\/div>\n<\/div>\n<\/div>\n<\/div>\n","protected":false},"excerpt":{"rendered":"<p>UTM \/ Next Generation Firewall dla sieci korporacyjnych i data center.<\/p>\n<p><strong><a href=\"https:\/\/makanet24.pl\/wp-content\/uploads\/2021\/04\/Ulotka-SN2100.pdf\">Ulotka-SN2100<\/a><\/strong><\/p>\n<p><strong>Dzi\u0119ki przepustowo\u015bci nawet do 60 Gb\/s, osi\u0105gniesz optymaln\u0105 wydajno\u015b\u0107 w swoim urz\u0105dzeniu do ochrony sieci.<\/strong><\/p>\n<p>Mo\u017cliwo\u015b\u0107 rozbudowy<br \/>\n\u2022 Dostosuj liczb\u0119\/typ interfejs\u00f3w do swojej sieci<br \/>\n\u2022 Dopasuj konfiguracj\u0119 do swoich potrzeb<br \/>\n\u2022 Stosuj r\u00f3wnocze\u015bnie interfejsy miedziane<br \/>\ni \u015bwiat\u0142owodowe (1GbE, 10GbE lub 40GbE)<\/p>\n","protected":false},"featured_media":1837,"comment_status":"open","ping_status":"closed","template":"","meta":[],"yoast_head":"<!-- This site is optimized with the Yoast SEO plugin v16.2 - https:\/\/yoast.com\/wordpress\/plugins\/seo\/ -->\n<title>Stormshield SN2100 - Makanet24<\/title>\n<meta name=\"robots\" content=\"index, follow, max-snippet:-1, max-image-preview:large, max-video-preview:-1\" \/>\n<link rel=\"canonical\" href=\"https:\/\/makanet24.pl\/index.php\/produkt\/stormshield-sn2100\/\" \/>\n<meta property=\"og:locale\" content=\"pl_PL\" \/>\n<meta property=\"og:type\" content=\"article\" \/>\n<meta property=\"og:title\" content=\"Stormshield SN2100 - Makanet24\" \/>\n<meta property=\"og:description\" content=\"UTM \/ Next Generation Firewall dla sieci korporacyjnych i data center.  Ulotka-SN2100  Dzi\u0119ki przepustowo\u015bci nawet do 60 Gb\/s, osi\u0105gniesz optymaln\u0105 wydajno\u015b\u0107 w swoim urz\u0105dzeniu do ochrony sieci.  Mo\u017cliwo\u015b\u0107 rozbudowy \u2022 Dostosuj liczb\u0119\/typ interfejs\u00f3w do swojej sieci \u2022 Dopasuj konfiguracj\u0119 do swoich potrzeb \u2022 Stosuj r\u00f3wnocze\u015bnie interfejsy miedziane i \u015bwiat\u0142owodowe (1GbE, 10GbE lub 40GbE)\" \/>\n<meta property=\"og:url\" content=\"https:\/\/makanet24.pl\/index.php\/produkt\/stormshield-sn2100\/\" \/>\n<meta property=\"og:site_name\" content=\"Makanet24\" \/>\n<meta property=\"article:modified_time\" content=\"2021-05-03T09:45:21+00:00\" \/>\n<meta property=\"og:image\" content=\"https:\/\/makanet24.pl\/wp-content\/uploads\/2021\/04\/sn2100.png\" \/>\n\t<meta property=\"og:image:width\" content=\"600\" \/>\n\t<meta property=\"og:image:height\" content=\"600\" \/>\n<meta name=\"twitter:card\" content=\"summary_large_image\" \/>\n<meta name=\"twitter:label1\" content=\"Szacowany czas czytania\">\n\t<meta name=\"twitter:data1\" content=\"2 minuty\">\n<script type=\"application\/ld+json\" class=\"yoast-schema-graph\">{\"@context\":\"https:\/\/schema.org\",\"@graph\":[{\"@type\":\"WebSite\",\"@id\":\"https:\/\/makanet24.pl\/#website\",\"url\":\"https:\/\/makanet24.pl\/\",\"name\":\"Makanet24\",\"description\":\"Sklep internetowy z produktami IT\",\"potentialAction\":[{\"@type\":\"SearchAction\",\"target\":\"https:\/\/makanet24.pl\/?s={search_term_string}\",\"query-input\":\"required name=search_term_string\"}],\"inLanguage\":\"pl-PL\"},{\"@type\":\"ImageObject\",\"@id\":\"https:\/\/makanet24.pl\/index.php\/produkt\/stormshield-sn2100\/#primaryimage\",\"inLanguage\":\"pl-PL\",\"url\":\"https:\/\/makanet24.pl\/wp-content\/uploads\/2021\/04\/sn2100.png\",\"contentUrl\":\"https:\/\/makanet24.pl\/wp-content\/uploads\/2021\/04\/sn2100.png\",\"width\":600,\"height\":600},{\"@type\":\"WebPage\",\"@id\":\"https:\/\/makanet24.pl\/index.php\/produkt\/stormshield-sn2100\/#webpage\",\"url\":\"https:\/\/makanet24.pl\/index.php\/produkt\/stormshield-sn2100\/\",\"name\":\"Stormshield SN2100 - Makanet24\",\"isPartOf\":{\"@id\":\"https:\/\/makanet24.pl\/#website\"},\"primaryImageOfPage\":{\"@id\":\"https:\/\/makanet24.pl\/index.php\/produkt\/stormshield-sn2100\/#primaryimage\"},\"datePublished\":\"2021-04-26T21:20:32+00:00\",\"dateModified\":\"2021-05-03T09:45:21+00:00\",\"breadcrumb\":{\"@id\":\"https:\/\/makanet24.pl\/index.php\/produkt\/stormshield-sn2100\/#breadcrumb\"},\"inLanguage\":\"pl-PL\",\"potentialAction\":[{\"@type\":\"ReadAction\",\"target\":[\"https:\/\/makanet24.pl\/index.php\/produkt\/stormshield-sn2100\/\"]}]},{\"@type\":\"BreadcrumbList\",\"@id\":\"https:\/\/makanet24.pl\/index.php\/produkt\/stormshield-sn2100\/#breadcrumb\",\"itemListElement\":[{\"@type\":\"ListItem\",\"position\":1,\"item\":{\"@type\":\"WebPage\",\"@id\":\"https:\/\/makanet24.pl\/\",\"url\":\"https:\/\/makanet24.pl\/\",\"name\":\"Strona g\\u0142\\u00f3wna\"}},{\"@type\":\"ListItem\",\"position\":2,\"item\":{\"@type\":\"WebPage\",\"@id\":\"https:\/\/makanet24.pl\/index.php\/sklep\/\",\"url\":\"https:\/\/makanet24.pl\/index.php\/sklep\/\",\"name\":\"Sklep\"}},{\"@type\":\"ListItem\",\"position\":3,\"item\":{\"@id\":\"https:\/\/makanet24.pl\/index.php\/produkt\/stormshield-sn2100\/#webpage\"}}]}]}<\/script>\n<!-- \/ Yoast SEO plugin. -->","_links":{"self":[{"href":"https:\/\/makanet24.pl\/index.php\/wp-json\/wp\/v2\/product\/1836"}],"collection":[{"href":"https:\/\/makanet24.pl\/index.php\/wp-json\/wp\/v2\/product"}],"about":[{"href":"https:\/\/makanet24.pl\/index.php\/wp-json\/wp\/v2\/types\/product"}],"replies":[{"embeddable":true,"href":"https:\/\/makanet24.pl\/index.php\/wp-json\/wp\/v2\/comments?post=1836"}],"wp:featuredmedia":[{"embeddable":true,"href":"https:\/\/makanet24.pl\/index.php\/wp-json\/wp\/v2\/media\/1837"}],"wp:attachment":[{"href":"https:\/\/makanet24.pl\/index.php\/wp-json\/wp\/v2\/media?parent=1836"}],"curies":[{"name":"wp","href":"https:\/\/api.w.org\/{rel}","templated":true}]}}