{"id":1829,"date":"2021-04-26T23:14:29","date_gmt":"2021-04-26T21:14:29","guid":{"rendered":"https:\/\/makanet24.pl\/?post_type=product&#038;p=1829"},"modified":"2024-07-09T04:08:08","modified_gmt":"2024-07-09T02:08:08","slug":"stormshield-sn510","status":"publish","type":"product","link":"https:\/\/makanet24.pl\/index.php\/produkt\/stormshield-sn510\/","title":{"rendered":"Stormshield SN510"},"content":{"rendered":"<div class=\"page\" title=\"Page 1\">\n<div class=\"section\">\n<div class=\"layoutArea\">\n<div class=\"column\">\n<h2>Nowe urz\u0105dzenie Stormshield SN510 \u2013 ci\u0105g\u0142o\u015b\u0107 dzia\u0142ania w z\u0142o\u017conej architekturze<\/h2>\n<h3>Wydajno\u015b\u0107 dzia\u0142ania<\/h3>\n<p>Nowy model Stormshield SN510 to zupe\u0142nie nowa klasa urz\u0105dzenia UTM charakteryzuj\u0105ca si\u0119 niespotykan\u0105 dot\u0105d wydajno\u015bci\u0105 i przepustowo\u015bci\u0105 z zachowaniem przyst\u0119pnej ceny.<\/p>\n<h3>\u0141atwo\u015b\u0107 integracji z istniej\u0105c\u0105 infrastruktur\u0105<\/h3>\n<p>Dzi\u0119ki zastosowaniu zaawansowanych funkcji sieciowych, urz\u0105dzenia Stormshield SN510 pozwalaj\u0105 na pe\u0142ne i bezproblemowe dopasowanie do aktualnej infrastruktury.<\/p>\n<h3>Optymalizacja ruchu internetowego<\/h3>\n<p>Poprawa jako\u015bci obs\u0142ugi i zu\u017cycia przepustowo\u015bci podczas surfowania w internecie z u\u017cyciem funkcji buforowania proxy HTTP.<\/p>\n<h3>Zapewnij ci\u0105g\u0142o\u015b\u0107 dzia\u0142ania<\/h3>\n<p>Dzi\u0119ki funkcji wysokiej dost\u0119pno\u015bci (HA) us\u0142ugi b\u0119d\u0105 dzia\u0142a\u0107 nieprzerwanie, nawet wtedy, gdy urz\u0105dzenie si\u0119 zepsuje. Redundantne \u0142\u0105cza dost\u0119pu do internetu utrzymaj\u0105 funkcjonowanie firmy na wysokiej jako\u015bci po\u0142\u0105czeniach.<\/p>\n<h3>Dost\u0119p do firmowych zasob\u00f3w bez obaw o bezpiecze\u0144stwo<\/h3>\n<p>Zaawansowane funkcje IPSec VPN pozwol\u0105 na to, by Twoje oddzia\u0142y i zdalne lokalizacje by\u0142y ze sob\u0105 po\u0142\u0105czone bezpiecznie i bezproblemowo.<\/p>\n<p><strong>FUNKCJONALNO\u015aCI<\/strong><\/p>\n<p>Firewall\/IPS\/IDS, firewall aplikacyjny, filtrowanie Microsoft Services, przemys\u0142owy Firewall\/IPS\/IDS wykrywanie i kontrola wykorzystywanych urz\u0105dze\u0144 mobilnych, przegl\u0105d u\u017cywanych w sieci aplikacji (opcja), wykrywanie podatno\u015bci (opcja), filtrowanie oparte o geolokacj\u0119 (kraje, kontynenty), dynamiczna reputacja hosta, filtrowanie adres\u00f3w URL (filtr chmurowy lub wbudowany), transparentne uwierzytelnianie (Active Directory SSO agent, certyfikaty SSL, SPNEGO), uwierzytelnianie wielu<br \/>\nu\u017cytkownik\u00f3w w trybie cookies (Citrix-TSE) &#8211; wiele metod uwierzytelniania go\u015bci.<\/p>\n<p><strong>OCHRONA PRZED ZAGRO\u017bENIAMI<\/strong><\/p>\n<p>Zapobieganie w\u0142amaniom, automatyczne wykrywanie i skanowanie protoko\u0142\u00f3w, kontrola aplikacji, ochrona przed atakami Denial of Service (DoS), ochrona przed SQL injection, ochrona przed Cross- Site Scripting (XSS), ochrona przed z\u0142o\u015bliwym<br \/>\nkodem Web2.0 i skryptami, wykrywanie trojan\u00f3w, wykrywanie interaktywnych po\u0142\u0105cze\u0144 (botnety, Command &amp; Control), zaawansowane zarz\u0105dzanie fragmentacj\u0105, automatyczna kwarantanna w przypadku ataku, antyspam i antyphishing, reputacja na bazie analizy heurystycznej, wbudowane oprogramowanie antywirusowe (HTTP, SMTP, POP3, FTP), deszyfracja i kontrola ruchu SSL, ochrona VoIP (SIP), dostosowanie polityki filtrowania do zdarze\u0144 bezpiecze\u0144stwa lub wykrywanie luk w zabezpieczeniach, wykrywanie niezidentyfikowanych dotychczas zagro\u017ce\u0144 r\u00f3\u017cnego typu, przy<br \/>\nwykorzystaniu Sandboxingu w chmurze, kt\u00f3rego datacenter s\u0105 w Europie (opcja).<\/p>\n<p><strong>POUFNO\u015a\u0106<\/strong><\/p>\n<p>Site-to-site lub Client-to-site IPSec VPN, zdalny tunel SSL VPN w trybie Multi-OS (Windows, Android, iOS, itp.), automatycznie konfigurowany klient SSL VPN (Windows), wsparcie dla Android \/ iPhone IPSec VPN.<\/p>\n<p><strong>SIE\u0106 &#8211; INTEGRACJA<\/strong><\/p>\n<p>IPv6, NAT, PAT, tryb transparentny (bridge) \/ router \/ hybrydowy, dynamiczny routing (RIP, OSPF, BGP), wielopoziomowe wewn\u0119trzne lub zewn\u0119trzne zarz\u0105dzanie PKI, integracja z wieloma bazami u\u017cytkownik\u00f3w (w tym wewn\u0119trzna baza LDAP),<br \/>\nrouting oparty na regu\u0142ach (PBR), zarz\u0105dzanie QoS, DHCP klient \/ relay \/ serwer, klient NTP, DNS proxy, HTTP proxy, HA, redundancja \u0142\u0105czy WAN, LACP, wsparcie dla Spanning-tree protocol (RSTP\/ MSTP), SD-WAN.<\/p>\n<p><strong>ZARZ\u0104DZANIE<\/strong><\/p>\n<p>Interfejs webowy, anonimizacja log\u00f3w, obiektowe zarz\u0105dzanie politykami, licznik u\u017cycia regu\u0142, analizator poprawno\u015bci regu\u0142, ponad 15 kreator\u00f3w konfiguracji, globalna \/ lokalna polityka bezpiecze\u0144stwa, wbudowane raportowanie i narz\u0119dzia do analizy, interaktywne i konfigurowalne raporty, wysy\u0142anie log\u00f3w do serwera syslog UDP \/ TCP\/ TLS, SNMP v1, v2, v3, automatyczne tworzenie kopii zapasowych konfiguracji.<\/p>\n<p><strong>SPECYFIKACJA TECHNICZNA<\/strong><\/p>\n<p>WYDAJNO\u015a\u0106*<br \/>\nPrzepustowo\u015b\u0107 Firewall (1518 bajt\u00f3w UDP) 8 Gbps<br \/>\nPrzepustowo\u015b\u0107 IPS (1518 bajt\u00f3w UDP) 3.3 Gbps<br \/>\nPrzepustowo\u015b\u0107 IPS (plik HTTP 1MB) 1.7 Gbps<br \/>\nPrzepustowo\u015b\u0107 Antywirus 950 Mbps<\/p>\n<p>VPN*<br \/>\nPrzepustowo\u015b\u0107 IPSec &#8211; AES-GCM 1.3 Gbps<br \/>\nPrzepustowo\u015b\u0107 IPSec &#8211; AES256\/SHA2 780 Mbps<br \/>\nMaks. liczba tuneli IPSec VPN 500<br \/>\nMaks. liczba SSL VPN (tryb Portal) 75<br \/>\nLiczba jednoczesnych klient\u00f3w SSL VPN 100<\/p>\n<p>PO\u0141\u0104CZENIA SIECIOWE<br \/>\nLiczba jednoczesnych sesji 500 000<br \/>\nNowe sesje na sekund\u0119 25 000<br \/>\nMaksymalna liczba dostawc\u00f3w internetu\/zapasowych 64\/64<\/p>\n<p>INTERFEJSY SIECIOWE<br \/>\nInterfejsy Ethernet 10\/100\/1000 12<\/p>\n<p>SYSTEM<br \/>\nMaksymalna liczba regu\u0142 filtrowania 8 192<br \/>\nMaksymalna liczba tras statycznych 2 048<br \/>\nMaksymalna liczba tras dynamicznych 10 000<\/p>\n<p>REDUNDANCJA<br \/>\nHigh Availability (Active\/Passive)<\/p>\n<p>SPRZ\u0118T<br \/>\nDysk lokalny<br \/>\nPartycja na logi &gt; 200 GB<br \/>\nMTBF w 25\u00b0C (lata) 20.1<br \/>\nWielko\u015b\u0107 urz\u0105dzenia 1U -19\u201d<br \/>\nWysoko\u015b\u0107 x szeroko\u015b\u0107 x g\u0142\u0119boko\u015b\u0107 (mm) 44.45 x 440 x 310<br \/>\nWaga 4.25 kg (9.4 lbs)<br \/>\nOpakowanie: Wysoko\u015b\u0107 x Szeroko\u015b\u0107 x G\u0142\u0119boko\u015b\u0107 (mm) 142 x 590 x 443<br \/>\nWaga z opakowaniem 6.2 kg (13.7 lbs)<br \/>\nZasilanie (AC) 100-240V 60-50Hz 3-1.5A<br \/>\nPob\u00f3r energii elektrycznej (maks.) 230V 50Hz 34W 0.21A<br \/>\nWentylator 2<br \/>\nPoziom g\u0142o\u015bno\u015bci 55dbA<br \/>\nRozpraszanie ciep\u0142a (maks., BTU\/h) 130<br \/>\nTemperatura pracy 5\u00b0 to 40\u00b0C (41\u00b0 to 104\u00b0F)<br \/>\nWilgotno\u015b\u0107 wzgl\u0119dna, podczas pracy (bez kondensacji) 20% to 90% @ 40\u00b0C<br \/>\nTemperatura przechowywania -30\u00b0 to 65\u00b0C (-22\u00b0 to 149\u00b0F)<br \/>\nWilgotno\u015b\u0107 wzgl\u0119dna, przechowywanie (bez kondensacji) 5% to 95% @ 60\u00b0C<\/p>\n<p>SYSTEM<br \/>\nMaksymalna liczba regu\u0142 filtrowania 8 192<br \/>\nMaksymalna liczba tras statycznych 2 048<br \/>\nMaksymalna liczba tras dynamicznych 10 000<\/p>\n<p>CERTYFIKACJA<br \/>\nZgodno\u015b\u0107 CE\/FCC\/CB<\/p>\n<p>* Test przeprowadzony w warunkach laboratoryjnych dla<br \/>\noprogramowania w wersji 4.x. Wyniki mog\u0105 si\u0119 r\u00f3\u017cni\u0107 w<br \/>\nzale\u017cno\u015bci od warunk\u00f3w testowych i wersji oprogramowania.<br \/>\n** Opcjonalnie.<\/p>\n<\/div>\n<\/div>\n<\/div>\n<\/div>\n","protected":false},"excerpt":{"rendered":"<p>UTM \/ Next Generation Firewall dla \u015brednich i du\u017cych sieci.<\/p>\n<p><a href=\"https:\/\/makanet24.pl\/wp-content\/uploads\/2021\/04\/sn510.png\"><img loading=\"lazy\" class=\"alignnone size-medium wp-image-1832\" src=\"https:\/\/makanet24.pl\/wp-content\/uploads\/2021\/04\/sn510-medium.png\" alt=\"\" width=\"300\" height=\"300\" srcset=\"https:\/\/makanet24.pl\/wp-content\/uploads\/2021\/04\/sn510-medium.png 300w, https:\/\/makanet24.pl\/wp-content\/uploads\/2021\/04\/sn510-small.png 150w, https:\/\/makanet24.pl\/wp-content\/uploads\/2021\/04\/sn510.png 600w\" sizes=\"(max-width: 300px) 100vw, 300px\" \/><\/a><\/p>\n<p><strong>8 Gbps PRZEPUSTOWO\u015a\u0106 FIREWALL<\/strong><\/p>\n<p><strong>1.3 Gbps PRZEPUSTOWO\u015a\u0106 IPSEC VPN<\/strong><\/p>\n<p><strong>950 Mbps PRZEPUSTOWO\u015a\u0106 ANTYWIRUS<\/strong><\/p>\n<p><strong>12 port\u00f3w INTERFEJSY ETHERNET 10\/100\/1000<\/strong><\/p>\n","protected":false},"featured_media":1832,"comment_status":"open","ping_status":"closed","template":"","meta":[],"yoast_head":"<!-- This site is optimized with the Yoast SEO plugin v16.2 - https:\/\/yoast.com\/wordpress\/plugins\/seo\/ -->\n<title>Stormshield SN510 - Makanet24<\/title>\n<meta name=\"robots\" content=\"index, follow, max-snippet:-1, max-image-preview:large, max-video-preview:-1\" \/>\n<link rel=\"canonical\" href=\"https:\/\/makanet24.pl\/index.php\/produkt\/stormshield-sn510\/\" \/>\n<meta property=\"og:locale\" content=\"pl_PL\" \/>\n<meta property=\"og:type\" content=\"article\" \/>\n<meta property=\"og:title\" content=\"Stormshield SN510 - Makanet24\" \/>\n<meta property=\"og:description\" content=\"UTM \/ Next Generation Firewall dla \u015brednich i du\u017cych sieci.    8 Gbps PRZEPUSTOWO\u015a\u0106 FIREWALL  1.3 Gbps PRZEPUSTOWO\u015a\u0106 IPSEC VPN  950 Mbps PRZEPUSTOWO\u015a\u0106 ANTYWIRUS  12 port\u00f3w INTERFEJSY ETHERNET 10\/100\/1000\" \/>\n<meta property=\"og:url\" content=\"https:\/\/makanet24.pl\/index.php\/produkt\/stormshield-sn510\/\" \/>\n<meta property=\"og:site_name\" content=\"Makanet24\" \/>\n<meta property=\"article:modified_time\" content=\"2024-07-09T02:08:08+00:00\" \/>\n<meta property=\"og:image\" content=\"https:\/\/makanet24.pl\/wp-content\/uploads\/2021\/04\/sn510.png\" \/>\n\t<meta property=\"og:image:width\" content=\"600\" \/>\n\t<meta property=\"og:image:height\" content=\"600\" \/>\n<meta name=\"twitter:card\" content=\"summary_large_image\" \/>\n<meta name=\"twitter:label1\" content=\"Szacowany czas czytania\">\n\t<meta name=\"twitter:data1\" content=\"4 minuty\">\n<script type=\"application\/ld+json\" class=\"yoast-schema-graph\">{\"@context\":\"https:\/\/schema.org\",\"@graph\":[{\"@type\":\"WebSite\",\"@id\":\"https:\/\/makanet24.pl\/#website\",\"url\":\"https:\/\/makanet24.pl\/\",\"name\":\"Makanet24\",\"description\":\"Sklep internetowy z produktami IT\",\"potentialAction\":[{\"@type\":\"SearchAction\",\"target\":\"https:\/\/makanet24.pl\/?s={search_term_string}\",\"query-input\":\"required name=search_term_string\"}],\"inLanguage\":\"pl-PL\"},{\"@type\":\"ImageObject\",\"@id\":\"https:\/\/makanet24.pl\/index.php\/produkt\/stormshield-sn510\/#primaryimage\",\"inLanguage\":\"pl-PL\",\"url\":\"https:\/\/makanet24.pl\/wp-content\/uploads\/2021\/04\/sn510.png\",\"contentUrl\":\"https:\/\/makanet24.pl\/wp-content\/uploads\/2021\/04\/sn510.png\",\"width\":600,\"height\":600},{\"@type\":\"WebPage\",\"@id\":\"https:\/\/makanet24.pl\/index.php\/produkt\/stormshield-sn510\/#webpage\",\"url\":\"https:\/\/makanet24.pl\/index.php\/produkt\/stormshield-sn510\/\",\"name\":\"Stormshield SN510 - Makanet24\",\"isPartOf\":{\"@id\":\"https:\/\/makanet24.pl\/#website\"},\"primaryImageOfPage\":{\"@id\":\"https:\/\/makanet24.pl\/index.php\/produkt\/stormshield-sn510\/#primaryimage\"},\"datePublished\":\"2021-04-26T21:14:29+00:00\",\"dateModified\":\"2024-07-09T02:08:08+00:00\",\"breadcrumb\":{\"@id\":\"https:\/\/makanet24.pl\/index.php\/produkt\/stormshield-sn510\/#breadcrumb\"},\"inLanguage\":\"pl-PL\",\"potentialAction\":[{\"@type\":\"ReadAction\",\"target\":[\"https:\/\/makanet24.pl\/index.php\/produkt\/stormshield-sn510\/\"]}]},{\"@type\":\"BreadcrumbList\",\"@id\":\"https:\/\/makanet24.pl\/index.php\/produkt\/stormshield-sn510\/#breadcrumb\",\"itemListElement\":[{\"@type\":\"ListItem\",\"position\":1,\"item\":{\"@type\":\"WebPage\",\"@id\":\"https:\/\/makanet24.pl\/\",\"url\":\"https:\/\/makanet24.pl\/\",\"name\":\"Strona g\\u0142\\u00f3wna\"}},{\"@type\":\"ListItem\",\"position\":2,\"item\":{\"@type\":\"WebPage\",\"@id\":\"https:\/\/makanet24.pl\/index.php\/sklep\/\",\"url\":\"https:\/\/makanet24.pl\/index.php\/sklep\/\",\"name\":\"Sklep\"}},{\"@type\":\"ListItem\",\"position\":3,\"item\":{\"@id\":\"https:\/\/makanet24.pl\/index.php\/produkt\/stormshield-sn510\/#webpage\"}}]}]}<\/script>\n<!-- \/ Yoast SEO plugin. -->","_links":{"self":[{"href":"https:\/\/makanet24.pl\/index.php\/wp-json\/wp\/v2\/product\/1829"}],"collection":[{"href":"https:\/\/makanet24.pl\/index.php\/wp-json\/wp\/v2\/product"}],"about":[{"href":"https:\/\/makanet24.pl\/index.php\/wp-json\/wp\/v2\/types\/product"}],"replies":[{"embeddable":true,"href":"https:\/\/makanet24.pl\/index.php\/wp-json\/wp\/v2\/comments?post=1829"}],"wp:featuredmedia":[{"embeddable":true,"href":"https:\/\/makanet24.pl\/index.php\/wp-json\/wp\/v2\/media\/1832"}],"wp:attachment":[{"href":"https:\/\/makanet24.pl\/index.php\/wp-json\/wp\/v2\/media?parent=1829"}],"curies":[{"name":"wp","href":"https:\/\/api.w.org\/{rel}","templated":true}]}}