{"id":1824,"date":"2021-04-26T23:09:04","date_gmt":"2021-04-26T21:09:04","guid":{"rendered":"https:\/\/makanet24.pl\/?post_type=product&#038;p=1824"},"modified":"2021-05-02T19:29:29","modified_gmt":"2021-05-02T17:29:29","slug":"stormshield-sn210","status":"publish","type":"product","link":"https:\/\/makanet24.pl\/index.php\/produkt\/stormshield-sn210\/","title":{"rendered":"Stormshield SN210"},"content":{"rendered":"<div class=\"page\" title=\"Page 1\">\n<div class=\"section\">\n<div class=\"layoutArea\">\n<div class=\"column\">\n<h2>Pe\u0142ne bezpiecze\u0144stwo idealne dla ma\u0142ych firm lub oddzia\u0142\u00f3w.<\/h2>\n<h3>Najwy\u017csze standardy bezpiecze\u0144stwa<\/h3>\n<p>Stormshield SN210 oferuje najbardziej wszechstronne funkcje zabezpiecze\u0144 dost\u0119pne na Polskim rynku: system zapobiegania w\u0142amaniom (IPS), firewall, kontrola aplikacji, VPN, wykrywanie luk w systemach, antywirus, antyspam, filtrowanie WWW.<\/p>\n<h3>Pe\u0142na gwarancja dost\u0119pno\u015bci<\/h3>\n<p>Mo\u017cliwo\u015b\u0107 korzystania z redundantnych \u0142\u0105czy dost\u0119pu do Internetu pozwoli utrzyma\u0107 funkcjonowanie firmy nawet w przypadku awarii \u0142\u0105cza.<\/p>\n<h3>Dost\u0119p do firmowych zasob\u00f3w bez obaw o bezpiecze\u0144stwo<\/h3>\n<p>Zaawansowane funkcje IPSec VPN pozwol\u0105 na to, by Twoje oddzia\u0142y i zdalne lokalizacje by\u0142y ze sob\u0105 po\u0142\u0105czone bezpiecznie i bezproblemowo.<\/p>\n<p>FUNKCJONALNO\u015aCI:<\/p>\n<p>KONTROLA WYKORZYSTANIA SIECI<br \/>\nFirewall\/IPS\/IDS, firewall aplikacyjny, filtrowanie Microsoft Services, przemys\u0142owy Firewall\/IPS\/IDS wykrywanie i kontrola wykorzystywanych urz\u0105dze\u0144 mobilnych, przegl\u0105d u\u017cywanych w sieci aplikacji (opcja), wykrywanie podatno\u015bci (opcja), filtrowanie oparte o geolokacj\u0119 (kraje, kontynenty), dynamiczna reputacja hosta, filtrowanie adres\u00f3w URL (filtr chmurowy lub wbudowany), transparentne uwierzytelnianie (Active Directory SSO agent, certyfikaty SSL, SPNEGO), uwierzytelnianie wielu<br \/>\nu\u017cytkownik\u00f3w w trybie cookies (Citrix-TSE) &#8211; wiele metod uwierzytelniania go\u015bci.<\/p>\n<p>OCHRONA PRZED ZAGRO\u017bENIAMI<br \/>\nZapobieganie w\u0142amaniom, automatyczne wykrywanie i skanowanie protoko\u0142\u00f3w, kontrola aplikacji, ochrona przed atakami Denial of Service (DoS), ochrona przed SQL injection, ochrona przed Cross- Site Scripting (XSS), ochrona przed z\u0142o\u015bliwym<br \/>\nkodem Web2.0 i skryptami, wykrywanie trojan\u00f3w, wykrywanie interaktywnych po\u0142\u0105cze\u0144 (botnety, Command &amp; Control), zaawansowane zarz\u0105dzanie fragmentacj\u0105, automatyczna kwarantanna w przypadku ataku, antyspam i antyphishing, reputacja na bazie analizy heurystycznej, wbudowane oprogramowanie antywirusowe (HTTP, SMTP, POP3,FTP),deszyfracja i kontrola ruchu SSL, ochrona VoIP (SIP), dostosowanie polityki filtrowania do zdarze\u0144 bezpiecze\u0144stwa lub wykrywanie luk<br \/>\nw zabezpieczeniach, wykrywanie niezidentyfikowanych dotychczas zagro\u017ce\u0144 r\u00f3\u017cnego typu, przy wykorzystaniu Sandboxingu w chmurze, kt\u00f3rego datacenter s\u0105 w Europie (opcja).<\/p>\n<p>POUFNO\u015a\u0106<\/p>\n<p>Site-to-site lub Client-to-site IPSec VPN, zdalny tunel SSL VPN w trybie Multi-OS (Windows, Android, iOS,itp.),automatycznie konfigurowany klient SSL VPN (Windows), wsparcie dla Android \/ iPhone IPSec VPN.<\/p>\n<p>SIE\u0106 &#8211; INTEGRACJA<\/p>\n<p>IPv6, NAT, PAT, tryb transparentny (bridge) \/ router \/ hybrydowy, dynamiczny routing (RIP, OSPF, BGP),wielopoziomowe wewn\u0119trzne lub zewn\u0119trzne zarz\u0105dzanie PKI, integracja z wieloma bazami u\u017cytkownik\u00f3w (w tym wewn\u0119trzna baza LDAP),<br \/>\nrouting oparty na regu\u0142ach (PBR), zarz\u0105dzanie QoS, DHCP klient \/ relay \/ serwer, klient NTP, DNS proxy, HTTP proxy, redundancja \u0142\u0105czy WAN, SD-WAN.<\/p>\n<p>ZARZ\u0104DZANIE<\/p>\n<p>Interfejs webowy, anonimizacja log\u00f3w, obiektowe zarz\u0105dzanie politykami, licznik u\u017cycia regu\u0142, analizator poprawno\u015bci regu\u0142, ponad 15 kreator\u00f3w konfiguracji, globalna \/ lokalna polityka bezpiecze\u0144stwa, wbudowane raportowanie i narz\u0119dzia do analizy, interaktywne i konfigurowalne raporty, wysy\u0142anie log\u00f3w do serwera syslog UDP \/ TCP\/ TLS, SNMP v1,v2,v3,automatyczne tworzenie kopii zapasowych konfiguracji, pami\u0119\u0107 zewn\u0119trzna (wymagana karta SD).<\/p>\n<p>SPECYFIKACJA TECHNICZNA<br \/>\nWYDAJNO\u015a\u0106*<br \/>\nPrzepustowo\u015b\u0107 Firewall (1518 bajt\u00f3w UDP) 2 Gbps<br \/>\nPrzepustowo\u015b\u0107 IPS (1518 bajt\u00f3w UDP) 1.6 Gbps<br \/>\nPrzepustowo\u015b\u0107 IPS (plik HTTP 1MB) 800 Mbps<br \/>\nPrzepustowo\u015b\u0107 Antywirus 400 Mbps<\/p>\n<p>VPN*<br \/>\nPrzepustowo\u015b\u0107 IPSec &#8211; AES-GCM 140 Mbps<br \/>\nPrzepustowo\u015b\u0107 IPSec &#8211; AES256\/SHA2 350 Mbps<br \/>\nMaks. liczba tuneli IPSec VPN 50<br \/>\nMaks. liczba SSL VPN (tryb Portal) 20<br \/>\nLiczba jednoczesnych klient\u00f3w SSL VPN 20<\/p>\n<p>PO\u0141\u0104CZENIA SIECIOWE<br \/>\nLiczba jednoczesnych sesji 200 000<br \/>\nNowe sesje na sekund\u0119 15 000<br \/>\nMaksymalna liczba dostawc\u00f3w internetu\/zapasowych 64\/64<br \/>\nINTERFEJSY SIECIOWE<br \/>\nInterfejsy Ethernet 10\/100\/1000 2+6 switch<\/p>\n<p>SYSTEM<br \/>\nMaksymalna liczba regu\u0142 filtrowania 4 096<br \/>\nMaksymalna liczba tras statycznych 512<br \/>\nMaksymalna liczba tras dynamicznych 10 000<br \/>\nREDUNDANCJA<br \/>\nHigh Availability (Active\/Passive)<\/p>\n<p>SPRZ\u0118T<br \/>\nDysk lokalny Karta pami\u0119ci SD**<br \/>\nMTBF w 25\u00b0C (lata) 20.6<br \/>\nWielko\u015b\u0107 urz\u0105dzenia 1U (&lt;1\/2 19\u201d)<br \/>\nWysoko\u015b\u0107 x szeroko\u015b\u0107 x g\u0142\u0119boko\u015b\u0107 (mm) 46 x 210 x 195<br \/>\nWaga 1 kg (2.2 lbs)<br \/>\nOpakowanie: Wysoko\u015b\u0107 x Szeroko\u015b\u0107 x G\u0142\u0119boko\u015b\u0107 (mm) 90 x 360 x 290<br \/>\nWaga z opakowaniem 2 kg (4.41 lbs)<br \/>\nZasilanie (AC) 100-240V 60-50Hz 1.3-0.75A<br \/>\nPob\u00f3r energii elektrycznej (maks.) 230V 50Hz 11.1W 0.1A<br \/>\nPoziom g\u0142o\u015bno\u015bci bez wentylatora (ch\u0142odzenie pasywne)<br \/>\nRozpraszanie ciep\u0142a (maks., BTU\/h) 45<br \/>\nTemperatura pracy 5\u00b0 to 40\u00b0C (41\u00b0 to 104\u00b0F)<\/p>\n<p>Wilgotno\u015b\u0107 wzgl\u0119dna, podczas pracy (bez kondensacji) 20% to 90% @ 40\u00b0C<br \/>\nTemperatura przechowywania -30\u00b0 to 65\u00b0C (-22\u00b0 to 149\u00b0F)<br \/>\nWilgotno\u015b\u0107 wzgl\u0119dna, przechowywanie (bez kondensacji)<br \/>\n5% to 95% @ 60\u00b0C<br \/>\nCERTYFIKACJA<br \/>\nZgodno\u015b\u0107 CE\/FCC\/CB<\/p>\n<p>* Test przeprowadzony w warunkach laboratoryjnych dla<br \/>\noprogramowania w wersji 4.x. Wyniki mog\u0105 si\u0119 r\u00f3\u017cni\u0107 w<br \/>\nzale\u017cno\u015bci od warunk\u00f3w testowych i wersji oprogramowania.<br \/>\n** Opcjonalnie.<\/p>\n<\/div>\n<\/div>\n<\/div>\n<\/div>\n","protected":false},"excerpt":{"rendered":"<p>Wybierz najlepsze narz\u0119dzie do kompleksowego zabezpieczenia swojej sieci firmowej. UTM \/ Next Generation Firewall dla ma\u0142ych sieci.<\/p>\n<p><a href=\"https:\/\/makanet24.pl\/wp-content\/uploads\/2021\/04\/sn210.png\"><img loading=\"lazy\" class=\"alignnone size-medium wp-image-1825\" src=\"https:\/\/makanet24.pl\/wp-content\/uploads\/2021\/04\/sn210-medium.png\" alt=\"\" width=\"300\" height=\"300\" srcset=\"https:\/\/makanet24.pl\/wp-content\/uploads\/2021\/04\/sn210-medium.png 300w, https:\/\/makanet24.pl\/wp-content\/uploads\/2021\/04\/sn210-small.png 150w, https:\/\/makanet24.pl\/wp-content\/uploads\/2021\/04\/sn210.png 600w\" sizes=\"(max-width: 300px) 100vw, 300px\" \/><\/a><\/p>\n<p><strong>2 Gbps PRZEPUSTOWO\u015a\u0106 FIREWALL<\/strong><\/p>\n<p><strong>350 Mbps PRZEPUSTOWO\u015a\u0106 IPSEC VPN<\/strong><\/p>\n<p><strong>400 Mbps PRZEPUSTOWO\u015a\u0106 ANTYWIRUS<\/strong><\/p>\n<p><strong>2+6 port\u00f3w INTERFEJSY ETHERNET 10\/100\/1000<\/strong><\/p>\n","protected":false},"featured_media":1825,"comment_status":"open","ping_status":"closed","template":"","meta":[],"yoast_head":"<!-- This site is optimized with the Yoast SEO plugin v16.2 - https:\/\/yoast.com\/wordpress\/plugins\/seo\/ -->\n<title>Stormshield SN210 - Makanet24<\/title>\n<meta name=\"robots\" content=\"index, follow, max-snippet:-1, max-image-preview:large, max-video-preview:-1\" \/>\n<link rel=\"canonical\" href=\"https:\/\/makanet24.pl\/index.php\/produkt\/stormshield-sn210\/\" \/>\n<meta property=\"og:locale\" content=\"pl_PL\" \/>\n<meta property=\"og:type\" content=\"article\" \/>\n<meta property=\"og:title\" content=\"Stormshield SN210 - Makanet24\" \/>\n<meta property=\"og:description\" content=\"Wybierz najlepsze narz\u0119dzie do kompleksowego zabezpieczenia swojej sieci firmowej. UTM \/ Next Generation Firewall dla ma\u0142ych sieci.    2 Gbps PRZEPUSTOWO\u015a\u0106 FIREWALL  350 Mbps PRZEPUSTOWO\u015a\u0106 IPSEC VPN  400 Mbps PRZEPUSTOWO\u015a\u0106 ANTYWIRUS  2+6 port\u00f3w INTERFEJSY ETHERNET 10\/100\/1000\" \/>\n<meta property=\"og:url\" content=\"https:\/\/makanet24.pl\/index.php\/produkt\/stormshield-sn210\/\" \/>\n<meta property=\"og:site_name\" content=\"Makanet24\" \/>\n<meta property=\"article:modified_time\" content=\"2021-05-02T17:29:29+00:00\" \/>\n<meta property=\"og:image\" content=\"https:\/\/makanet24.pl\/wp-content\/uploads\/2021\/04\/sn210.png\" \/>\n\t<meta property=\"og:image:width\" content=\"600\" \/>\n\t<meta property=\"og:image:height\" content=\"600\" \/>\n<meta name=\"twitter:card\" content=\"summary_large_image\" \/>\n<meta name=\"twitter:label1\" content=\"Szacowany czas czytania\">\n\t<meta name=\"twitter:data1\" content=\"3 minuty\">\n<script type=\"application\/ld+json\" class=\"yoast-schema-graph\">{\"@context\":\"https:\/\/schema.org\",\"@graph\":[{\"@type\":\"WebSite\",\"@id\":\"https:\/\/makanet24.pl\/#website\",\"url\":\"https:\/\/makanet24.pl\/\",\"name\":\"Makanet24\",\"description\":\"Sklep internetowy z produktami IT\",\"potentialAction\":[{\"@type\":\"SearchAction\",\"target\":\"https:\/\/makanet24.pl\/?s={search_term_string}\",\"query-input\":\"required name=search_term_string\"}],\"inLanguage\":\"pl-PL\"},{\"@type\":\"ImageObject\",\"@id\":\"https:\/\/makanet24.pl\/index.php\/produkt\/stormshield-sn210\/#primaryimage\",\"inLanguage\":\"pl-PL\",\"url\":\"https:\/\/makanet24.pl\/wp-content\/uploads\/2021\/04\/sn210.png\",\"contentUrl\":\"https:\/\/makanet24.pl\/wp-content\/uploads\/2021\/04\/sn210.png\",\"width\":600,\"height\":600},{\"@type\":\"WebPage\",\"@id\":\"https:\/\/makanet24.pl\/index.php\/produkt\/stormshield-sn210\/#webpage\",\"url\":\"https:\/\/makanet24.pl\/index.php\/produkt\/stormshield-sn210\/\",\"name\":\"Stormshield SN210 - Makanet24\",\"isPartOf\":{\"@id\":\"https:\/\/makanet24.pl\/#website\"},\"primaryImageOfPage\":{\"@id\":\"https:\/\/makanet24.pl\/index.php\/produkt\/stormshield-sn210\/#primaryimage\"},\"datePublished\":\"2021-04-26T21:09:04+00:00\",\"dateModified\":\"2021-05-02T17:29:29+00:00\",\"breadcrumb\":{\"@id\":\"https:\/\/makanet24.pl\/index.php\/produkt\/stormshield-sn210\/#breadcrumb\"},\"inLanguage\":\"pl-PL\",\"potentialAction\":[{\"@type\":\"ReadAction\",\"target\":[\"https:\/\/makanet24.pl\/index.php\/produkt\/stormshield-sn210\/\"]}]},{\"@type\":\"BreadcrumbList\",\"@id\":\"https:\/\/makanet24.pl\/index.php\/produkt\/stormshield-sn210\/#breadcrumb\",\"itemListElement\":[{\"@type\":\"ListItem\",\"position\":1,\"item\":{\"@type\":\"WebPage\",\"@id\":\"https:\/\/makanet24.pl\/\",\"url\":\"https:\/\/makanet24.pl\/\",\"name\":\"Strona g\\u0142\\u00f3wna\"}},{\"@type\":\"ListItem\",\"position\":2,\"item\":{\"@type\":\"WebPage\",\"@id\":\"https:\/\/makanet24.pl\/index.php\/sklep\/\",\"url\":\"https:\/\/makanet24.pl\/index.php\/sklep\/\",\"name\":\"Sklep\"}},{\"@type\":\"ListItem\",\"position\":3,\"item\":{\"@id\":\"https:\/\/makanet24.pl\/index.php\/produkt\/stormshield-sn210\/#webpage\"}}]}]}<\/script>\n<!-- \/ Yoast SEO plugin. -->","_links":{"self":[{"href":"https:\/\/makanet24.pl\/index.php\/wp-json\/wp\/v2\/product\/1824"}],"collection":[{"href":"https:\/\/makanet24.pl\/index.php\/wp-json\/wp\/v2\/product"}],"about":[{"href":"https:\/\/makanet24.pl\/index.php\/wp-json\/wp\/v2\/types\/product"}],"replies":[{"embeddable":true,"href":"https:\/\/makanet24.pl\/index.php\/wp-json\/wp\/v2\/comments?post=1824"}],"wp:featuredmedia":[{"embeddable":true,"href":"https:\/\/makanet24.pl\/index.php\/wp-json\/wp\/v2\/media\/1825"}],"wp:attachment":[{"href":"https:\/\/makanet24.pl\/index.php\/wp-json\/wp\/v2\/media?parent=1824"}],"curies":[{"name":"wp","href":"https:\/\/api.w.org\/{rel}","templated":true}]}}