{"id":1822,"date":"2021-04-26T23:06:39","date_gmt":"2021-04-26T21:06:39","guid":{"rendered":"https:\/\/makanet24.pl\/?post_type=product&#038;p=1822"},"modified":"2021-05-02T19:04:42","modified_gmt":"2021-05-02T17:04:42","slug":"stormshield-sn160w","status":"publish","type":"product","link":"https:\/\/makanet24.pl\/index.php\/produkt\/stormshield-sn160w\/","title":{"rendered":"Stormshield SN160W Wi-Fi"},"content":{"rendered":"<div class=\"page\" title=\"Page 1\">\n<div class=\"section\">\n<div class=\"layoutArea\">\n<div class=\"column\">\n<p>Dzi\u0119ki wachlarzowi rozwi\u0105za\u0144 uj\u0119tych w UTM, administrator mo\u017ce elastycznie zarz\u0105dza\u0107 szeroko rozumianym bezpiecze\u0144stwem sieci: monitorowa\u0107 poziom bezpiecze\u0144stwa, reagowa\u0107 na nowe sytuacje i na czas eliminowa\u0107 zagro\u017cenia.<br \/>\n<strong>Tak w\u0142a\u015bnie dzia\u0142a STORMSHIELD.<\/strong><\/p>\n<p>Mo\u017ce r\u00f3wnie\u017c wykonywa\u0107 szereg innych czynno\u015bci usprawniaj\u0105cych prac\u0119 firmy \u2013 zestawianie tuneli VPN dla pracownik\u00f3w mobilnych oraz zdalnych lokalizacji, zwi\u0119ksza\u0107 wydajno\u015b\u0107 pracy filtrowaniem zb\u0119dnych tre\u015bci i zarz\u0105dza\u0107 przepustowo\u015bci\u0105 \u0142\u0105cza, deleguj\u0105c je wedle potrzeb wybranym pracownikom.<br \/>\n<strong>Tak r\u00f3wnie\u017c dzia\u0142a STORMSHIELD.<\/strong><\/p>\n<p>By jednak stworzy\u0107 optymalne warunki do pracy, konieczne jest zapewnienie bezpiecze\u0144stwa przed szkodliwymi czynnikami z zewn\u0105trz. Kluczowy jest zatem restrykcyjny filtr, kt\u00f3ry zatrzyma wszystko, co obni\u017cy wydajno\u015b\u0107 pracy lub wp\u0142ynie na jej bezpiecze\u0144stwo.<br \/>\n<strong>Tak przede wszystkim dzia\u0142a STORMSHIELD.<\/strong><\/p>\n<p>Ka\u017cd\u0105 ochron\u0119 mo\u017cna ustawi\u0107 w dowolnej odleg\u0142o\u015bci od bronionej zawarto\u015bci. Blisko \u2013 ryzykuj\u0105c uderzenie, ale z mo\u017cliwo\u015bci\u0105 szybkiej reakcji. Daleko \u2013 eliminuj\u0105c wroga nim stworzy zagro\u017cenie, ale spowalniaj\u0105c obron\u0119. Mo\u017cna wreszcie po\u0142\u0105czy\u0107 obie strategie czerpi\u0105c z nich wy\u0142\u0105cznie korzy\u015bci: zniszczy\u0107 zagro\u017cenie szybko i na d\u0142ugo przed uderzeniem w firmow\u0105 sie\u0107.<br \/>\n<strong>Tak dzia\u0142a tylko STORMSHIELD!<\/strong><\/p>\n<p>Parametry urz\u0105dzenia i specyfikacja sieciowa:<\/p>\n<ul>\n<li>1 + 4 porty (switch) Ethernet 10\/100\/1000 Mbps<\/li>\n<li>WiFi 802.11 a\/b\/g\/n<\/li>\n<li>przepustowo\u015b\u0107 firewalla z w\u0142\u0105czonym IPS (Mbps) 800<\/li>\n<li>przepustowo\u015b\u0107 IPSec VPN (Mbps) 200<\/li>\n<li>liczba r\u00f3wnoleg\u0142ych sesji 150 000<\/li>\n<li>nielimitowana liczba u\u017cytkownik\u00f3w (rekomendowana 10)<\/li>\n<\/ul>\n<\/div>\n<\/div>\n<\/div>\n<\/div>\n","protected":false},"excerpt":{"rendered":"<p>UTM \/ Next Generation Firewall dla ma\u0142ych sieci wi-fi, nielimitowana liczba u\u017cytkownik\u00f3w (<strong>rekomendowana 10<\/strong>)<\/p>\n<p><a href=\"https:\/\/makanet24.pl\/wp-content\/uploads\/2021\/04\/sn160w.png\"><img loading=\"lazy\" class=\"alignnone size-medium wp-image-1823\" src=\"https:\/\/makanet24.pl\/wp-content\/uploads\/2021\/04\/sn160w-medium.png\" alt=\"\" width=\"300\" height=\"300\" srcset=\"https:\/\/makanet24.pl\/wp-content\/uploads\/2021\/04\/sn160w-medium.png 300w, https:\/\/makanet24.pl\/wp-content\/uploads\/2021\/04\/sn160w-small.png 150w, https:\/\/makanet24.pl\/wp-content\/uploads\/2021\/04\/sn160w.png 600w\" sizes=\"(max-width: 300px) 100vw, 300px\" \/><\/a><\/p>\n<p>Ochrona sieci Wi-Fi<br \/>\nNajbardziej wszechstronne funkcje bezpiecze\u0144stwa na rynku: system zapobiegania w\u0142amaniom (IPS), firewall, kontrola aplikacji, VPN, audyt podatno\u015bci, antywirus, antyspam, filtrowanie stron internetowych itp. Rozwi\u0105zanie pozwala na ochron\u0119 zar\u00f3wno urz\u0105dze\u0144 stacjonarnych, jak i mobilnych.<\/p>\n<p><strong>Wi-Fi SIECI BEZPRZEWODOWE<\/strong><\/p>\n<p><strong>1 Gbps PRZEPUSTOWO\u015a\u0106 FIREWALL<\/strong><\/p>\n<p><strong>200 Mbps PRZEPUSTOWO\u015a\u0106 IPSEC VPN<\/strong><\/p>\n<p><strong>1+4 porty INTERFEJSY ETHERNET 10\/100\/1000<\/strong><\/p>\n","protected":false},"featured_media":1823,"comment_status":"open","ping_status":"closed","template":"","meta":[],"yoast_head":"<!-- This site is optimized with the Yoast SEO plugin v16.2 - https:\/\/yoast.com\/wordpress\/plugins\/seo\/ -->\n<title>Stormshield SN160W Wi-Fi - Makanet24<\/title>\n<meta name=\"robots\" content=\"index, follow, max-snippet:-1, max-image-preview:large, max-video-preview:-1\" \/>\n<link rel=\"canonical\" href=\"https:\/\/makanet24.pl\/index.php\/produkt\/stormshield-sn160w\/\" \/>\n<meta property=\"og:locale\" content=\"pl_PL\" \/>\n<meta property=\"og:type\" content=\"article\" \/>\n<meta property=\"og:title\" content=\"Stormshield SN160W Wi-Fi - Makanet24\" \/>\n<meta property=\"og:description\" content=\"UTM \/ Next Generation Firewall dla ma\u0142ych sieci wi-fi, nielimitowana liczba u\u017cytkownik\u00f3w (rekomendowana 10)    Ochrona sieci Wi-Fi Najbardziej wszechstronne funkcje bezpiecze\u0144stwa na rynku: system zapobiegania w\u0142amaniom (IPS), firewall, kontrola aplikacji, VPN, audyt podatno\u015bci, antywirus, antyspam, filtrowanie stron internetowych itp. Rozwi\u0105zanie pozwala na ochron\u0119 zar\u00f3wno urz\u0105dze\u0144 stacjonarnych, jak i mobilnych.  Wi-Fi SIECI BEZPRZEWODOWE  1 Gbps PRZEPUSTOWO\u015a\u0106 FIREWALL  200 Mbps PRZEPUSTOWO\u015a\u0106 IPSEC VPN  1+4 porty INTERFEJSY ETHERNET 10\/100\/1000\" \/>\n<meta property=\"og:url\" content=\"https:\/\/makanet24.pl\/index.php\/produkt\/stormshield-sn160w\/\" \/>\n<meta property=\"og:site_name\" content=\"Makanet24\" \/>\n<meta property=\"article:modified_time\" content=\"2021-05-02T17:04:42+00:00\" \/>\n<meta property=\"og:image\" content=\"https:\/\/makanet24.pl\/wp-content\/uploads\/2021\/04\/sn160w.png\" \/>\n\t<meta property=\"og:image:width\" content=\"600\" \/>\n\t<meta property=\"og:image:height\" content=\"600\" \/>\n<meta name=\"twitter:card\" content=\"summary_large_image\" \/>\n<meta name=\"twitter:label1\" content=\"Szacowany czas czytania\">\n\t<meta name=\"twitter:data1\" content=\"1 minuta\">\n<script type=\"application\/ld+json\" class=\"yoast-schema-graph\">{\"@context\":\"https:\/\/schema.org\",\"@graph\":[{\"@type\":\"WebSite\",\"@id\":\"https:\/\/makanet24.pl\/#website\",\"url\":\"https:\/\/makanet24.pl\/\",\"name\":\"Makanet24\",\"description\":\"Sklep internetowy z produktami IT\",\"potentialAction\":[{\"@type\":\"SearchAction\",\"target\":\"https:\/\/makanet24.pl\/?s={search_term_string}\",\"query-input\":\"required name=search_term_string\"}],\"inLanguage\":\"pl-PL\"},{\"@type\":\"ImageObject\",\"@id\":\"https:\/\/makanet24.pl\/index.php\/produkt\/stormshield-sn160w\/#primaryimage\",\"inLanguage\":\"pl-PL\",\"url\":\"https:\/\/makanet24.pl\/wp-content\/uploads\/2021\/04\/sn160w.png\",\"contentUrl\":\"https:\/\/makanet24.pl\/wp-content\/uploads\/2021\/04\/sn160w.png\",\"width\":600,\"height\":600},{\"@type\":\"WebPage\",\"@id\":\"https:\/\/makanet24.pl\/index.php\/produkt\/stormshield-sn160w\/#webpage\",\"url\":\"https:\/\/makanet24.pl\/index.php\/produkt\/stormshield-sn160w\/\",\"name\":\"Stormshield SN160W Wi-Fi - Makanet24\",\"isPartOf\":{\"@id\":\"https:\/\/makanet24.pl\/#website\"},\"primaryImageOfPage\":{\"@id\":\"https:\/\/makanet24.pl\/index.php\/produkt\/stormshield-sn160w\/#primaryimage\"},\"datePublished\":\"2021-04-26T21:06:39+00:00\",\"dateModified\":\"2021-05-02T17:04:42+00:00\",\"breadcrumb\":{\"@id\":\"https:\/\/makanet24.pl\/index.php\/produkt\/stormshield-sn160w\/#breadcrumb\"},\"inLanguage\":\"pl-PL\",\"potentialAction\":[{\"@type\":\"ReadAction\",\"target\":[\"https:\/\/makanet24.pl\/index.php\/produkt\/stormshield-sn160w\/\"]}]},{\"@type\":\"BreadcrumbList\",\"@id\":\"https:\/\/makanet24.pl\/index.php\/produkt\/stormshield-sn160w\/#breadcrumb\",\"itemListElement\":[{\"@type\":\"ListItem\",\"position\":1,\"item\":{\"@type\":\"WebPage\",\"@id\":\"https:\/\/makanet24.pl\/\",\"url\":\"https:\/\/makanet24.pl\/\",\"name\":\"Strona g\\u0142\\u00f3wna\"}},{\"@type\":\"ListItem\",\"position\":2,\"item\":{\"@type\":\"WebPage\",\"@id\":\"https:\/\/makanet24.pl\/index.php\/sklep\/\",\"url\":\"https:\/\/makanet24.pl\/index.php\/sklep\/\",\"name\":\"Sklep\"}},{\"@type\":\"ListItem\",\"position\":3,\"item\":{\"@id\":\"https:\/\/makanet24.pl\/index.php\/produkt\/stormshield-sn160w\/#webpage\"}}]}]}<\/script>\n<!-- \/ Yoast SEO plugin. -->","_links":{"self":[{"href":"https:\/\/makanet24.pl\/index.php\/wp-json\/wp\/v2\/product\/1822"}],"collection":[{"href":"https:\/\/makanet24.pl\/index.php\/wp-json\/wp\/v2\/product"}],"about":[{"href":"https:\/\/makanet24.pl\/index.php\/wp-json\/wp\/v2\/types\/product"}],"replies":[{"embeddable":true,"href":"https:\/\/makanet24.pl\/index.php\/wp-json\/wp\/v2\/comments?post=1822"}],"wp:featuredmedia":[{"embeddable":true,"href":"https:\/\/makanet24.pl\/index.php\/wp-json\/wp\/v2\/media\/1823"}],"wp:attachment":[{"href":"https:\/\/makanet24.pl\/index.php\/wp-json\/wp\/v2\/media?parent=1822"}],"curies":[{"name":"wp","href":"https:\/\/api.w.org\/{rel}","templated":true}]}}