{"id":1752,"date":"2021-04-12T00:44:33","date_gmt":"2021-04-11T22:44:33","guid":{"rendered":"https:\/\/makanet24.pl\/?post_type=product&#038;p=1752"},"modified":"2021-05-02T13:35:27","modified_gmt":"2021-05-02T11:35:27","slug":"eee-essential-edition-od-5-uzytkownikow","status":"publish","type":"product","link":"https:\/\/makanet24.pl\/index.php\/produkt\/eee-essential-edition-od-5-uzytkownikow\/","title":{"rendered":"ESET EE Essential Edition od 5 u\u017cytkownik\u00f3w"},"content":{"rendered":"<h2>Skuteczne narz\u0119dzie do szyfrowania firmowych danych<\/h2>\n<h6><a href=\"https:\/\/makanet24.pl\/wp-content\/uploads\/2021\/04\/images-3.jpg\"><img loading=\"lazy\" class=\"alignnone size-medium wp-image-1953\" src=\"https:\/\/makanet24.pl\/wp-content\/uploads\/2021\/04\/images-3-medium.jpg\" alt=\"\" width=\"300\" height=\"150\" srcset=\"https:\/\/makanet24.pl\/wp-content\/uploads\/2021\/04\/images-3-medium.jpg 300w, https:\/\/makanet24.pl\/wp-content\/uploads\/2021\/04\/images-3.jpg 318w\" sizes=\"(max-width: 300px) 100vw, 300px\" \/><\/a><\/h6>\n<h6>Umo\u017cliwia szyfrowanie plik\u00f3w, folder\u00f3w, poczty email i za\u0142\u0105cznik\u00f3w, dowolnego tekstu oraz schowka. Szyfrowanie dysk\u00f3w wirtualnych i skompresowanych archiw\u00f3w. Wersja kompatybilna z centralnym zarz\u0105dzaniem.<\/h6>\n<p><strong><span class=\"LightBox\">Wymagania systemowe<\/span><\/strong><\/p>\n<p><strong>System operacyjny:<\/strong>\u00a0Microsoft\u00ae Windows\u00ae 10, 8.1, 8, 7, Vista, XP SP 3<br \/>\n<strong>Procesor:<\/strong>\u00a0Intel\u00ae Pentium\u00ae 300MHz lub szybszy<br \/>\n<strong>Pami\u0119\u0107:<\/strong>\u00a0128MB of RAM lub wi\u0119cej Inne: wymagane po\u0142\u0105czenie z Internetem<\/p>\n<p><strong><span class=\"LightBox\">Algorytmy szyfrowania<\/span><\/strong><\/p>\n<p>AES 256 bit AES 128 bit<br \/>\nSHA 256 bit SHA1 160 bit<br \/>\nRSA 1024 bit<br \/>\nTriple DES 112 bit<br \/>\nBlowfish 128 bit<\/p>\n<p><strong>Licencjonowanie<\/strong>:<\/p>\n<p>Licencja na wszystkie programy <strong>ESET Endpoint Encryption<\/strong> jest udzielana na czas okre\u015blony lub bezterminowy. Licencje terminowe s\u0105 udzielane na okres 1 roku, 2 lub 3 lat. Licencje bezterminowe s\u0105 udzielane na okres bezterminowy z rocznym serwisem.<\/p>\n<p>Licencje terminowe zawieraj\u0105 serwis wa\u017cny przez ca\u0142y okres obowi\u0105zywania licencji, licencje bezterminowe zawieraj\u0105 serwis roczny. Istnieje mo\u017cliwo\u015b\u0107 dokupienia dodatkowego okresu serwisu zar\u00f3wno podczas zakupu nowej licencji, w trakcie trwania serwisu jak i po wyga\u015bni\u0119ciu serwisu.<\/p>\n<p>Ilo\u015b\u0107 wymaganych u klienta licencji programu <strong>ESET Endpoint Encryption<\/strong> obliczana jest na podstawie ilo\u015bci u\u017cytkownik\u00f3w korzystaj\u0105cych z okre\u015blonej wersji <strong>ESET Endpoint Encryption<\/strong> a nie ilo\u015bci stacji na kt\u00f3rych b\u0119dzie wykorzystywany program. Produkt licencjonowany jest per u\u017cytkownik, tzn. per osoba.<\/p>\n<p>&nbsp;<\/p>\n","protected":false},"excerpt":{"rendered":"<h6><a href=\"https:\/\/makanet24.pl\/wp-content\/uploads\/2021\/04\/EEE_SEBT.png\"><img loading=\"lazy\" class=\"alignnone size-medium wp-image-1751\" src=\"https:\/\/makanet24.pl\/wp-content\/uploads\/2021\/04\/EEE_SEBT-medium.png\" alt=\"\" width=\"300\" height=\"300\" srcset=\"https:\/\/makanet24.pl\/wp-content\/uploads\/2021\/04\/EEE_SEBT-medium.png 300w, https:\/\/makanet24.pl\/wp-content\/uploads\/2021\/04\/EEE_SEBT-small.png 150w, https:\/\/makanet24.pl\/wp-content\/uploads\/2021\/04\/EEE_SEBT.png 375w\" sizes=\"(max-width: 300px) 100vw, 300px\" \/><\/a>DESlock+ Essential Edition to znakomity wyb\u00f3r dla firmowych stacji roboczych. Bardzo dobra cena oraz mo\u017cliwo\u015b\u0107 \u0142atwego upgrade\u2019u do bogatszych wersji czyni z DESlock+ Essential Edition idealny pierwszy krok przy zabezpieczaniu wra\u017cliwych danych firmowych. Ponadto, dzi\u0119ki DESlock+ Enterprise Server, ka\u017cda stacja robocza dzia\u0142a w oparciu o centralnie zarz\u0105dzane regu\u0142y bezpiecze\u0144stwa.<\/h6>\n","protected":false},"featured_media":1751,"comment_status":"open","ping_status":"closed","template":"","meta":[],"yoast_head":"<!-- This site is optimized with the Yoast SEO plugin v16.2 - https:\/\/yoast.com\/wordpress\/plugins\/seo\/ -->\n<title>ESET EE Essential Edition od 5 u\u017cytkownik\u00f3w - Makanet24<\/title>\n<meta name=\"robots\" content=\"index, follow, max-snippet:-1, max-image-preview:large, max-video-preview:-1\" \/>\n<link rel=\"canonical\" href=\"https:\/\/makanet24.pl\/index.php\/produkt\/eee-essential-edition-od-5-uzytkownikow\/\" \/>\n<meta property=\"og:locale\" content=\"pl_PL\" \/>\n<meta property=\"og:type\" content=\"article\" \/>\n<meta property=\"og:title\" content=\"ESET EE Essential Edition od 5 u\u017cytkownik\u00f3w - Makanet24\" \/>\n<meta property=\"og:description\" content=\"DESlock+ Essential Edition to znakomity wyb\u00f3r dla firmowych stacji roboczych. Bardzo dobra cena oraz mo\u017cliwo\u015b\u0107 \u0142atwego upgrade\u2019u do bogatszych wersji czyni z DESlock+ Essential Edition idealny pierwszy krok przy zabezpieczaniu wra\u017cliwych danych firmowych. Ponadto, dzi\u0119ki DESlock+ Enterprise Server, ka\u017cda stacja robocza dzia\u0142a w oparciu o centralnie zarz\u0105dzane regu\u0142y bezpiecze\u0144stwa.\" \/>\n<meta property=\"og:url\" content=\"https:\/\/makanet24.pl\/index.php\/produkt\/eee-essential-edition-od-5-uzytkownikow\/\" \/>\n<meta property=\"og:site_name\" content=\"Makanet24\" \/>\n<meta property=\"article:modified_time\" content=\"2021-05-02T11:35:27+00:00\" \/>\n<meta property=\"og:image\" content=\"https:\/\/makanet24.pl\/wp-content\/uploads\/2021\/04\/EEE_SEBT.png\" \/>\n\t<meta property=\"og:image:width\" content=\"375\" \/>\n\t<meta property=\"og:image:height\" content=\"375\" \/>\n<meta name=\"twitter:card\" content=\"summary_large_image\" \/>\n<meta name=\"twitter:label1\" content=\"Szacowany czas czytania\">\n\t<meta name=\"twitter:data1\" content=\"1 minuta\">\n<script type=\"application\/ld+json\" class=\"yoast-schema-graph\">{\"@context\":\"https:\/\/schema.org\",\"@graph\":[{\"@type\":\"WebSite\",\"@id\":\"https:\/\/makanet24.pl\/#website\",\"url\":\"https:\/\/makanet24.pl\/\",\"name\":\"Makanet24\",\"description\":\"Sklep internetowy z produktami IT\",\"potentialAction\":[{\"@type\":\"SearchAction\",\"target\":\"https:\/\/makanet24.pl\/?s={search_term_string}\",\"query-input\":\"required name=search_term_string\"}],\"inLanguage\":\"pl-PL\"},{\"@type\":\"ImageObject\",\"@id\":\"https:\/\/makanet24.pl\/index.php\/produkt\/eee-essential-edition-od-5-uzytkownikow\/#primaryimage\",\"inLanguage\":\"pl-PL\",\"url\":\"https:\/\/makanet24.pl\/wp-content\/uploads\/2021\/04\/EEE_SEBT.png\",\"contentUrl\":\"https:\/\/makanet24.pl\/wp-content\/uploads\/2021\/04\/EEE_SEBT.png\",\"width\":375,\"height\":375},{\"@type\":\"WebPage\",\"@id\":\"https:\/\/makanet24.pl\/index.php\/produkt\/eee-essential-edition-od-5-uzytkownikow\/#webpage\",\"url\":\"https:\/\/makanet24.pl\/index.php\/produkt\/eee-essential-edition-od-5-uzytkownikow\/\",\"name\":\"ESET EE Essential Edition od 5 u\\u017cytkownik\\u00f3w - Makanet24\",\"isPartOf\":{\"@id\":\"https:\/\/makanet24.pl\/#website\"},\"primaryImageOfPage\":{\"@id\":\"https:\/\/makanet24.pl\/index.php\/produkt\/eee-essential-edition-od-5-uzytkownikow\/#primaryimage\"},\"datePublished\":\"2021-04-11T22:44:33+00:00\",\"dateModified\":\"2021-05-02T11:35:27+00:00\",\"breadcrumb\":{\"@id\":\"https:\/\/makanet24.pl\/index.php\/produkt\/eee-essential-edition-od-5-uzytkownikow\/#breadcrumb\"},\"inLanguage\":\"pl-PL\",\"potentialAction\":[{\"@type\":\"ReadAction\",\"target\":[\"https:\/\/makanet24.pl\/index.php\/produkt\/eee-essential-edition-od-5-uzytkownikow\/\"]}]},{\"@type\":\"BreadcrumbList\",\"@id\":\"https:\/\/makanet24.pl\/index.php\/produkt\/eee-essential-edition-od-5-uzytkownikow\/#breadcrumb\",\"itemListElement\":[{\"@type\":\"ListItem\",\"position\":1,\"item\":{\"@type\":\"WebPage\",\"@id\":\"https:\/\/makanet24.pl\/\",\"url\":\"https:\/\/makanet24.pl\/\",\"name\":\"Strona g\\u0142\\u00f3wna\"}},{\"@type\":\"ListItem\",\"position\":2,\"item\":{\"@type\":\"WebPage\",\"@id\":\"https:\/\/makanet24.pl\/index.php\/sklep\/\",\"url\":\"https:\/\/makanet24.pl\/index.php\/sklep\/\",\"name\":\"Sklep\"}},{\"@type\":\"ListItem\",\"position\":3,\"item\":{\"@id\":\"https:\/\/makanet24.pl\/index.php\/produkt\/eee-essential-edition-od-5-uzytkownikow\/#webpage\"}}]}]}<\/script>\n<!-- \/ Yoast SEO plugin. -->","_links":{"self":[{"href":"https:\/\/makanet24.pl\/index.php\/wp-json\/wp\/v2\/product\/1752"}],"collection":[{"href":"https:\/\/makanet24.pl\/index.php\/wp-json\/wp\/v2\/product"}],"about":[{"href":"https:\/\/makanet24.pl\/index.php\/wp-json\/wp\/v2\/types\/product"}],"replies":[{"embeddable":true,"href":"https:\/\/makanet24.pl\/index.php\/wp-json\/wp\/v2\/comments?post=1752"}],"wp:featuredmedia":[{"embeddable":true,"href":"https:\/\/makanet24.pl\/index.php\/wp-json\/wp\/v2\/media\/1751"}],"wp:attachment":[{"href":"https:\/\/makanet24.pl\/index.php\/wp-json\/wp\/v2\/media?parent=1752"}],"curies":[{"name":"wp","href":"https:\/\/api.w.org\/{rel}","templated":true}]}}