{"id":1701,"date":"2021-03-26T23:52:21","date_gmt":"2021-03-26T22:52:21","guid":{"rendered":"https:\/\/makanet24.pl\/?post_type=product&#038;p=1701"},"modified":"2021-04-28T11:34:11","modified_gmt":"2021-04-28T09:34:11","slug":"safetica-discovery","status":"publish","type":"product","link":"https:\/\/makanet24.pl\/index.php\/produkt\/safetica-discovery\/","title":{"rendered":"Safetica Discovery"},"content":{"rendered":"<h2 class=\"caveat red mb30 mt30\"><em>Jak dzia\u0142a Safetica Discovery<\/em>?<\/h2>\n<p>Safetica Auditor gromadzi logi ze wszystkich aktywno\u015bci pracownika na firmowym komputerze i bezpiecznie przechowuje je na serwerze. Monitoruje nawet aktywno\u015b\u0107 pracownik\u00f3w, kt\u00f3rzy nie s\u0105 pod\u0142\u0105czeni do firmowej sieci. Do raport\u00f3w z narz\u0119dzia masz dost\u0119p ca\u0142y czas \u2013 nawet ze smartfona \u2013 zyskuj\u0105c przejrzysty ogl\u0105d potencjalnych zagro\u017ce\u0144 i spadk\u00f3w produktywno\u015bci. Masz pe\u0142ne poczucie bezpiecze\u0144stwa niezale\u017cnie od tego, czy Twoi pracownicy aktualnie pracuj\u0105, czy np. s\u0105 w trakcie podr\u00f3\u017cy.<\/p>\n<h2 class=\"caveat red mt60 mb30\">Kl<em>uczowe funkcje rozwi\u0105zania Safetica Discovery<\/em><\/h2>\n<div class=\"row\">\n<div class=\"col-md-7 text-left\">\n<ul>\n<li>Szczeg\u00f3\u0142owe, przejrzyste raporty dost\u0119pne 1 klikni\u0119ciem<\/li>\n<li>Monitoring aktywno\u015bci na serwerach terminalowych<\/li>\n<li>Wykorzystanie aplikacji aktywnych i nieaktywnych<\/li>\n<li>Aktywno\u015bci zwi\u0105zane i niezwi\u0105zane z prac\u0105<\/li>\n<li>Regularne raporty i natychmiastowe powiadomienia na twoj\u0105 skrzynk\u0119 mailow\u0105<\/li>\n<li>Pe\u0142na zgodno\u015b\u0107 z europejskim prawem ochrony prywatno\u015bci pracownika<\/li>\n<\/ul>\n<\/div>\n<\/div>\n","protected":false},"excerpt":{"rendered":"<header id=\"fading\" class=\"parallax\">\n<div class=\"container\">\n<div class=\"row\">\n<div class=\"col-sm-12 text-center\">\n<div class=\"header-caption\">\n<div class=\"header-text\">\n<p class=\"text-center\">Szczeg\u00f3\u0142owa analiza incydent\u00f3w bezpiecze\u0144stwa i proces\u00f3w w twojej firmie.<\/p>\n<\/div>\n<\/div>\n<\/div>\n<\/div>\n<\/div>\n<\/header>\n","protected":false},"featured_media":1702,"comment_status":"open","ping_status":"closed","template":"","meta":[],"yoast_head":"<!-- This site is optimized with the Yoast SEO plugin v16.2 - https:\/\/yoast.com\/wordpress\/plugins\/seo\/ -->\n<title>Safetica Discovery - Makanet24<\/title>\n<meta name=\"robots\" content=\"index, follow, max-snippet:-1, max-image-preview:large, max-video-preview:-1\" \/>\n<link rel=\"canonical\" href=\"https:\/\/makanet24.pl\/index.php\/produkt\/safetica-discovery\/\" \/>\n<meta property=\"og:locale\" content=\"pl_PL\" \/>\n<meta property=\"og:type\" content=\"article\" \/>\n<meta property=\"og:title\" content=\"Safetica Discovery - Makanet24\" \/>\n<meta property=\"og:description\" content=\"Szczeg\u00f3\u0142owa analiza incydent\u00f3w bezpiecze\u0144stwa i proces\u00f3w w twojej firmie.\" \/>\n<meta property=\"og:url\" content=\"https:\/\/makanet24.pl\/index.php\/produkt\/safetica-discovery\/\" \/>\n<meta property=\"og:site_name\" content=\"Makanet24\" \/>\n<meta property=\"article:modified_time\" content=\"2021-04-28T09:34:11+00:00\" \/>\n<meta property=\"og:image\" content=\"https:\/\/makanet24.pl\/wp-content\/uploads\/2021\/03\/SAFE_DISC.png\" \/>\n\t<meta property=\"og:image:width\" content=\"375\" \/>\n\t<meta property=\"og:image:height\" content=\"375\" \/>\n<meta name=\"twitter:card\" content=\"summary_large_image\" \/>\n<meta name=\"twitter:label1\" content=\"Szacowany czas czytania\">\n\t<meta name=\"twitter:data1\" content=\"1 minuta\">\n<script type=\"application\/ld+json\" class=\"yoast-schema-graph\">{\"@context\":\"https:\/\/schema.org\",\"@graph\":[{\"@type\":\"WebSite\",\"@id\":\"https:\/\/makanet24.pl\/#website\",\"url\":\"https:\/\/makanet24.pl\/\",\"name\":\"Makanet24\",\"description\":\"Sklep internetowy z produktami IT\",\"potentialAction\":[{\"@type\":\"SearchAction\",\"target\":\"https:\/\/makanet24.pl\/?s={search_term_string}\",\"query-input\":\"required name=search_term_string\"}],\"inLanguage\":\"pl-PL\"},{\"@type\":\"ImageObject\",\"@id\":\"https:\/\/makanet24.pl\/index.php\/produkt\/safetica-discovery\/#primaryimage\",\"inLanguage\":\"pl-PL\",\"url\":\"https:\/\/makanet24.pl\/wp-content\/uploads\/2021\/03\/SAFE_DISC.png\",\"contentUrl\":\"https:\/\/makanet24.pl\/wp-content\/uploads\/2021\/03\/SAFE_DISC.png\",\"width\":375,\"height\":375},{\"@type\":\"WebPage\",\"@id\":\"https:\/\/makanet24.pl\/index.php\/produkt\/safetica-discovery\/#webpage\",\"url\":\"https:\/\/makanet24.pl\/index.php\/produkt\/safetica-discovery\/\",\"name\":\"Safetica Discovery - Makanet24\",\"isPartOf\":{\"@id\":\"https:\/\/makanet24.pl\/#website\"},\"primaryImageOfPage\":{\"@id\":\"https:\/\/makanet24.pl\/index.php\/produkt\/safetica-discovery\/#primaryimage\"},\"datePublished\":\"2021-03-26T22:52:21+00:00\",\"dateModified\":\"2021-04-28T09:34:11+00:00\",\"breadcrumb\":{\"@id\":\"https:\/\/makanet24.pl\/index.php\/produkt\/safetica-discovery\/#breadcrumb\"},\"inLanguage\":\"pl-PL\",\"potentialAction\":[{\"@type\":\"ReadAction\",\"target\":[\"https:\/\/makanet24.pl\/index.php\/produkt\/safetica-discovery\/\"]}]},{\"@type\":\"BreadcrumbList\",\"@id\":\"https:\/\/makanet24.pl\/index.php\/produkt\/safetica-discovery\/#breadcrumb\",\"itemListElement\":[{\"@type\":\"ListItem\",\"position\":1,\"item\":{\"@type\":\"WebPage\",\"@id\":\"https:\/\/makanet24.pl\/\",\"url\":\"https:\/\/makanet24.pl\/\",\"name\":\"Strona g\\u0142\\u00f3wna\"}},{\"@type\":\"ListItem\",\"position\":2,\"item\":{\"@type\":\"WebPage\",\"@id\":\"https:\/\/makanet24.pl\/index.php\/sklep\/\",\"url\":\"https:\/\/makanet24.pl\/index.php\/sklep\/\",\"name\":\"Sklep\"}},{\"@type\":\"ListItem\",\"position\":3,\"item\":{\"@id\":\"https:\/\/makanet24.pl\/index.php\/produkt\/safetica-discovery\/#webpage\"}}]}]}<\/script>\n<!-- \/ Yoast SEO plugin. -->","_links":{"self":[{"href":"https:\/\/makanet24.pl\/index.php\/wp-json\/wp\/v2\/product\/1701"}],"collection":[{"href":"https:\/\/makanet24.pl\/index.php\/wp-json\/wp\/v2\/product"}],"about":[{"href":"https:\/\/makanet24.pl\/index.php\/wp-json\/wp\/v2\/types\/product"}],"replies":[{"embeddable":true,"href":"https:\/\/makanet24.pl\/index.php\/wp-json\/wp\/v2\/comments?post=1701"}],"wp:featuredmedia":[{"embeddable":true,"href":"https:\/\/makanet24.pl\/index.php\/wp-json\/wp\/v2\/media\/1702"}],"wp:attachment":[{"href":"https:\/\/makanet24.pl\/index.php\/wp-json\/wp\/v2\/media?parent=1701"}],"curies":[{"name":"wp","href":"https:\/\/api.w.org\/{rel}","templated":true}]}}