{"id":1695,"date":"2021-03-26T23:31:27","date_gmt":"2021-03-26T22:31:27","guid":{"rendered":"https:\/\/makanet24.pl\/?post_type=product&#038;p=1695"},"modified":"2021-04-28T11:34:52","modified_gmt":"2021-04-28T09:34:52","slug":"safetica-enterprise","status":"publish","type":"product","link":"https:\/\/makanet24.pl\/index.php\/produkt\/safetica-enterprise\/","title":{"rendered":"Safetica Enterprise"},"content":{"rendered":"<p>Safetica Enterprise to rozwi\u0105zanie DLP (Data Loss Prevention) nowej generacji, pozwalaj\u0105ce \u0142atwo wykrywa\u0107 zagro\u017cenia bezpiecze\u0144stwa Twoich wra\u017cliwych danych. Proste we wdro\u017ceniu, b\u0142yskawicznie chroni firmow\u0105 sie\u0107 przed wyciekami kluczowych informacji.<\/p>\n<div class=\"default \">\n<div class=\"container\">\n<h2 class=\"caveat red text-center mb60 mt60\">Co oferuje Safetica Enterprise?<\/h2>\n<div class=\"row prehled-o-fungovani\">\n<div class=\"col-sm-6 text-left\">\n<ul>\n<li>Audyt przesy\u0142anych danych<\/li>\n<li>Identyfikowanie danych<\/li>\n<li>Filtrowanie kana\u0142u danych<\/li>\n<li>\u015acie\u017cka post\u0119powania dla danych niejawnych<\/li>\n<li>Elastyczny model DLP<\/li>\n<\/ul>\n<\/div>\n<div class=\"col-sm-6 text-left\">\n<ul>\n<li>Audyt oraz zarz\u0105dzanie aktywno\u015bciami u\u017cytkownik\u00f3w<\/li>\n<li>Zarz\u0105dzanie procesem druku, urz\u0105dzeniami oraz chmur\u0105<\/li>\n<li>Szyfrowanie no\u015bnik\u00f3w<\/li>\n<li>Zarz\u0105dzanie urz\u0105dzeniami mobilnymi<\/li>\n<li>Alerty i raporty<\/li>\n<\/ul>\n<\/div>\n<\/div>\n<\/div>\n<\/div>\n<div class=\"container\">\n<div class=\"row\">\n<h2 class=\"caveat red text-center mb30 mt60\"><em>J<\/em>akich korzy\u015bci dostarcza administratorom IT korzystanie z rozwi\u0105zania Safetica?<\/h2>\n<div class=\"col-sm-6\">\n<h4 class=\"mt30\">Jeszcze prostsze wdro\u017cenie<\/h4>\n<p>Instalacja nowej wersji jest teraz szybsza i nadal nie wywiera \u017cadnego wp\u0142ywu na trwaj\u0105ce w jej czasie firmowe procesy \u2013 niezale\u017cnie od rozmiaru chronionego podmiotu. Efekty zobaczysz natychmiast po wdro\u017ceniu rozwi\u0105zania, w czym wydatnie pomaga konfiguracja automatycznych alert\u00f3w e-mail.<\/p>\n<\/div>\n<\/div>\n<div class=\"row\">\n<div class=\"col-sm-6\">\n<h4 class=\"mt30\">Wykrywanie wra\u017cliwych danych<\/h4>\n<p>Nie musisz ju\u017c wiedzie\u0107, w kt\u00f3rych dokumentach znajduj\u0105 si\u0119 wra\u017cliwe dane. Safetica wykrywa dla Ciebie potencjalne luki bezpiecze\u0144stwa lokalizuj\u0105c pliki i wiadomo\u015bci mailowe z wra\u017cliwymi danymi, zabezpieczaj\u0105c krytyczne informacje przed opuszczeniem firmowej sieci. Spe\u0142nij wymogi GDPR, HIPAA i PCI DSS.<\/p>\n<\/div>\n<\/div>\n<div class=\"row\">\n<div class=\"col-sm-6\">\n<h4 class=\"mt30\">Rozszerzone wsparcie dla szyfrowania<\/h4>\n<p>Szyfrowanie dysku zwi\u0119ksza ochron\u0119 wra\u017cliwych plik\u00f3w. Je\u017celi Tw\u00f3j laptop lub dysk USB zostan\u0105 utracone to dzi\u0119ki szyfrowaniu BitLocker nikt nie uzyska dost\u0119pu do zapisanych na nich danych.<\/p>\n<\/div>\n<\/div>\n<div class=\"row\">\n<div class=\"col-sm-6\">\n<h4 class=\"mt30\">Safetica Mobile<\/h4>\n<p>Safetica Mobile to spos\u00f3b na ochron\u0119 wszystkich urz\u0105dze\u0144 mobilnych. \u0141atwo zlokalizujesz sw\u00f3j smartfon, wiec nie musisz martwi\u0107 si\u0119 ani utrat\u0105 wra\u017cliwych danych, ani konfiguracj\u0105 nowego urz\u0105dzenia. Skradzione telefony i tablety mog\u0105 by\u0107 zdalnie zablokowane i wyczyszczone czyni\u0105c je bezu\u017cytecznymi dla z\u0142odziei. Administratorzy doceni\u0105 \u0142atwe zarz\u0105dzanie firmowymi komputerami i urz\u0105dzeniami mobilnymi z jednego miejsca.<\/p>\n<\/div>\n<\/div>\n<\/div>\n","protected":false},"excerpt":{"rendered":"<header id=\"fading\" class=\"parallax\">\n<div class=\"container\">\n<div class=\"row\">\n<div class=\"col-sm-12 text-center\">\n<div class=\"header-caption\">\n<div class=\"header-text\">\n<p>Chro\u0144 swoje know-how, edukuj pracownik\u00f3w, dzia\u0142aj zgodnie z przepisami.<\/p>\n<\/div>\n<\/div>\n<\/div>\n<\/div>\n<\/div>\n<\/header>\n","protected":false},"featured_media":1700,"comment_status":"open","ping_status":"closed","template":"","meta":[],"yoast_head":"<!-- This site is optimized with the Yoast SEO plugin v16.2 - https:\/\/yoast.com\/wordpress\/plugins\/seo\/ -->\n<title>Safetica Enterprise - Makanet24<\/title>\n<meta name=\"robots\" content=\"index, follow, max-snippet:-1, max-image-preview:large, max-video-preview:-1\" \/>\n<link rel=\"canonical\" href=\"https:\/\/makanet24.pl\/index.php\/produkt\/safetica-enterprise\/\" \/>\n<meta property=\"og:locale\" content=\"pl_PL\" \/>\n<meta property=\"og:type\" content=\"article\" \/>\n<meta property=\"og:title\" content=\"Safetica Enterprise - Makanet24\" \/>\n<meta property=\"og:description\" content=\"Chro\u0144 swoje know-how, edukuj pracownik\u00f3w, dzia\u0142aj zgodnie z przepisami.\" \/>\n<meta property=\"og:url\" content=\"https:\/\/makanet24.pl\/index.php\/produkt\/safetica-enterprise\/\" \/>\n<meta property=\"og:site_name\" content=\"Makanet24\" \/>\n<meta property=\"article:modified_time\" content=\"2021-04-28T09:34:52+00:00\" \/>\n<meta property=\"og:image\" content=\"https:\/\/makanet24.pl\/wp-content\/uploads\/2021\/03\/SAFE_ENTE.png\" \/>\n\t<meta property=\"og:image:width\" content=\"375\" \/>\n\t<meta property=\"og:image:height\" content=\"375\" \/>\n<meta name=\"twitter:card\" content=\"summary_large_image\" \/>\n<meta name=\"twitter:label1\" content=\"Szacowany czas czytania\">\n\t<meta name=\"twitter:data1\" content=\"2 minuty\">\n<script type=\"application\/ld+json\" class=\"yoast-schema-graph\">{\"@context\":\"https:\/\/schema.org\",\"@graph\":[{\"@type\":\"WebSite\",\"@id\":\"https:\/\/makanet24.pl\/#website\",\"url\":\"https:\/\/makanet24.pl\/\",\"name\":\"Makanet24\",\"description\":\"Sklep internetowy z produktami IT\",\"potentialAction\":[{\"@type\":\"SearchAction\",\"target\":\"https:\/\/makanet24.pl\/?s={search_term_string}\",\"query-input\":\"required name=search_term_string\"}],\"inLanguage\":\"pl-PL\"},{\"@type\":\"ImageObject\",\"@id\":\"https:\/\/makanet24.pl\/index.php\/produkt\/safetica-enterprise\/#primaryimage\",\"inLanguage\":\"pl-PL\",\"url\":\"https:\/\/makanet24.pl\/wp-content\/uploads\/2021\/03\/SAFE_ENTE.png\",\"contentUrl\":\"https:\/\/makanet24.pl\/wp-content\/uploads\/2021\/03\/SAFE_ENTE.png\",\"width\":375,\"height\":375},{\"@type\":\"WebPage\",\"@id\":\"https:\/\/makanet24.pl\/index.php\/produkt\/safetica-enterprise\/#webpage\",\"url\":\"https:\/\/makanet24.pl\/index.php\/produkt\/safetica-enterprise\/\",\"name\":\"Safetica Enterprise - Makanet24\",\"isPartOf\":{\"@id\":\"https:\/\/makanet24.pl\/#website\"},\"primaryImageOfPage\":{\"@id\":\"https:\/\/makanet24.pl\/index.php\/produkt\/safetica-enterprise\/#primaryimage\"},\"datePublished\":\"2021-03-26T22:31:27+00:00\",\"dateModified\":\"2021-04-28T09:34:52+00:00\",\"breadcrumb\":{\"@id\":\"https:\/\/makanet24.pl\/index.php\/produkt\/safetica-enterprise\/#breadcrumb\"},\"inLanguage\":\"pl-PL\",\"potentialAction\":[{\"@type\":\"ReadAction\",\"target\":[\"https:\/\/makanet24.pl\/index.php\/produkt\/safetica-enterprise\/\"]}]},{\"@type\":\"BreadcrumbList\",\"@id\":\"https:\/\/makanet24.pl\/index.php\/produkt\/safetica-enterprise\/#breadcrumb\",\"itemListElement\":[{\"@type\":\"ListItem\",\"position\":1,\"item\":{\"@type\":\"WebPage\",\"@id\":\"https:\/\/makanet24.pl\/\",\"url\":\"https:\/\/makanet24.pl\/\",\"name\":\"Strona g\\u0142\\u00f3wna\"}},{\"@type\":\"ListItem\",\"position\":2,\"item\":{\"@type\":\"WebPage\",\"@id\":\"https:\/\/makanet24.pl\/index.php\/sklep\/\",\"url\":\"https:\/\/makanet24.pl\/index.php\/sklep\/\",\"name\":\"Sklep\"}},{\"@type\":\"ListItem\",\"position\":3,\"item\":{\"@id\":\"https:\/\/makanet24.pl\/index.php\/produkt\/safetica-enterprise\/#webpage\"}}]}]}<\/script>\n<!-- \/ Yoast SEO plugin. -->","_links":{"self":[{"href":"https:\/\/makanet24.pl\/index.php\/wp-json\/wp\/v2\/product\/1695"}],"collection":[{"href":"https:\/\/makanet24.pl\/index.php\/wp-json\/wp\/v2\/product"}],"about":[{"href":"https:\/\/makanet24.pl\/index.php\/wp-json\/wp\/v2\/types\/product"}],"replies":[{"embeddable":true,"href":"https:\/\/makanet24.pl\/index.php\/wp-json\/wp\/v2\/comments?post=1695"}],"wp:featuredmedia":[{"embeddable":true,"href":"https:\/\/makanet24.pl\/index.php\/wp-json\/wp\/v2\/media\/1700"}],"wp:attachment":[{"href":"https:\/\/makanet24.pl\/index.php\/wp-json\/wp\/v2\/media?parent=1695"}],"curies":[{"name":"wp","href":"https:\/\/api.w.org\/{rel}","templated":true}]}}