{"id":1689,"date":"2021-03-25T00:43:37","date_gmt":"2021-03-24T23:43:37","guid":{"rendered":"https:\/\/makanet24.pl\/?post_type=product&#038;p=1689"},"modified":"2021-04-28T11:15:16","modified_gmt":"2021-04-28T09:15:16","slug":"eset-mobile-security","status":"publish","type":"product","link":"https:\/\/makanet24.pl\/index.php\/produkt\/eset-mobile-security\/","title":{"rendered":"ESET Mobile Security"},"content":{"rendered":"<p>ESET Mobile Security to kompleksowa ochrona smartfon\u00f3w i tablet\u00f3w z systemem Android. Pakiet \u0142\u0105czy pot\u0119\u017cny antywirus z funkcj\u0105 blokady aplikacji i zabezpieczeniem przed kradzie\u017c\u0105.<\/p>\n","protected":false},"excerpt":{"rendered":"<p class=\"description\">Wszechstronna ochrona Twojego smartfona i tabletu z Androidem.<\/p>\n","protected":false},"featured_media":1582,"comment_status":"open","ping_status":"closed","template":"","meta":[],"yoast_head":"<!-- This site is optimized with the Yoast SEO plugin v16.2 - https:\/\/yoast.com\/wordpress\/plugins\/seo\/ -->\n<title>ESET Mobile Security - Makanet24<\/title>\n<meta name=\"robots\" content=\"index, follow, max-snippet:-1, max-image-preview:large, max-video-preview:-1\" \/>\n<link rel=\"canonical\" href=\"https:\/\/makanet24.pl\/index.php\/produkt\/eset-mobile-security\/\" \/>\n<meta property=\"og:locale\" content=\"pl_PL\" \/>\n<meta property=\"og:type\" content=\"article\" \/>\n<meta property=\"og:title\" content=\"ESET Mobile Security - Makanet24\" \/>\n<meta property=\"og:description\" content=\"Wszechstronna ochrona Twojego smartfona i tabletu z Androidem.\" \/>\n<meta property=\"og:url\" content=\"https:\/\/makanet24.pl\/index.php\/produkt\/eset-mobile-security\/\" \/>\n<meta property=\"og:site_name\" content=\"Makanet24\" \/>\n<meta property=\"article:modified_time\" content=\"2021-04-28T09:15:16+00:00\" \/>\n<meta property=\"og:image\" content=\"https:\/\/makanet24.pl\/wp-content\/uploads\/2021\/03\/EMOB-BOX.png\" \/>\n\t<meta property=\"og:image:width\" content=\"375\" \/>\n\t<meta property=\"og:image:height\" content=\"375\" \/>\n<meta name=\"twitter:card\" content=\"summary_large_image\" \/>\n<script type=\"application\/ld+json\" class=\"yoast-schema-graph\">{\"@context\":\"https:\/\/schema.org\",\"@graph\":[{\"@type\":\"WebSite\",\"@id\":\"https:\/\/makanet24.pl\/#website\",\"url\":\"https:\/\/makanet24.pl\/\",\"name\":\"Makanet24\",\"description\":\"Sklep internetowy z produktami IT\",\"potentialAction\":[{\"@type\":\"SearchAction\",\"target\":\"https:\/\/makanet24.pl\/?s={search_term_string}\",\"query-input\":\"required name=search_term_string\"}],\"inLanguage\":\"pl-PL\"},{\"@type\":\"ImageObject\",\"@id\":\"https:\/\/makanet24.pl\/index.php\/produkt\/eset-mobile-security\/#primaryimage\",\"inLanguage\":\"pl-PL\",\"url\":\"https:\/\/makanet24.pl\/wp-content\/uploads\/2021\/03\/EMOB-BOX.png\",\"contentUrl\":\"https:\/\/makanet24.pl\/wp-content\/uploads\/2021\/03\/EMOB-BOX.png\",\"width\":375,\"height\":375},{\"@type\":\"WebPage\",\"@id\":\"https:\/\/makanet24.pl\/index.php\/produkt\/eset-mobile-security\/#webpage\",\"url\":\"https:\/\/makanet24.pl\/index.php\/produkt\/eset-mobile-security\/\",\"name\":\"ESET Mobile Security - Makanet24\",\"isPartOf\":{\"@id\":\"https:\/\/makanet24.pl\/#website\"},\"primaryImageOfPage\":{\"@id\":\"https:\/\/makanet24.pl\/index.php\/produkt\/eset-mobile-security\/#primaryimage\"},\"datePublished\":\"2021-03-24T23:43:37+00:00\",\"dateModified\":\"2021-04-28T09:15:16+00:00\",\"breadcrumb\":{\"@id\":\"https:\/\/makanet24.pl\/index.php\/produkt\/eset-mobile-security\/#breadcrumb\"},\"inLanguage\":\"pl-PL\",\"potentialAction\":[{\"@type\":\"ReadAction\",\"target\":[\"https:\/\/makanet24.pl\/index.php\/produkt\/eset-mobile-security\/\"]}]},{\"@type\":\"BreadcrumbList\",\"@id\":\"https:\/\/makanet24.pl\/index.php\/produkt\/eset-mobile-security\/#breadcrumb\",\"itemListElement\":[{\"@type\":\"ListItem\",\"position\":1,\"item\":{\"@type\":\"WebPage\",\"@id\":\"https:\/\/makanet24.pl\/\",\"url\":\"https:\/\/makanet24.pl\/\",\"name\":\"Strona g\\u0142\\u00f3wna\"}},{\"@type\":\"ListItem\",\"position\":2,\"item\":{\"@type\":\"WebPage\",\"@id\":\"https:\/\/makanet24.pl\/index.php\/sklep\/\",\"url\":\"https:\/\/makanet24.pl\/index.php\/sklep\/\",\"name\":\"Sklep\"}},{\"@type\":\"ListItem\",\"position\":3,\"item\":{\"@id\":\"https:\/\/makanet24.pl\/index.php\/produkt\/eset-mobile-security\/#webpage\"}}]}]}<\/script>\n<!-- \/ Yoast SEO plugin. -->","_links":{"self":[{"href":"https:\/\/makanet24.pl\/index.php\/wp-json\/wp\/v2\/product\/1689"}],"collection":[{"href":"https:\/\/makanet24.pl\/index.php\/wp-json\/wp\/v2\/product"}],"about":[{"href":"https:\/\/makanet24.pl\/index.php\/wp-json\/wp\/v2\/types\/product"}],"replies":[{"embeddable":true,"href":"https:\/\/makanet24.pl\/index.php\/wp-json\/wp\/v2\/comments?post=1689"}],"wp:featuredmedia":[{"embeddable":true,"href":"https:\/\/makanet24.pl\/index.php\/wp-json\/wp\/v2\/media\/1582"}],"wp:attachment":[{"href":"https:\/\/makanet24.pl\/index.php\/wp-json\/wp\/v2\/media?parent=1689"}],"curies":[{"name":"wp","href":"https:\/\/api.w.org\/{rel}","templated":true}]}}