{"id":1680,"date":"2021-03-23T23:50:31","date_gmt":"2021-03-23T22:50:31","guid":{"rendered":"https:\/\/makanet24.pl\/?post_type=product&#038;p=1680"},"modified":"2021-04-28T11:23:07","modified_gmt":"2021-04-28T09:23:07","slug":"acronis-true-image-advanced-cloud-consumer","status":"publish","type":"product","link":"https:\/\/makanet24.pl\/index.php\/produkt\/acronis-true-image-advanced-cloud-consumer\/","title":{"rendered":"Acronis True Image Advanced Cloud &#8211; Consumer"},"content":{"rendered":"<div><b>Acronis True Image 2021 Advanced<\/b> \u2013 zaawansowane bezpiecze\u0144stwo danych z wszystkich Twoich urz\u0105dze\u0144 i ich przechowywanie w chmurze (250 GB)<\/div>\n<div>\n<p><strong>Acronis True Image 2021 Advanced to:<\/strong><\/p>\n<ul>\n<li>Wygodna w obs\u0142udze subskrypcja<\/li>\n<li>Wi\u0119ksze bezpiecze\u0144stwo danych dzi\u0119ki kopiom zapasowym i \u0142atwemu ich przywracaniu w przypadku kradzie\u017cy, awarii, zmiany sprz\u0119tu<\/li>\n<li>Mo\u017cliwo\u015b\u0107 wykonywania kopii zapasowych informacji rozruchowych systemu, plik\u00f3w, aplikacji, systemu operacyjnego i jego ustawie\u0144<\/li>\n<li>Przechowywanie kopii zapasowych na dyskach lokalnych, dyskach zewn\u0119trznych, urz\u0105dzeniach NAS, dyskach sieciowych lub w chmurze<\/li>\n<li>Dost\u0119p do 250 GB przestrzeni do przechowywania danych w chmurze<\/li>\n<li>Dost\u0119p do przechowywanych danych z dowolnego miejsca<\/li>\n<li>Kopie zapasowe danych z wszystkich rodzinnych urz\u0105dze\u0144 mobilnych (bez ograniczenia ich ilo\u015bci)<\/li>\n<\/ul>\n<h2><strong>Dlaczego warto wybra\u0107 Acronis True Image 2021 Advanced?<\/strong><\/h2>\n<h3><strong>Zadbasz o dodatkowe zabezpieczenia swoich danych dzi\u0119ki kopiom zapasowym <\/strong><\/h3>\n<p>Tw\u00f3rz z \u0142atwo\u015bci\u0105 kopie zapasowych najwa\u017cniejszych danych i b\u0105d\u017a pewien, \u017ce jeste\u015b dodatkowo chroniony przed skutkami utraty danych, awarii komputera lub jego kradzie\u017cy. Z Acronis True Image 2021 Advanced przygotujesz backup informacji rozruchowych systemu, plik\u00f3w, aplikacji, systemu operacyjnego i jego ustawie\u0144 i przechowasz je wygodnie na dyskach lokalnych, dyskach zewn\u0119trznych, urz\u0105dzeniach NAS, dyskach sieciowych lub w chmurze. Dzi\u0119ki kopiom zapasowym mo\u017cesz w ka\u017cdej chwili odzyska\u0107 i przywr\u00f3ci\u0107 ca\u0142y system lub poszczeg\u00f3lne pliki.<\/p>\n<p>Dla jeszcze wi\u0119kszej pewno\u015bci automatycznie duplikuj lokalne kopie zapasowe do chmury Acronis o pojemno\u015bci 250GB, aby mie\u0107 pewno\u015b\u0107, \u017ce kopie zewn\u0119trzne s\u0105 zawsze dost\u0119pne i gotowe do odzyskania z dowolnego miejsca.<\/p>\n<h3><strong>Przygotujesz kopie zapasowe wszystkich rodzinnych urz\u0105dze\u0144 mobilnych<\/strong><\/h3>\n<p>Z Acronis True Image zabezpieczysz nie tylko dane z Twojego komputera Windows lub Mac, ale te\u017c r\u00f3wnie wa\u017cn\u0105 (a czasami wa\u017cniejsz\u0105) zawarto\u015b\u0107 wszystkich smartfon\u00f3w lub tablet\u00f3w Android i iOS u\u017cywanych przez Twoj\u0105 rodzin\u0119. Kopie zapasowe Twoich zdj\u0119\u0107, film\u00f3w, dokument\u00f3w, kontakt\u00f3w czy kalendarzy zapiszesz za po\u015brednictwem sieci Wi-Fi na komputerze PC, Mac lub urz\u0105dzeniu NAS albo bezpo\u015brednio w przestrzeni w chmurze &#8211; Acronis Cloud Storage. Dzi\u0119ki tej funkcji mo\u017cesz tak\u017ce z \u0142atwo\u015bci\u0105 przenosi\u0107 dane z urz\u0105dzenia Android na iOS i z powrotem.<\/p>\n<h3><strong>Ochronisz dane i urz\u0105dzenia przed zagro\u017ceniami online<\/strong><\/h3>\n<p>Chro\u0144 swoje dane, aplikacje i urz\u0105dzenia przed najnowszymi zagro\u017ceniami, w tym oprogramowaniem \u201ezero-day\u201d i atakami typu cryptojacking w czasie rzeczywistym. W ka\u017cdej chwili b\u0119dziesz m\u00f3g\u0142 przeskanowa\u0107 ca\u0142y system lub zagro\u017cone foldery w poszukiwaniu wirus\u00f3w.<\/p>\n<h3><strong>Zyskasz dost\u0119p do swoich danych z dowolnego miejsca <\/strong><\/h3>\n<p>Po zapisaniu kopii zapasowej w chmurze b\u0119dziesz m\u00f3g\u0142 pobra\u0107 z niej dowolny plik na ka\u017cdy komputer lub urz\u0105dzenie mobilne. Za ich po\u015brednictwem, z dowolnego miejsca, b\u0119dziesz r\u00f3wnie\u017c m\u00f3g\u0142 zarz\u0105dza\u0107 swoim planem tworzenia kopii zapasowych, korzystaj\u0105c z \u0142atwej w obs\u0142udze konsoli internetowej. Do Twojej dyspozycji jest przestrze\u0144 w chmurze o pojemno\u015bci 250 GB!<\/p>\n<h3>Acronis True Image 2021 Advanced to:<\/h3>\n<h3><strong>SKUTECZNA, WIELOWARSTWOWA OCHRONA I PRZYWRACANIE DANYCH<\/strong><\/h3>\n<p><strong>Pe\u0142na kopia zapasowa <\/strong><br \/>\nPrzygotuj obraz dysku systemowego lub wybranej partycji z Acronis True Image Advanced. W przypadku utraty danych bez trudu odzyskasz wszystko czego potrzebujesz \u2013 od pe\u0142nego systemu po pojedynczy plik lub folder. Zapisuj je na dyskach lokalnych, dyskach zewn\u0119trznych, urz\u0105dzeniach NAS, dyskach sieciowych lub w chmurze.<\/p>\n<p><strong>Kopie plik\u00f3w i folder\u00f3w<\/strong><br \/>\nKontroluj tworzon\u0105 kopi\u0119 zapasow\u0105. Nie musisz przygotowywa\u0107 jej pe\u0142nej wersji, wystarczy wybra\u0107 poszczeg\u00f3lne pliki lub foldery i zapisa\u0107 je w wybranym miejscu, aby odzyska\u0107 je i przywr\u00f3ci\u0107 w dowolnym momencie.<\/p>\n<p><strong>Aktywne klonowanie dysk\u00f3w<\/strong><br \/>\nZ Acronis True Image 2021 bez trudu przygotujesz dok\u0142adn\u0105 replik\u0119 aktywnego systemu Windows lub Mac bez konieczno\u015bci jego zatrzymywania lub restartowania. Zapisz kopi\u0119 swojego systemu operacyjnego, program\u00f3w i plik\u00f3w oraz swoich ustawie\u0144 i preferencji. Wykorzystaj mo\u017cliwo\u015bci Acronis do komfortowego i szybkiego przenoszenia danych na nowy, wi\u0119kszy dysk.<\/p>\n<p><strong>Backup danych z Microsoft 365<\/strong><br \/>\nTw\u00f3rz bezpo\u015brednio kopie zapasowe danych z chmury do chmury \u2013 ze swojego konta Microsoft 365 (Office 365) do chmury Acronis. Zadbaj o bezpiecze\u0144stwo wiadomo\u015bci e-mail i ich za\u0142\u0105cznik\u00f3w ze skrzynki Outlook oraz plik\u00f3w i folder\u00f3w z chmury Outlook.<\/p>\n<p><strong>Szybsze kopie przyrostowe i r\u00f3\u017cnicowe<\/strong><br \/>\nTw\u00f3rz przyrostowe i r\u00f3\u017cnicowe kopie zapasowe nawet 3 razy szybciej ni\u017c do tej pory dzi\u0119ki technologii, kt\u00f3ra \u015bledzi zmiany w czasie rzeczywistym.<\/p>\n<p><strong>No\u015bnik startowy <\/strong><br \/>\nPrzygotuj szybko startowy no\u015bnik ratunkowy, kt\u00f3ry pozwoli Ci na odzyskanie i przywr\u00f3cenie systemu na tym samym lub nowym urz\u0105dzeniu. Stw\u00f3rz \u015brodowisko WinPE i rozwi\u0105\u017c problemy z konfiguracj\u0105 sterownik\u00f3w. Skorzystaj z trybu prostego lub skonfiguruj ustawienia i dostosuje je do swoich potrzeb w trybie zaawansowanym.<\/p>\n<p><strong>Obs\u0142uga \u015brodowiska wirtualnego <\/strong><br \/>\nTwoje pe\u0142ne kopie zapasowe mo\u017cesz przekonwertowa\u0107 w wirtualny dysk twardy, aby mo\u017cna by\u0142o uruchomi\u0107 system jako maszyn\u0119 wirtualn\u0105. U\u017cytkownicy komputer\u00f3w Mac z Parallels Desktop mog\u0105 odzyska\u0107 kopie zapasowe maszyn wirtualnych jako pliki, kt\u00f3re mo\u017cna natychmiast uruchomi\u0107.<\/p>\n<p><strong>Ci\u0105g\u0142e kopie zapasowe<\/strong><br \/>\nPracuj, baw si\u0119, przegl\u0105daj strony internetowe bez uci\u0105\u017cliwych przerw. Twoje kopie zapasowe tworzone s\u0105 w tle, nie wp\u0142ywaj\u0105c na wydajno\u015b\u0107 urz\u0105dzenia.<\/p>\n<h3><strong>BEZPIECZNE PRZECHOWYWANIE DANYCH W CHMURZE<\/strong><\/h3>\n<p><strong>250 GB chmura dla Ciebie<\/strong><br \/>\nSwoje kopie zapasowe mo\u017cesz przechowywa\u0107 niemal bez ogranicze\u0144 w chmurze o pojemno\u015bci 250 GB.<\/p>\n<p><strong>Podw\u00f3jna ochrona<\/strong><br \/>\nKopi\u0119 zapasow\u0105 zapisan\u0105 na lokalnym dysku automatycznie duplikuj do chmury, tak aby zawsze i z ka\u017cdego miejsca mie\u0107 dost\u0119p do przechowywanych danych.<\/p>\n<p><strong>ULEPSZENIE! Przywracanie danych z chmury<\/strong><br \/>\nCiesz si\u0119 zwi\u0119kszon\u0105 szybko\u015bci\u0105, niezawodno\u015bci\u0105 i stabilno\u015bci\u0105 przywracania danych z chmury, aby uzyska\u0107 lepsz\u0105 wydajno\u015b\u0107 dzi\u0119ki nowym technologiom tworzenia kopii zapasowych.<\/p>\n<p><strong>Synchronizuj i udost\u0119pniaj pliki <\/strong><br \/>\nSynchronizuj pliki mi\u0119dzy komputerami lub w chmurze, aby mie\u0107 dost\u0119p do ich najbardziej aktualnych wersji z dowolnego urz\u0105dzenia.<\/p>\n<p><strong>Szyfrowanie kopii zapasowych<\/strong><br \/>\nZabezpiecz kopie zapasowe za pomoc\u0105 zaawansowanego szyfrowania, kt\u00f3re zapewnia ich poufno\u015b\u0107, niezale\u017cnie od tego, czy s\u0105 w trakcie przesy\u0142ania czy ju\u017c w chmurze. Nawet firma Acronis nie mo\u017ce odczyta\u0107 zaszyfrowanych plik\u00f3w.<\/p>\n<p><strong>Kopie chronione has\u0142em <\/strong><br \/>\nTw\u00f3rz zaszyfrowane kopie zapasowe dla ka\u017cdego cz\u0142onka rodziny, chronione ich w\u0142asnym niestandardowym has\u0142em.<\/p>\n<p><strong>Chmura hybrydowa <\/strong><br \/>\nPrzechowuj swoje kopie zapasowe w infrastrukturze chmury hybrydowej Acronis, wiedz\u0105c, \u017ce centra danych firmy s\u0105 zbudowane specjalnie z my\u015bl\u0105 o prywatno\u015bci i bezpiecze\u0144stwie danych.<\/p>\n<p><strong>Tworzenie kopii zapasowych w wybranym Wi-Fi <\/strong><br \/>\nUtw\u00f3rz kopi\u0119 zapasow\u0105 w chmurze, gdy wiesz \u017ce jest to bezpieczne, wybieraj\u0105c zaufan\u0105 sie\u0107 Wi-Fi. Unikniesz taryfowych po\u0142\u0105cze\u0144 i niezabezpieczonych sieci publicznych, kt\u00f3re mog\u0105 ujawni\u0107 Twoje dane.<\/p>\n<h3><strong>ZABEZPIECZENIE PRZED ZAGRO\u017bENIAMI ONLINE<\/strong><\/h3>\n<p><strong>ULEPSZENIE! Ochrona przed ransomware i cryptojackingiem<\/strong><br \/>\nChro\u0144 swoje pliki, aplikacje i systemy z Acronis, skutecznie wykrywaj\u0105c i powstrzymuj\u0105c ataki ransomware i cryptojacking (wydobywaj\u0105ce kryptowaluty) oraz automatycznie przywracaj\u0105c wszystkie pliki, kt\u00f3rych dotyczy problem.<\/p>\n<p><strong>NOWO\u015a\u0106! Ochrona w czasie rzeczywistym <\/strong><br \/>\nChro\u0144 swoje urz\u0105dzenie i pliki kopii zapasowych nawet przed najnowszymi, jeszcze nieznanymi zagro\u017ceniami, sprawdzaj\u0105c ka\u017cdy plik, z kt\u00f3rego korzystasz, w czasie rzeczywistym.<\/p>\n<p><strong>NOWO\u015a\u0106! Skanowanie na \u017c\u0105danie<\/strong><br \/>\nUpewnij si\u0119, \u017ce Tw\u00f3j komputer jest wolny od zagro\u017ce\u0144, skanuj\u0105c go w poszukiwaniu z\u0142o\u015bliwego oprogramowania, kiedy tylko zechcesz. Wybierz szybkie skanowanie plik\u00f3w lub pe\u0142ne skanowanie systemu, aby sprawdzi\u0107 wszystko.<\/p>\n<p><strong>NOWO\u015a\u0106! Filtrowanie stron www <\/strong><br \/>\nAcronis True Image 2021 Advanced blokuje Twoje odwiedziny na stronach zawieraj\u0105cych z\u0142o\u015bliwe oprogramowanie, oprogramowanie ransomware i programy do wydobywania kryptowalut.<\/p>\n<p><strong>NOWO\u015a\u0106! Ochrona wideokonferencji <\/strong><br \/>\nChro\u0144 swoje dane i prywatno\u015b\u0107 przed atakami haker\u00f3w podczas wideokonferencji za po\u015brednictwem oprogramowania Zoom, Cisco Webex lub Microsoft Teams.<\/p>\n<p><strong>NOWO\u015a\u0106! Kwarantanna i wykluczenia <\/strong><br \/>\nWykrywaj potencjalne zagro\u017cenia i przetrzymuj podejrzane pliki w kwarantannie, jednocze\u015bnie kontroluj\u0105c listy wyklucze\u0144, kt\u00f3re umo\u017cliwiaj\u0105 nieprzerwane dzia\u0142anie zaufanych program\u00f3w. Acronis blokuje nawet nieznane wcze\u015bniej zagro\u017cenia i sprawdza ka\u017cdy plik, z kt\u00f3rego korzystasz w czasie rzeczywistym.<\/p>\n<p><strong>NOWO\u015a\u0106! Zawsze aktualne sygnatury\u00a0 <\/strong><br \/>\nZ Acronis True Image 2021 Advanced zadbasz o aktualno\u015b\u0107 ochrony \u2013 automatycznie, co pi\u0119\u0107 minut, sprawdzane s\u0105 aktualizacje bazy danych zagro\u017ce\u0144.<\/p>\n<p><strong>NOWO\u015a\u0106! Analiza behawioralna <\/strong><br \/>\nZ Acronis True Image Advanced z\u0142o\u015bliwe oprogramowanie jest wykrywane ju\u017c podczas jego uruchamiania, dzi\u0119ki nowemu dynamicznemu silnikowi, kt\u00f3ry identyfikuje zagro\u017cenia na podstawie analizy ich zachowania.<\/p>\n<h3><strong>OCHRONA WSZYSTKICH URZ\u0104DZE\u0143 MOBILNYCH<\/strong><\/h3>\n<p><strong>Kopie zapasowe urz\u0105dze\u0144 mobilnych<\/strong><br \/>\nChro\u0144 wszystkie zdj\u0119cia, filmy, kontakty, przypomnienia i terminy w kalendarzu zapisane w pami\u0119ci wszystkich domowych smartfon\u00f3w lub tablet\u00f3w z Acronis True Image 2021 Advanced i tworzonymi kopiami zapasowymi. Miej pewno\u015b\u0107, \u017ce nie stracisz ich nawet je\u015bli urz\u0105dzenie zostanie zgubione lub skradzione.<\/p>\n<p><strong>Ochrona nieograniczonej liczby urz\u0105dze\u0144 mobilnych<\/strong><br \/>\nZ Acronis True Image 2021 zabezpieczysz wszystkie smartfony i tablety u\u017cywane przez Twoj\u0105 rodzin\u0119, bez ogranicze\u0144 ich ilo\u015bci. Zdalnie zarz\u0105dzaj planem tworzenia kopii zapasowych dla ka\u017cdego urz\u0105dzenia za po\u015brednictwem przejrzystego i \u0142atwego w obs\u0142udze panelu kontrolnego.<\/p>\n<p><strong>Elastyczne przenoszenie danych mi\u0119dzy urz\u0105dzeniami <\/strong><br \/>\nZ Acronis True Image 2021 nie musisz przywi\u0105zywa\u0107 si\u0119 do urz\u0105dze\u0144 z wybranym systemem operacyjnym. Oprogramowanie pozwala z \u0142atwo\u015bci\u0105 przenosi\u0107 dane mi\u0119dzy smartfonami i tabletami z systemami Android i iOS.<\/p>\n<p><strong>Kopia zapasowa karty pami\u0119ci<\/strong><br \/>\nSkutecznie chro\u0144 dane przechowywane we wbudowanej pami\u0119ci wewn\u0119trznej urz\u0105dzenia z systemem Android i kartach pami\u0119ci SD, aby mie\u0107 pewno\u015b\u0107, \u017ce nie utracisz \u017cadnych cennych informacji.<\/p>\n<p><strong>Automatyczne tworzenie backupu <\/strong><br \/>\nKopie zapasowe Twoich zdj\u0119\u0107, film\u00f3w, dokument\u00f3w, kontakt\u00f3w czy kalendarzy zapiszesz automatycznie za po\u015brednictwem sieci Wi-Fi na komputerze PC, Mac lub urz\u0105dzeniu NAS albo bezpo\u015brednio w przestrzeni w chmurze &#8211; Acronis Cloud Storage.<\/p>\n<p><strong>Przegl\u0105d kopii zapasowych urz\u0105dze\u0144 mobilnych<\/strong><br \/>\nSprawd\u017a i przegl\u0105daj zawarto\u015b\u0107 kopii zapasowych urz\u0105dze\u0144 mobilnych na komputerze, na kt\u00f3rym je przechowujesz.<\/p>\n<h3><strong>\u0141ATWE ZARZ\u0104DZANIE<\/strong><\/h3>\n<p><strong>Dost\u0119p z dowolnego miejsca <\/strong><br \/>\nZe swojej kopii zapasowej w chmurze pobierz dowolny plik lub folder, kt\u00f3rego potrzebujesz, na ka\u017cdy komputer lub urz\u0105dzenie mobilne &#8211; gdziekolwiek i kiedykolwiek chcesz.<\/p>\n<p><strong>Niestandardowe zarz\u0105dzanie energi\u0105 <\/strong><br \/>\nDbaj o prac\u0119 laptopa, zarz\u0105dzaj\u0105c kopiami zapasowymi w taki spos\u00f3b, aby nie wyczerpa\u0142y jego baterii. Ustaw minimalny poziom zasilania dla kopii zapasowych lub ca\u0142kowicie blokuj kopie zapasowe przy zasilaniu z baterii.<\/p>\n<p><strong>NOWO\u015a\u0106! R\u00f3wnomierne obci\u0105\u017canie procesora<\/strong><br \/>\nChro\u0144 procesor komputera przed przeci\u0105\u017ceniem podczas skanowania, zapewniaj\u0105c pierwsze\u0144stwo innym aktywnym aplikacjom.<\/p>\n<p><strong>Bezpieczne testowanie nowych program\u00f3w<\/strong><br \/>\nWypr\u00f3buj bez obaw nowe aplikacje, sterowniki czy aktualizacje systemu, wiedz\u0105c \u017ce w ka\u017cdej chwili mo\u017cesz powr\u00f3ci\u0107 do dotychczasowej konfiguracji.<\/p>\n<p><strong>Czyszczenie kopii zapasowych<\/strong><br \/>\nPotrzebujesz wi\u0119cej miejsca na dysku? Acronis True Image 2021 Advanced umo\u017cliwia sprawdzenie zapisanych plik\u00f3w kopii zapasowych, wybranie i usuni\u0119cie tych, kt\u00f3rych ju\u017c nie potrzebujesz. Miej pe\u0142n\u0105 kontrol\u0119 nad przechowywanymi kopiami zapasowymi i ich wersjami.<\/p>\n<p><strong>NOWO\u015a\u0106! Wyeliminowanie duplikat\u00f3w danych<\/strong><br \/>\nJe\u015bli w trakcie tworzenia kopii zapasowej dojdzie do przerwania zapisu, proces zostanie wznowiony od miejsca przerwania, a nie zacznie si\u0119 od nowa, dzi\u0119ki czemu unikniesz zduplikowanych danych i ba\u0142aganu.<\/p>\n<p><strong>Kontrola wersji kopii zapasowych<\/strong><br \/>\nZ Acronis True Image Advanced mo\u017cesz przechowywa\u0107 nawet do 999 wersji kopii zapasowych. Decyduj te\u017c, jak d\u0142ugo chcesz je przechowywa\u0107 &#8211; w przeciwie\u0144stwie do innych rozwi\u0105za\u0144 do tworzenia kopii zapasowych, dajemy Ci mo\u017cliwo\u015b\u0107 wyboru, jak d\u0142ugo maj\u0105 by\u0107 przechowywane.<\/p>\n<p><strong>ULEPSZENIE! Wizualna kontrola kopii zapasowych<\/strong><br \/>\nWy\u015bwietl stan swojego backup\u2019u &#8211; rozmiary przechowywanych plik\u00f3w, szybko\u015b\u0107 i liczb\u0119 wersji kopii zapasowych. Skorzystaj z przejrzystych, kolorowych oznacze\u0144, aby b\u0142yskawicznie zorientowa\u0107 si\u0119, ile zdj\u0119\u0107, film\u00f3w, muzyki i dokument\u00f3w jest gotowych do przywr\u00f3cenia.<\/p>\n<p><strong>No\u015bnik startowy<\/strong><br \/>\nZ \u0142atwo\u015bci\u0105 przywr\u00f3\u0107 system na ten sam lub nowy sprz\u0119t dzi\u0119ki no\u015bnikowi startowemu. Twoje dane i ustawienia s\u0105 szybko \u0142adowane na wybrany przez Ciebie komputer.<\/p>\n<p><strong>NOWO\u015a\u0106! Wstrzymywanie ochrony <\/strong><br \/>\nZawie\u015b funkcje ochrony przed z\u0142o\u015bliwym oprogramowaniem jednym klikni\u0119ciem, kiedy chcesz i na tak d\u0142ugo jak chcesz. Wstrzymaj na okre\u015blony czas lub wzn\u00f3w automatycznie przy nast\u0119pnym ponownym uruchomieniu.<\/p>\n<p><strong>Acronis Survival Kit<\/strong><br \/>\nPrzygotuj jedno wygodne narz\u0119dzie do odzyskiwania danych, zawieraj\u0105ce wszystko czego potrzebujesz (w tym potrzebne no\u015bniki rozruchowe oraz pe\u0142ne kopie zapasowe ca\u0142ego systemu), aby ponownie uruchomi\u0107 system. Zachowaj je i przechowuj na bezpiecznym dysku zewn\u0119trznym.<\/p>\n<p><strong>Elastyczne zarz\u0105dzanie tworzeniem kopii zapasowych<\/strong><br \/>\n\u0141atwo zaplanuj moment tworzenia kopii zapasowych, ustal miejsce ich zapisywania i wybierz ich rodzaj \u2013 pe\u0142ne, przyrostowe, r\u00f3\u017cnicowe lub niestandardowe.<\/p>\n<p><strong>NOWO\u015a\u0106! Tryb ciemny dla komputer\u00f3w Mac <\/strong><br \/>\nCiesz si\u0119 bardziej optymalnym wygl\u0105dem komputera Mac w trybie ciemnym.<\/p>\n<p><strong>Przywracanie danych na komputerach Mac<\/strong><br \/>\n\u0141atwiej przywr\u00f3\u0107 dane na nowy komputer Mac, nawet je\u015bli s\u0105 one rozmieszczone na woluminach APFS w bie\u017c\u0105cym systemie.<\/p>\n<p><strong>Archiwizacja<\/strong><br \/>\nOdzyskaj wolne miejsce na dysku, przenosz\u0105c du\u017ce lub rzadko u\u017cywane pliki do chmury albo na dysk zewn\u0119trzny.<\/p>\n<p><strong>NOWO\u015a\u0106! Sprawdzanie kopii zapasowej <\/strong><br \/>\nPrzyspiesz standardowy proces sprawdzania skuteczno\u015bci kopii zapasowych, sprawdzaj\u0105c tylko najnowsz\u0105 wersj\u0119.<\/p>\n<p><strong>Kopie zapasowe po pod\u0142\u0105czeniu urz\u0105dzenia USB<\/strong><br \/>\nPrzechowujesz swoje kopie zapasowe na zewn\u0119trznym dysku USB? Upro\u015b\u0107 i przyspiesz proces ich zapisywania \u2013 Acronis True Image 2021 Advanced pozwala automatycznie rozpocz\u0105\u0107 tworzenie kopii zapasowej danych po pod\u0142\u0105czeniu urz\u0105dzenia USB.<\/p>\n<p><strong>Panel kontrolny<\/strong><br \/>\nZ pomoc\u0105 nowego Acronis True Image 2021 Advanced mo\u017cesz monitorowa\u0107 potencjalne zagro\u017cenia, identyfikowa\u0107 ich zablokowane dzia\u0142ania i zatwierdza\u0107 aktywno\u015b\u0107 zaufanych aplikacji, aby zapewni\u0107 najwy\u017cszy poziom bezpiecze\u0144stwa.<\/p>\n<\/div>\n","protected":false},"excerpt":{"rendered":"<p>Zaawansowane bezpiecze\u0144stwo danych z wszystkich Twoich urz\u0105dze\u0144 i ich przechowywanie w chmurze (250 GB)<\/p>\n","protected":false},"featured_media":1597,"comment_status":"open","ping_status":"closed","template":"","meta":[],"yoast_head":"<!-- This site is optimized with the Yoast SEO plugin v16.2 - https:\/\/yoast.com\/wordpress\/plugins\/seo\/ -->\n<title>Acronis True Image Advanced Cloud - Consumer - Makanet24<\/title>\n<meta name=\"robots\" content=\"index, follow, max-snippet:-1, max-image-preview:large, max-video-preview:-1\" \/>\n<link rel=\"canonical\" href=\"https:\/\/makanet24.pl\/index.php\/produkt\/acronis-true-image-advanced-cloud-consumer\/\" \/>\n<meta property=\"og:locale\" content=\"pl_PL\" \/>\n<meta property=\"og:type\" content=\"article\" \/>\n<meta property=\"og:title\" content=\"Acronis True Image Advanced Cloud - Consumer - Makanet24\" \/>\n<meta property=\"og:description\" content=\"Zaawansowane bezpiecze\u0144stwo danych z wszystkich Twoich urz\u0105dze\u0144 i ich przechowywanie w chmurze (250 GB)\" \/>\n<meta property=\"og:url\" content=\"https:\/\/makanet24.pl\/index.php\/produkt\/acronis-true-image-advanced-cloud-consumer\/\" \/>\n<meta property=\"og:site_name\" content=\"Makanet24\" \/>\n<meta property=\"article:modified_time\" content=\"2021-04-28T09:23:07+00:00\" \/>\n<meta property=\"og:image\" content=\"https:\/\/makanet24.pl\/wp-content\/uploads\/2021\/03\/Acronis-True-Img.png\" \/>\n\t<meta property=\"og:image:width\" content=\"375\" \/>\n\t<meta property=\"og:image:height\" content=\"375\" \/>\n<meta name=\"twitter:card\" content=\"summary_large_image\" \/>\n<meta name=\"twitter:label1\" content=\"Szacowany czas czytania\">\n\t<meta name=\"twitter:data1\" content=\"11 minut\">\n<script type=\"application\/ld+json\" class=\"yoast-schema-graph\">{\"@context\":\"https:\/\/schema.org\",\"@graph\":[{\"@type\":\"WebSite\",\"@id\":\"https:\/\/makanet24.pl\/#website\",\"url\":\"https:\/\/makanet24.pl\/\",\"name\":\"Makanet24\",\"description\":\"Sklep internetowy z produktami IT\",\"potentialAction\":[{\"@type\":\"SearchAction\",\"target\":\"https:\/\/makanet24.pl\/?s={search_term_string}\",\"query-input\":\"required name=search_term_string\"}],\"inLanguage\":\"pl-PL\"},{\"@type\":\"ImageObject\",\"@id\":\"https:\/\/makanet24.pl\/index.php\/produkt\/acronis-true-image-advanced-cloud-consumer\/#primaryimage\",\"inLanguage\":\"pl-PL\",\"url\":\"https:\/\/makanet24.pl\/wp-content\/uploads\/2021\/03\/Acronis-True-Img.png\",\"contentUrl\":\"https:\/\/makanet24.pl\/wp-content\/uploads\/2021\/03\/Acronis-True-Img.png\",\"width\":375,\"height\":375},{\"@type\":\"WebPage\",\"@id\":\"https:\/\/makanet24.pl\/index.php\/produkt\/acronis-true-image-advanced-cloud-consumer\/#webpage\",\"url\":\"https:\/\/makanet24.pl\/index.php\/produkt\/acronis-true-image-advanced-cloud-consumer\/\",\"name\":\"Acronis True Image Advanced Cloud - Consumer - Makanet24\",\"isPartOf\":{\"@id\":\"https:\/\/makanet24.pl\/#website\"},\"primaryImageOfPage\":{\"@id\":\"https:\/\/makanet24.pl\/index.php\/produkt\/acronis-true-image-advanced-cloud-consumer\/#primaryimage\"},\"datePublished\":\"2021-03-23T22:50:31+00:00\",\"dateModified\":\"2021-04-28T09:23:07+00:00\",\"breadcrumb\":{\"@id\":\"https:\/\/makanet24.pl\/index.php\/produkt\/acronis-true-image-advanced-cloud-consumer\/#breadcrumb\"},\"inLanguage\":\"pl-PL\",\"potentialAction\":[{\"@type\":\"ReadAction\",\"target\":[\"https:\/\/makanet24.pl\/index.php\/produkt\/acronis-true-image-advanced-cloud-consumer\/\"]}]},{\"@type\":\"BreadcrumbList\",\"@id\":\"https:\/\/makanet24.pl\/index.php\/produkt\/acronis-true-image-advanced-cloud-consumer\/#breadcrumb\",\"itemListElement\":[{\"@type\":\"ListItem\",\"position\":1,\"item\":{\"@type\":\"WebPage\",\"@id\":\"https:\/\/makanet24.pl\/\",\"url\":\"https:\/\/makanet24.pl\/\",\"name\":\"Strona g\\u0142\\u00f3wna\"}},{\"@type\":\"ListItem\",\"position\":2,\"item\":{\"@type\":\"WebPage\",\"@id\":\"https:\/\/makanet24.pl\/index.php\/sklep\/\",\"url\":\"https:\/\/makanet24.pl\/index.php\/sklep\/\",\"name\":\"Sklep\"}},{\"@type\":\"ListItem\",\"position\":3,\"item\":{\"@id\":\"https:\/\/makanet24.pl\/index.php\/produkt\/acronis-true-image-advanced-cloud-consumer\/#webpage\"}}]}]}<\/script>\n<!-- \/ Yoast SEO plugin. -->","_links":{"self":[{"href":"https:\/\/makanet24.pl\/index.php\/wp-json\/wp\/v2\/product\/1680"}],"collection":[{"href":"https:\/\/makanet24.pl\/index.php\/wp-json\/wp\/v2\/product"}],"about":[{"href":"https:\/\/makanet24.pl\/index.php\/wp-json\/wp\/v2\/types\/product"}],"replies":[{"embeddable":true,"href":"https:\/\/makanet24.pl\/index.php\/wp-json\/wp\/v2\/comments?post=1680"}],"wp:featuredmedia":[{"embeddable":true,"href":"https:\/\/makanet24.pl\/index.php\/wp-json\/wp\/v2\/media\/1597"}],"wp:attachment":[{"href":"https:\/\/makanet24.pl\/index.php\/wp-json\/wp\/v2\/media?parent=1680"}],"curies":[{"name":"wp","href":"https:\/\/api.w.org\/{rel}","templated":true}]}}