{"id":1660,"date":"2021-03-23T23:14:09","date_gmt":"2021-03-23T22:14:09","guid":{"rendered":"https:\/\/makanet24.pl\/?post_type=product&#038;p=1660"},"modified":"2021-05-04T11:25:51","modified_gmt":"2021-05-04T09:25:51","slug":"fortigate-40f","status":"publish","type":"product","link":"https:\/\/makanet24.pl\/index.php\/produkt\/fortigate-40f\/","title":{"rendered":"FortiGate-40F"},"content":{"rendered":"<p><strong>FortiGate 40F<\/strong> to zintegrowany system bezpiecze\u0144stwa, kt\u00f3ry dostarcza wielu funkcjonalno\u015bci takich jak mi\u0119dzy innymi: firewall, IPS (ochrona przed atakami), filtrowanie tre\u015bci WWW, antywirus, VPN, kontrola aplikacji, optymalizacja pasma czy ochrona przed spamem. Warto zwr\u00f3ci\u0107 uwag\u0119 tak\u017ce na inne opcje, przyk\u0142adem mo\u017ce by\u0107 DLP, czyli ochrona przed ewentualnym wyciekiem poufnych informacji, a tak\u017ce kontroler sieci bezprzewodowych i mocne uwierzytelnianie.<\/p>\n<p><strong><a href=\"https:\/\/makanet24.pl\/wp-content\/uploads\/2021\/03\/fortigate-fortiwifi-40f-ulotka.pdf\">fortigate-fortiwifi-40f ulotka<\/a><\/strong><\/p>\n<table class=\"forti-performance\">\n<tbody>\n<tr>\n<th>Firewall<\/th>\n<th>IPS<\/th>\n<th>NGFW<\/th>\n<th>Threat<\/th>\n<\/tr>\n<tr>\n<td>5 Gbps<\/td>\n<td>1 Gbps<\/td>\n<td>800 Mbps<\/td>\n<td>600 Mbps<\/td>\n<\/tr>\n<\/tbody>\n<\/table>\n<p>Jako\u015b\u0107 dzia\u0142ania produkt\u00f3w FortiGate opiera si\u0119 na zastosowaniu dedykowanych uk\u0142ad\u00f3w sprz\u0119towych, kt\u00f3re odpowiadaj\u0105 za proces filtrowania tre\u015bci i obs\u0142ugi ruchu. Implementacja platformy jest mo\u017cliwa na dwa sposoby: w trybie routera z funkcj\u0105 NAT (translacj\u0105 adres\u00f3w sieciowych) b\u0105d\u017a w trybie transparentnym.<\/p>\n<p>Jednocze\u015bnie zrealizowane zostaj\u0105 wszystkie funkcje bezpiecze\u0144stwa, kt\u00f3re zosta\u0142y wymienione w\u015br\u00f3d powy\u017cszych funkcjonalno\u015bci. Dzi\u0119ki zaimplementowaniu w urz\u0105dzeniu specjalistycznych mechanizm\u00f3w wirtualizacji w ramach jednej platformy sprz\u0119towej realizowane mo\u017ce by\u0107 nawet kilka system\u00f3w logicznych. Zalet\u0105 jest fakt, i\u017c ka\u017cdy z system\u00f3w posiada niezale\u017cn\u0105 konfiguracj\u0119 (\u0142\u0105cznie z warstw\u0105 aplikacji). Zastosowanie opcji integracji z domen\u0105 gwarantuje mo\u017cliwo\u015b\u0107 realizacji procesu uwierzytelniania i kontroli dost\u0119pu w spos\u00f3b ca\u0142kowicie zrozumia\u0142y dla wszystkich u\u017cytkownik\u00f3w sieci.<\/p>\n<h2>Zalety FortiGate 40F:<\/h2>\n<ul>\n<li>Kompleksowa i wydajna platforma bezpiecze\u0144stwa, kt\u00f3r\u0105 zapewnia FortiOS 5 \u2013 jest to jak na razie jedyny system operacyjny w stu procentach dedykowany bezpiecze\u0144stwu sieci! Bezpiecze\u0144stwo zapewniane jest r\u00f3wnie\u017c przez nowoczesny, niestandardowy procesor FortiASIC SOC3<\/li>\n<li>Dwa z\u0142\u0105cza typu WAN oraz siedem prze\u0142\u0105czanych port\u00f3w LAN GE, kt\u00f3re oferuj\u0105 dwie strefy s\u0142u\u017c\u0105ce do wymuszania zastosowania zasad bezpiecze\u0144stwa dla wszystkich urz\u0105dze\u0144 ko\u0144cowych<\/li>\n<li>Niski koszt eksploatacji \u2013 nieograniczona ilo\u015b\u0107 licencji na jedno urz\u0105dzenie<\/li>\n<li>Bardzo wysoka wydajno\u015b\u0107 po\u0142\u0105czona z kr\u00f3tkim czasem odpowiedzi sieci dzi\u0119ki du\u017cej przepustowo\u015bci firewalla &#8211; a\u017c do 5 Gbps<\/li>\n<li>Wielofunkcyjna zapora UTM, kt\u00f3ra zawiera kontrol\u0119 aplikacji, IPS, VPN, web filtering oraz firewall<\/li>\n<li>Dost\u0119p do FortiGuard Subscription Services, kt\u00f3re zapewniaj\u0105 automatyczn\u0105 ochron\u0119 przed wszelkimi zagro\u017ceniami, kt\u00f3ra realizowana jest w czasie rzeczywistym. Wszelkie urz\u0105dzenia na bie\u017c\u0105co ochraniane s\u0105 tak\u017ce przed szkodliwymi programami typu exploit, kt\u00f3re mog\u0105 nawet umo\u017cliwi\u0107 atakuj\u0105cemu przej\u0119cie kontroli nad komputerem<\/li>\n<li>U\u0142atwione wdro\u017cenie wst\u0119pne systemu, a tak\u017ce jego konfiguracja \u2013 do tych zada\u0144 wykorzystywana jest specjalna us\u0142uga FortiExplorer<\/li>\n<\/ul>\n<p><strong>Produkty FortiGate 40F<\/strong> idealnie sprawdz\u0105 si\u0119 przede wszystkim w ma\u0142ych biurach oraz niewielkich oddzia\u0142ach firm. Ich dzia\u0142anie mo\u017cna por\u00f3wna\u0107 do innych produkt\u00f3w FortiGate (kt\u00f3re przeznaczone s\u0105 dla wi\u0119kszych przedsi\u0119biorstw), jednak stanowi\u0105 bardziej ekonomiczne rozwi\u0105zanie idealne dla nieco mniejszych biznes\u00f3w. Cena jest odpowiednio ni\u017csza, ale produkt nie wyr\u00f3\u017cnia si\u0119 negatywnie wydajno\u015bci\u0105 ani funkcjonalno\u015bci\u0105.<\/p>\n<h3>Najwa\u017cniejsze cechy produktu FortiGate 40F:<\/h3>\n<ul>\n<li>Mo\u017cliwo\u015b\u0107 bezpiecznego przegl\u0105dania Internetu zapewniona przez obs\u0142ug\u0119 funkcji FortiGuard. Polega ona na filtrowaniu wszystkich potencjalnie szkodliwych stron, a tak\u017ce usuwaniu zagro\u017ce\u0144 (r\u00f3wnie\u017c z aplikacji). Funkcja chroni r\u00f3wnie\u017c przed spamem oraz wirusami. Umo\u017cliwia zablokowanie stron zawieraj\u0105cych niepokoj\u0105c\u0105 tre\u015b\u0107, mi\u0119dzy innymi sceny przemocy i pornografi\u0119<\/li>\n<li>Ca\u0142kowicie zintegrowane centrum zabezpiecze\u0144, kt\u00f3re pozwala na spe\u0142nienie wszystkich potrzeb zwi\u0105zanych z zapewnieniem bezpiecze\u0144stwa, jednocze\u015bnie wykluczaj\u0105c konieczno\u015b\u0107 zarz\u0105dzania wieloma procesami przy u\u017cyciu wielu urz\u0105dze\u0144 &#8211; problem ten zostaje rozwi\u0105zany przez zastosowanie centralnego interfejsu s\u0142u\u017c\u0105cego do zarz\u0105dzania bezpiecze\u0144stwem<\/li>\n<li>Brak konieczno\u015bci zakupu dodatkowych licencji; wszystkie funkcje produktu s\u0105 dost\u0119pne po zakupie, bez potrzeby inwestowania w kolejne funkcjonalno\u015bci, kt\u00f3re trzeba dopiero aktywowa\u0107<\/li>\n<li>Mo\u017cliwo\u015b\u0107 bezpiecznego po\u0142\u0105czenia si\u0119 z biurem dzi\u0119ki zastosowaniu nowoczesnego rozwi\u0105zania Site to Site IPSec VPN<\/li>\n<li>Przyspieszenie dzia\u0142ania komputera przy jednoczesnych oszcz\u0119dno\u015bciach &#8211; ruch sieciowy zostaje zabezpieczony przed ewentualn\u0105 pr\u00f3b\u0105 ataku<\/li>\n<li>Zapewnienie bezpiecze\u0144stwa tak\u017ce dla urz\u0105dze\u0144 mobilnych &#8211; dzi\u0119ki zastosowaniu skanowania sieci na poziomie tak zwanych pakiet\u00f3w sieciowych, wszystkie urz\u0105dzenia, kt\u00f3re pod\u0142\u0105czone s\u0105 do sieci s\u0105 jednakowo chronione (nawet te, kt\u00f3re nie posiadaj\u0105 dedykowanego oprogramowania antywirusowego)<\/li>\n<li>Prosta i sprawna instalacja, kt\u00f3ra jest mo\u017cliwa dzi\u0119ki funkcji FortiExplorer. Uruchomienie oprogramowania polega na pod\u0142\u0105czeniu USB oraz udzieleniu odpowiedzi na kilka pyta\u0144 &#8211; instalacja przebiega niezwykle szybko!<\/li>\n<li>Certyfikacja ICSA UTM, kt\u00f3ra gwarantuje, i\u017c produkt jest firewallem najwy\u017cszej jako\u015bci, zapewniaj\u0105cym najbardziej profesjonalne us\u0142ugi<\/li>\n<li>Mo\u017cliwo\u015b\u0107 zdalnego po\u0142\u0105czenia z biurem poprzez Remote VPN, co umo\u017cliwia uzyskanie dost\u0119pu do plik\u00f3w bez ryzyka przechwycenia ich przez osoby nieuprawnione. Dodatkowo, komputer jest chroniony przez dedykowany program FortiClient VPN<\/li>\n<li>Autentykacja przy wykorzystaniu dw\u00f3ch czynnik\u00f3w (funkcja FortiToken) zapewnia stuprocentow\u0105 pewno\u015b\u0107 co do to\u017csamo\u015bci wszystkich u\u017cytkownik\u00f3w sieci<\/li>\n<li>Realizacja po\u0142\u0105cze\u0144 3G i 4G poprzez wbudowany, zintegrowany port USB, kt\u00f3ry mo\u017ce stanowi\u0107 zar\u00f3wno g\u0142\u00f3wne, jak i zapasowe po\u0142\u0105czenie. Dodatkow\u0105 zalet\u0105 jest obs\u0142uga funkcji loadbalancing (r\u00f3wnowa\u017cenie obci\u0105\u017cenia) oraz automatyczne przekierowywanie po\u0142\u0105czenia na sprawne \u0142\u0105cze<\/li>\n<li>Funkcja FortiManager odpowiadaj\u0105ca za centralne sterowanie oprogramowaniem &#8211; umo\u017cliwia zarz\u0105dzanie wszelkimi aktualizacjami oraz konfiguracjami<\/li>\n<li>Wiele mo\u017cliwo\u015bci autentykacji u\u017cytkownik\u00f3w sieci &#8211; mo\u017cliwo\u015b\u0107 nadania im unikatowych login\u00f3w oraz hase\u0142, tak\u017ce przy wykorzystaniu wbudowanego katalogu<\/li>\n<li>Raportowanie centralne poprzez FortiAnalyzer, dzi\u0119ki kt\u00f3remu wszelkie dane oraz raporty zebrane s\u0105 w jednym miejscu, a zarazem mog\u0105 by\u0107 w \u0142atwy spos\u00f3b zgromadzone i przeanalizowane w przypadku audytu w przedsi\u0119biorstwie<\/li>\n<\/ul>\n","protected":false},"excerpt":{"rendered":"<h6>Zapora nowej generacji w prostym, niedrogim i \u0142atwym do wdro\u017cenia rozwi\u0105zaniu.<\/h6>\n<p>&nbsp;<\/p>\n<p>&nbsp;<\/p>\n","protected":false},"featured_media":1590,"comment_status":"open","ping_status":"closed","template":"","meta":[],"yoast_head":"<!-- This site is optimized with the Yoast SEO plugin v16.2 - https:\/\/yoast.com\/wordpress\/plugins\/seo\/ -->\n<title>FortiGate-40F - Makanet24<\/title>\n<meta name=\"robots\" content=\"index, follow, max-snippet:-1, max-image-preview:large, max-video-preview:-1\" \/>\n<link rel=\"canonical\" href=\"https:\/\/makanet24.pl\/index.php\/produkt\/fortigate-40f\/\" \/>\n<meta property=\"og:locale\" content=\"pl_PL\" \/>\n<meta property=\"og:type\" content=\"article\" \/>\n<meta property=\"og:title\" content=\"FortiGate-40F - Makanet24\" \/>\n<meta property=\"og:description\" content=\"Zapora nowej generacji w prostym, niedrogim i \u0142atwym do wdro\u017cenia rozwi\u0105zaniu. &nbsp;  &nbsp;\" \/>\n<meta property=\"og:url\" content=\"https:\/\/makanet24.pl\/index.php\/produkt\/fortigate-40f\/\" \/>\n<meta property=\"og:site_name\" content=\"Makanet24\" \/>\n<meta property=\"article:modified_time\" content=\"2021-05-04T09:25:51+00:00\" \/>\n<meta property=\"og:image\" content=\"https:\/\/makanet24.pl\/wp-content\/uploads\/2021\/03\/Fortigate-40F.png\" \/>\n\t<meta property=\"og:image:width\" content=\"375\" \/>\n\t<meta property=\"og:image:height\" content=\"375\" \/>\n<meta name=\"twitter:card\" content=\"summary_large_image\" \/>\n<meta name=\"twitter:label1\" content=\"Szacowany czas czytania\">\n\t<meta name=\"twitter:data1\" content=\"5 minut\">\n<script type=\"application\/ld+json\" class=\"yoast-schema-graph\">{\"@context\":\"https:\/\/schema.org\",\"@graph\":[{\"@type\":\"WebSite\",\"@id\":\"https:\/\/makanet24.pl\/#website\",\"url\":\"https:\/\/makanet24.pl\/\",\"name\":\"Makanet24\",\"description\":\"Sklep internetowy z produktami IT\",\"potentialAction\":[{\"@type\":\"SearchAction\",\"target\":\"https:\/\/makanet24.pl\/?s={search_term_string}\",\"query-input\":\"required name=search_term_string\"}],\"inLanguage\":\"pl-PL\"},{\"@type\":\"ImageObject\",\"@id\":\"https:\/\/makanet24.pl\/index.php\/produkt\/fortigate-40f\/#primaryimage\",\"inLanguage\":\"pl-PL\",\"url\":\"https:\/\/makanet24.pl\/wp-content\/uploads\/2021\/03\/Fortigate-40F.png\",\"contentUrl\":\"https:\/\/makanet24.pl\/wp-content\/uploads\/2021\/03\/Fortigate-40F.png\",\"width\":375,\"height\":375},{\"@type\":\"WebPage\",\"@id\":\"https:\/\/makanet24.pl\/index.php\/produkt\/fortigate-40f\/#webpage\",\"url\":\"https:\/\/makanet24.pl\/index.php\/produkt\/fortigate-40f\/\",\"name\":\"FortiGate-40F - Makanet24\",\"isPartOf\":{\"@id\":\"https:\/\/makanet24.pl\/#website\"},\"primaryImageOfPage\":{\"@id\":\"https:\/\/makanet24.pl\/index.php\/produkt\/fortigate-40f\/#primaryimage\"},\"datePublished\":\"2021-03-23T22:14:09+00:00\",\"dateModified\":\"2021-05-04T09:25:51+00:00\",\"breadcrumb\":{\"@id\":\"https:\/\/makanet24.pl\/index.php\/produkt\/fortigate-40f\/#breadcrumb\"},\"inLanguage\":\"pl-PL\",\"potentialAction\":[{\"@type\":\"ReadAction\",\"target\":[\"https:\/\/makanet24.pl\/index.php\/produkt\/fortigate-40f\/\"]}]},{\"@type\":\"BreadcrumbList\",\"@id\":\"https:\/\/makanet24.pl\/index.php\/produkt\/fortigate-40f\/#breadcrumb\",\"itemListElement\":[{\"@type\":\"ListItem\",\"position\":1,\"item\":{\"@type\":\"WebPage\",\"@id\":\"https:\/\/makanet24.pl\/\",\"url\":\"https:\/\/makanet24.pl\/\",\"name\":\"Strona g\\u0142\\u00f3wna\"}},{\"@type\":\"ListItem\",\"position\":2,\"item\":{\"@type\":\"WebPage\",\"@id\":\"https:\/\/makanet24.pl\/index.php\/sklep\/\",\"url\":\"https:\/\/makanet24.pl\/index.php\/sklep\/\",\"name\":\"Sklep\"}},{\"@type\":\"ListItem\",\"position\":3,\"item\":{\"@id\":\"https:\/\/makanet24.pl\/index.php\/produkt\/fortigate-40f\/#webpage\"}}]}]}<\/script>\n<!-- \/ Yoast SEO plugin. -->","_links":{"self":[{"href":"https:\/\/makanet24.pl\/index.php\/wp-json\/wp\/v2\/product\/1660"}],"collection":[{"href":"https:\/\/makanet24.pl\/index.php\/wp-json\/wp\/v2\/product"}],"about":[{"href":"https:\/\/makanet24.pl\/index.php\/wp-json\/wp\/v2\/types\/product"}],"replies":[{"embeddable":true,"href":"https:\/\/makanet24.pl\/index.php\/wp-json\/wp\/v2\/comments?post=1660"}],"wp:featuredmedia":[{"embeddable":true,"href":"https:\/\/makanet24.pl\/index.php\/wp-json\/wp\/v2\/media\/1590"}],"wp:attachment":[{"href":"https:\/\/makanet24.pl\/index.php\/wp-json\/wp\/v2\/media?parent=1660"}],"curies":[{"name":"wp","href":"https:\/\/api.w.org\/{rel}","templated":true}]}}