{"id":1655,"date":"2021-03-23T22:27:30","date_gmt":"2021-03-23T21:27:30","guid":{"rendered":"https:\/\/makanet24.pl\/?post_type=product&#038;p=1655"},"modified":"2021-04-28T11:05:12","modified_gmt":"2021-04-28T09:05:12","slug":"bitdefender-mobile-security-for-android","status":"publish","type":"product","link":"https:\/\/makanet24.pl\/index.php\/produkt\/bitdefender-mobile-security-for-android\/","title":{"rendered":"Bitdefender Mobile Security for Android"},"content":{"rendered":"<section id=\"funkcje\" class=\"elementor-section elementor-top-section elementor-element elementor-element-9176b5b elementor-section-stretched elementor-section-boxed elementor-section-height-default elementor-section-height-default animated fadeIn\" data-id=\"9176b5b\" data-element_type=\"section\" data-settings=\"{&quot;animation&quot;:&quot;fadeIn&quot;,&quot;stretch_section&quot;:&quot;section-stretched&quot;}\">\n<div class=\"elementor-container elementor-column-gap-default\">\n<div class=\"elementor-row\">\n<div class=\"elementor-column elementor-col-100 elementor-top-column elementor-element elementor-element-21397cc animated fadeIn\" data-id=\"21397cc\" data-element_type=\"column\" data-settings=\"{&quot;animation&quot;:&quot;fadeIn&quot;}\">\n<div class=\"elementor-column-wrap elementor-element-populated\">\n<div class=\"elementor-widget-wrap\">\n<div class=\"elementor-element elementor-element-3ac5b35 elementor-widget elementor-widget-heading\" data-id=\"3ac5b35\" data-element_type=\"widget\" data-widget_type=\"heading.default\">\n<h2 class=\"elementor-widget-container\"><span class=\"elementor-heading-title elementor-size-default\">Najlepsza ochrona dla Androida<\/span><\/h2>\n<\/div>\n<div class=\"elementor-element elementor-element-40fb5fa elementor-widget elementor-widget-text-editor\" data-id=\"40fb5fa\" data-element_type=\"widget\" data-widget_type=\"text-editor.default\">\n<div class=\"elementor-widget-container\">\n<div class=\"elementor-text-editor elementor-clearfix\">\n<p>Bitdefender Mobile Security zapewnia niezr\u00f3wnane wykrywanie z\u0142o\u015bliwego oprogramowania w chmurze i inteligentn\u0105 ochron\u0119 przed kradzie\u017c\u0105 dla twojego urz\u0105dzenia z Androidem, praktycznie bez wp\u0142ywu na bateri\u0119.<\/p>\n<\/div>\n<\/div>\n<\/div>\n<\/div>\n<\/div>\n<\/div>\n<\/div>\n<\/div>\n<\/section>\n<section class=\"elementor-section elementor-top-section elementor-element elementor-element-9743a07 elementor-section-stretched elementor-section-boxed elementor-section-height-default elementor-section-height-default\" data-id=\"9743a07\" data-element_type=\"section\" data-settings=\"{&quot;stretch_section&quot;:&quot;section-stretched&quot;}\">\n<div class=\"elementor-container elementor-column-gap-default\">\n<div class=\"elementor-row\">\n<div class=\"elementor-column elementor-col-100 elementor-top-column elementor-element elementor-element-91b87e6 animated fadeIn\" data-id=\"91b87e6\" data-element_type=\"column\" data-settings=\"{&quot;animation&quot;:&quot;fadeIn&quot;}\">\n<div class=\"elementor-column-wrap elementor-element-populated\">\n<div class=\"elementor-widget-wrap\">\n<div class=\"elementor-element elementor-element-413dbd6 elementor-tabs-view-horizontal elementor-widget elementor-widget-tabs\" data-id=\"413dbd6\" data-element_type=\"widget\" data-widget_type=\"tabs.default\">\n<div class=\"elementor-widget-container\">\n<div class=\"elementor-tabs\" role=\"tablist\">\n<div class=\"elementor-tabs-wrapper\">\n<div id=\"elementor-tab-title-6841\" class=\"elementor-tab-title elementor-tab-desktop-title elementor-active\" role=\"tab\" data-tab=\"1\" aria-controls=\"elementor-tab-content-6841\"><img loading=\"lazy\" class=\"alignnone size-full wp-image-176\" src=\"https:\/\/bitdefender.pl\/wp-content\/uploads\/2018\/09\/prot.png\" alt=\" prot\" width=\"23\" height=\"28\" \/> Ochrona<\/div>\n<\/div>\n<div class=\"elementor-tabs-content-wrapper\">\n<div id=\"elementor-tab-content-6841\" class=\"elementor-tab-content elementor-clearfix elementor-active\" role=\"tabpanel\" data-tab=\"1\" aria-labelledby=\"elementor-tab-title-6841\">\n<div class=\"row\">\n<div class=\"col-md-4\">\n<p>Bitdefender konsekwentnie zapewnia najlepsz\u0105 ochron\u0119 w testach wykrywania z\u0142o\u015bliwego oprogramowania prowadzonych przez niezale\u017cne laboratoria.<\/p>\n<ul>\n<li><i class=\"fa fa-check\"><\/i> Skanowanie na \u017c\u0105danie i skan przy instalacji<\/li>\n<li><i class=\"fa fa-check\"><\/i> Ochrona Sieci<\/li>\n<li><i class=\"fa fa-check\"><\/i> WearOn<\/li>\n<li><i class=\"fa fa-check\"><\/i> Anty-Theft<\/li>\n<\/ul>\n<\/div>\n<div class=\"col-md-4\">\n<h3><img loading=\"lazy\" class=\"alignnone size-full wp-image-178\" src=\"https:\/\/bitdefender.pl\/wp-content\/uploads\/2018\/09\/perf.png\" alt=\" perf\" width=\"31\" height=\"25\" \/> Wydajno\u015b\u0107<\/h3>\n<p>Oprogramowanie zabezpieczaj\u0105ce Bitdefender oferuje zoptymalizowan\u0105 szybko\u015b\u0107 i najlepsz\u0105 wydajno\u015b\u0107 na r\u00f3\u017cnych platformach.<\/p>\n<ul>\n<li><i class=\"fa fa-check\"><\/i> Autopilot<\/li>\n<li><i class=\"fa fa-check\"><\/i> Szybko\u015b\u0107 bez obci\u0105\u017cenia urz\u0105dzenia<\/li>\n<li><i class=\"fa fa-check\"><\/i> Tryb oszcz\u0119dzania baterii i wi\u0119ksza wydajno\u015b\u0107<\/li>\n<\/ul>\n<\/div>\n<div class=\"col-md-4\">\n<h3><img loading=\"lazy\" class=\"alignnone size-full wp-image-179\" src=\"https:\/\/bitdefender.pl\/wp-content\/uploads\/2018\/09\/priv.png\" alt=\" priv\" width=\"33\" height=\"25\" \/> Prywatano\u015b\u0107<\/h3>\n<p>Kompleksowa ochrona od Bitdefender dba o twoj\u0105 prywatno\u015b\u0107 i dane osobowe online.<\/p>\n<ul>\n<li><i class=\"fa fa-check\"><\/i> Bitdefender VPN\u00a0<strong>Ulepszone<\/strong><\/li>\n<li><i class=\"fa fa-check\"><\/i> Blokada Aplikacji<\/li>\n<li><i class=\"fa fa-check\"><\/i> Prywatno\u015b\u0107 Konta<\/li>\n<\/ul>\n<\/div>\n<\/div>\n<\/div>\n<\/div>\n<\/div>\n<\/div>\n<\/div>\n<\/div>\n<\/div>\n<\/div>\n<\/div>\n<\/div>\n<\/section>\n","protected":false},"excerpt":{"rendered":"<p class=\"elementor-heading-title elementor-size-default\">Najlepsza ochrona dla urz\u0105dze\u0144 z systemem Android<\/p>\n","protected":false},"featured_media":1586,"comment_status":"open","ping_status":"closed","template":"","meta":[],"yoast_head":"<!-- This site is optimized with the Yoast SEO plugin v16.2 - https:\/\/yoast.com\/wordpress\/plugins\/seo\/ -->\n<title>Bitdefender Mobile Security for Android - Makanet24<\/title>\n<meta name=\"robots\" content=\"index, follow, max-snippet:-1, max-image-preview:large, max-video-preview:-1\" \/>\n<link rel=\"canonical\" href=\"https:\/\/makanet24.pl\/index.php\/produkt\/bitdefender-mobile-security-for-android\/\" \/>\n<meta property=\"og:locale\" content=\"pl_PL\" \/>\n<meta property=\"og:type\" content=\"article\" \/>\n<meta property=\"og:title\" content=\"Bitdefender Mobile Security for Android - Makanet24\" \/>\n<meta property=\"og:description\" content=\"Najlepsza ochrona dla urz\u0105dze\u0144 z systemem Android\" \/>\n<meta property=\"og:url\" content=\"https:\/\/makanet24.pl\/index.php\/produkt\/bitdefender-mobile-security-for-android\/\" \/>\n<meta property=\"og:site_name\" content=\"Makanet24\" \/>\n<meta property=\"article:modified_time\" content=\"2021-04-28T09:05:12+00:00\" \/>\n<meta property=\"og:image\" content=\"https:\/\/makanet24.pl\/wp-content\/uploads\/2021\/03\/BMSA-Online-EN.png\" \/>\n\t<meta property=\"og:image:width\" content=\"375\" \/>\n\t<meta property=\"og:image:height\" content=\"375\" \/>\n<meta name=\"twitter:card\" content=\"summary_large_image\" \/>\n<meta name=\"twitter:label1\" content=\"Szacowany czas czytania\">\n\t<meta name=\"twitter:data1\" content=\"1 minuta\">\n<script type=\"application\/ld+json\" class=\"yoast-schema-graph\">{\"@context\":\"https:\/\/schema.org\",\"@graph\":[{\"@type\":\"WebSite\",\"@id\":\"https:\/\/makanet24.pl\/#website\",\"url\":\"https:\/\/makanet24.pl\/\",\"name\":\"Makanet24\",\"description\":\"Sklep internetowy z produktami IT\",\"potentialAction\":[{\"@type\":\"SearchAction\",\"target\":\"https:\/\/makanet24.pl\/?s={search_term_string}\",\"query-input\":\"required name=search_term_string\"}],\"inLanguage\":\"pl-PL\"},{\"@type\":\"ImageObject\",\"@id\":\"https:\/\/makanet24.pl\/index.php\/produkt\/bitdefender-mobile-security-for-android\/#primaryimage\",\"inLanguage\":\"pl-PL\",\"url\":\"https:\/\/makanet24.pl\/wp-content\/uploads\/2021\/03\/BMSA-Online-EN.png\",\"contentUrl\":\"https:\/\/makanet24.pl\/wp-content\/uploads\/2021\/03\/BMSA-Online-EN.png\",\"width\":375,\"height\":375},{\"@type\":\"WebPage\",\"@id\":\"https:\/\/makanet24.pl\/index.php\/produkt\/bitdefender-mobile-security-for-android\/#webpage\",\"url\":\"https:\/\/makanet24.pl\/index.php\/produkt\/bitdefender-mobile-security-for-android\/\",\"name\":\"Bitdefender Mobile Security for Android - Makanet24\",\"isPartOf\":{\"@id\":\"https:\/\/makanet24.pl\/#website\"},\"primaryImageOfPage\":{\"@id\":\"https:\/\/makanet24.pl\/index.php\/produkt\/bitdefender-mobile-security-for-android\/#primaryimage\"},\"datePublished\":\"2021-03-23T21:27:30+00:00\",\"dateModified\":\"2021-04-28T09:05:12+00:00\",\"breadcrumb\":{\"@id\":\"https:\/\/makanet24.pl\/index.php\/produkt\/bitdefender-mobile-security-for-android\/#breadcrumb\"},\"inLanguage\":\"pl-PL\",\"potentialAction\":[{\"@type\":\"ReadAction\",\"target\":[\"https:\/\/makanet24.pl\/index.php\/produkt\/bitdefender-mobile-security-for-android\/\"]}]},{\"@type\":\"BreadcrumbList\",\"@id\":\"https:\/\/makanet24.pl\/index.php\/produkt\/bitdefender-mobile-security-for-android\/#breadcrumb\",\"itemListElement\":[{\"@type\":\"ListItem\",\"position\":1,\"item\":{\"@type\":\"WebPage\",\"@id\":\"https:\/\/makanet24.pl\/\",\"url\":\"https:\/\/makanet24.pl\/\",\"name\":\"Strona g\\u0142\\u00f3wna\"}},{\"@type\":\"ListItem\",\"position\":2,\"item\":{\"@type\":\"WebPage\",\"@id\":\"https:\/\/makanet24.pl\/index.php\/sklep\/\",\"url\":\"https:\/\/makanet24.pl\/index.php\/sklep\/\",\"name\":\"Sklep\"}},{\"@type\":\"ListItem\",\"position\":3,\"item\":{\"@id\":\"https:\/\/makanet24.pl\/index.php\/produkt\/bitdefender-mobile-security-for-android\/#webpage\"}}]}]}<\/script>\n<!-- \/ Yoast SEO plugin. -->","_links":{"self":[{"href":"https:\/\/makanet24.pl\/index.php\/wp-json\/wp\/v2\/product\/1655"}],"collection":[{"href":"https:\/\/makanet24.pl\/index.php\/wp-json\/wp\/v2\/product"}],"about":[{"href":"https:\/\/makanet24.pl\/index.php\/wp-json\/wp\/v2\/types\/product"}],"replies":[{"embeddable":true,"href":"https:\/\/makanet24.pl\/index.php\/wp-json\/wp\/v2\/comments?post=1655"}],"wp:featuredmedia":[{"embeddable":true,"href":"https:\/\/makanet24.pl\/index.php\/wp-json\/wp\/v2\/media\/1586"}],"wp:attachment":[{"href":"https:\/\/makanet24.pl\/index.php\/wp-json\/wp\/v2\/media?parent=1655"}],"curies":[{"name":"wp","href":"https:\/\/api.w.org\/{rel}","templated":true}]}}