{"id":1635,"date":"2021-03-23T22:18:43","date_gmt":"2021-03-23T21:18:43","guid":{"rendered":"https:\/\/makanet24.pl\/?post_type=product&#038;p=1635"},"modified":"2021-04-28T11:02:51","modified_gmt":"2021-04-28T09:02:51","slug":"bitdefender-family-pack-2021","status":"publish","type":"product","link":"https:\/\/makanet24.pl\/index.php\/produkt\/bitdefender-family-pack-2021\/","title":{"rendered":"Bitdefender Family Pack 2021"},"content":{"rendered":"<div><strong>Bitdefender Family Pack 2021<\/strong> \u2013 wyj\u0105tkowy pakiet bezpiecze\u0144stwa dla ca\u0142ej Twojej rodziny i ochrona antywirusowa wszystkich rodzaj\u00f3w urz\u0105dze\u0144 w Twoim domu<\/div>\n<div>\n<ul>\n<li>Pakiet zabezpieczaj\u0105cy do 15 urz\u0105dze\u0144 w gospodarstwie domowym<\/li>\n<li>Zaawansowana ochrona ca\u0142ej rodziny przed zagro\u017ceniami internetowymi<\/li>\n<li>Pe\u0142na ochrona urz\u0105dze\u0144 z systemami Windows, macOS, Android i iOS<\/li>\n<li>Skuteczne wykrywanie i blokowanie wszystkich rodzaj\u00f3w zagro\u017ce\u0144, w tym zaawansowanego oprogramowania ransomware<\/li>\n<li>Aktywna ochrona bez spowolnie\u0144, spadku wydajno\u015bci i czasu pracy na baterii<\/li>\n<li><strong>ULEPSZENIE!<\/strong> Sie\u0107 VPN dla maksymalnej ochrony prywatno\u015bci online &#8211; 200 MB dziennie zaszyfrowanego ruchu dla ka\u017cdego urz\u0105dzenia (Windows, Android, macOS i iOS)<\/li>\n<li>Kontrola rodzicielska \u2013 ochrona dzieci i monitorowanie ich aktywno\u015bci internetowej<\/li>\n<li>Ochrona kamery internetowej i mikrofonu<\/li>\n<li>Bezpiecze\u0144stwo transakcji bankowych online<\/li>\n<li>Funkcje antykradzie\u017cowe<\/li>\n<li>Optymalizacja wydajno\u015bci urz\u0105dzenia<\/li>\n<li><strong>ULEPSZENIE!<\/strong> Kompleksowa ochrona danych w czasie rzeczywistym<\/li>\n<li><strong>ULEPSZENIE!<\/strong> Wykrywanie luk bezpiecze\u0144stwa<\/li>\n<li>Pomoc techniczna 24\/7<\/li>\n<\/ul>\n<\/div>\n<div>\n<h2>Gwarancja bezpiecze\u0144stwa dla ca\u0142ej rodziny! Pe\u0142na ochrona wszystkich domowych urz\u0105dze\u0144 bez spowolnie\u0144 i utraty wydajno\u015bci<\/h2>\n<\/div>\n","protected":false},"excerpt":{"rendered":"<p>Bitdefender Family Pack 2021 (ochrona dla urz\u0105dze\u0144 z systemem Windows, Mac OS, iOS i Android), licencja przeznaczona dla gospodarstw domowych do 15 urz\u0105dze\u0144.<\/p>\n","protected":false},"featured_media":1584,"comment_status":"open","ping_status":"closed","template":"","meta":[],"yoast_head":"<!-- This site is optimized with the Yoast SEO plugin v16.2 - https:\/\/yoast.com\/wordpress\/plugins\/seo\/ -->\n<title>Bitdefender Family Pack 2021 - Makanet24<\/title>\n<meta name=\"robots\" content=\"index, follow, max-snippet:-1, max-image-preview:large, max-video-preview:-1\" \/>\n<link rel=\"canonical\" href=\"https:\/\/makanet24.pl\/index.php\/produkt\/bitdefender-family-pack-2021\/\" \/>\n<meta property=\"og:locale\" content=\"pl_PL\" \/>\n<meta property=\"og:type\" content=\"article\" \/>\n<meta property=\"og:title\" content=\"Bitdefender Family Pack 2021 - Makanet24\" \/>\n<meta property=\"og:description\" content=\"Bitdefender Family Pack 2021 (ochrona dla urz\u0105dze\u0144 z systemem Windows, Mac OS, iOS i Android), licencja przeznaczona dla gospodarstw domowych do 15 urz\u0105dze\u0144.\" \/>\n<meta property=\"og:url\" content=\"https:\/\/makanet24.pl\/index.php\/produkt\/bitdefender-family-pack-2021\/\" \/>\n<meta property=\"og:site_name\" content=\"Makanet24\" \/>\n<meta property=\"article:modified_time\" content=\"2021-04-28T09:02:51+00:00\" \/>\n<meta property=\"og:image\" content=\"https:\/\/makanet24.pl\/wp-content\/uploads\/2021\/03\/FP-Online-EN.png\" \/>\n\t<meta property=\"og:image:width\" content=\"375\" \/>\n\t<meta property=\"og:image:height\" content=\"375\" \/>\n<meta name=\"twitter:card\" content=\"summary_large_image\" \/>\n<meta name=\"twitter:label1\" content=\"Szacowany czas czytania\">\n\t<meta name=\"twitter:data1\" content=\"1 minuta\">\n<script type=\"application\/ld+json\" class=\"yoast-schema-graph\">{\"@context\":\"https:\/\/schema.org\",\"@graph\":[{\"@type\":\"WebSite\",\"@id\":\"https:\/\/makanet24.pl\/#website\",\"url\":\"https:\/\/makanet24.pl\/\",\"name\":\"Makanet24\",\"description\":\"Sklep internetowy z produktami IT\",\"potentialAction\":[{\"@type\":\"SearchAction\",\"target\":\"https:\/\/makanet24.pl\/?s={search_term_string}\",\"query-input\":\"required name=search_term_string\"}],\"inLanguage\":\"pl-PL\"},{\"@type\":\"ImageObject\",\"@id\":\"https:\/\/makanet24.pl\/index.php\/produkt\/bitdefender-family-pack-2021\/#primaryimage\",\"inLanguage\":\"pl-PL\",\"url\":\"https:\/\/makanet24.pl\/wp-content\/uploads\/2021\/03\/FP-Online-EN.png\",\"contentUrl\":\"https:\/\/makanet24.pl\/wp-content\/uploads\/2021\/03\/FP-Online-EN.png\",\"width\":375,\"height\":375},{\"@type\":\"WebPage\",\"@id\":\"https:\/\/makanet24.pl\/index.php\/produkt\/bitdefender-family-pack-2021\/#webpage\",\"url\":\"https:\/\/makanet24.pl\/index.php\/produkt\/bitdefender-family-pack-2021\/\",\"name\":\"Bitdefender Family Pack 2021 - Makanet24\",\"isPartOf\":{\"@id\":\"https:\/\/makanet24.pl\/#website\"},\"primaryImageOfPage\":{\"@id\":\"https:\/\/makanet24.pl\/index.php\/produkt\/bitdefender-family-pack-2021\/#primaryimage\"},\"datePublished\":\"2021-03-23T21:18:43+00:00\",\"dateModified\":\"2021-04-28T09:02:51+00:00\",\"breadcrumb\":{\"@id\":\"https:\/\/makanet24.pl\/index.php\/produkt\/bitdefender-family-pack-2021\/#breadcrumb\"},\"inLanguage\":\"pl-PL\",\"potentialAction\":[{\"@type\":\"ReadAction\",\"target\":[\"https:\/\/makanet24.pl\/index.php\/produkt\/bitdefender-family-pack-2021\/\"]}]},{\"@type\":\"BreadcrumbList\",\"@id\":\"https:\/\/makanet24.pl\/index.php\/produkt\/bitdefender-family-pack-2021\/#breadcrumb\",\"itemListElement\":[{\"@type\":\"ListItem\",\"position\":1,\"item\":{\"@type\":\"WebPage\",\"@id\":\"https:\/\/makanet24.pl\/\",\"url\":\"https:\/\/makanet24.pl\/\",\"name\":\"Strona g\\u0142\\u00f3wna\"}},{\"@type\":\"ListItem\",\"position\":2,\"item\":{\"@type\":\"WebPage\",\"@id\":\"https:\/\/makanet24.pl\/index.php\/sklep\/\",\"url\":\"https:\/\/makanet24.pl\/index.php\/sklep\/\",\"name\":\"Sklep\"}},{\"@type\":\"ListItem\",\"position\":3,\"item\":{\"@id\":\"https:\/\/makanet24.pl\/index.php\/produkt\/bitdefender-family-pack-2021\/#webpage\"}}]}]}<\/script>\n<!-- \/ Yoast SEO plugin. -->","_links":{"self":[{"href":"https:\/\/makanet24.pl\/index.php\/wp-json\/wp\/v2\/product\/1635"}],"collection":[{"href":"https:\/\/makanet24.pl\/index.php\/wp-json\/wp\/v2\/product"}],"about":[{"href":"https:\/\/makanet24.pl\/index.php\/wp-json\/wp\/v2\/types\/product"}],"replies":[{"embeddable":true,"href":"https:\/\/makanet24.pl\/index.php\/wp-json\/wp\/v2\/comments?post=1635"}],"wp:featuredmedia":[{"embeddable":true,"href":"https:\/\/makanet24.pl\/index.php\/wp-json\/wp\/v2\/media\/1584"}],"wp:attachment":[{"href":"https:\/\/makanet24.pl\/index.php\/wp-json\/wp\/v2\/media?parent=1635"}],"curies":[{"name":"wp","href":"https:\/\/api.w.org\/{rel}","templated":true}]}}