{"id":1614,"date":"2021-03-23T21:55:35","date_gmt":"2021-03-23T20:55:35","guid":{"rendered":"https:\/\/makanet24.pl\/?post_type=product&#038;p=1614"},"modified":"2021-04-28T11:07:25","modified_gmt":"2021-04-28T09:07:25","slug":"bitdefender-total-security-2021","status":"publish","type":"product","link":"https:\/\/makanet24.pl\/index.php\/produkt\/bitdefender-total-security-2021\/","title":{"rendered":"Bitdefender Total Security 2021"},"content":{"rendered":"<div id=\"prodid-short-opis\">Ka\u017cdy produkt Bitdefender automatycznie si\u0119 aktualizuje i chroni przed najbardziej zaawansowanymi cybernetycznymi zagro\u017ceniami. Aktualizacje do najnowszej wersji s\u0105 dokonywane w ramach subskrypcji. W ten spos\u00f3b nigdy nie przegapisz nowych i ulepszonych funkcji. Bitdefender udost\u0119pnia r\u00f3wnie\u017c us\u0142ug\u0119 sta\u0142ej ochrony, kt\u00f3ra oszcz\u0119dza Tw\u00f3j czas i wysi\u0142ek oraz zmniejsza ryzyko infekcji dzi\u0119ki mo\u017cliwo\u015bci automatycznego odnowienia subskrypcji.<\/div>\n<div class=\"important-features\">\n<p>Najwa\u017cniejsze cechy<\/p>\n<ul>\n<li>Najlepsza ochrona dla urz\u0105dze\u0144 opartych na systemie Windows, macOS, Android i iOS<\/li>\n<li>Wielowarstwowa ochrona przed ransomware + naprawa ransomware<\/li>\n<li>Ochrona poprzedzaj\u0105ca atak<\/li>\n<li>Kontorla rodzicielska<\/li>\n<li>Zoptymalizaowana pr\u0119dko\u015b\u0107 i wydajno\u015b\u0107 na r\u00f3\u017cnych platformach<\/li>\n<li>Ochrona kamerki internetowej<\/li>\n<li>VPN &#8211; chro\u0144 swoj\u0105 prywatno\u015b\u0107<\/li>\n<li>Bitdefender Safepay &#8211; ochrona bankowo\u015bci i zakup\u00f3w online<\/li>\n<li>Profesjonalne wsparcie 24\/7<\/li>\n<\/ul>\n<\/div>\n","protected":false},"excerpt":{"rendered":"<p>Wieloplatformowe bezpiecze\u0144stwo.<\/p>\n<p>Bitdefender Total Security to kompletne rozwi\u0105zanie nowej generacji do ochrony cybernetycznej w systemach Windows, macOS, Android i iOS.<\/p>\n<p><a href=\"https:\/\/makanet24.pl\/wp-content\/uploads\/2021\/01\/Bitdefender-CPNV-TS-Datasheet-creat4582-pl_PL-interactive.pdf\" target=\"_blank\" rel=\"noopener\"><strong>Pobierz ulotk\u0119 produktu<\/strong><\/a><\/p>\n","protected":false},"featured_media":1446,"comment_status":"open","ping_status":"closed","template":"","meta":[],"yoast_head":"<!-- This site is optimized with the Yoast SEO plugin v16.2 - https:\/\/yoast.com\/wordpress\/plugins\/seo\/ -->\n<title>Bitdefender Total Security 2021 - Makanet24<\/title>\n<meta name=\"robots\" content=\"index, follow, max-snippet:-1, max-image-preview:large, max-video-preview:-1\" \/>\n<link rel=\"canonical\" href=\"https:\/\/makanet24.pl\/index.php\/produkt\/bitdefender-total-security-2021\/\" \/>\n<meta property=\"og:locale\" content=\"pl_PL\" \/>\n<meta property=\"og:type\" content=\"article\" \/>\n<meta property=\"og:title\" content=\"Bitdefender Total Security 2021 - Makanet24\" \/>\n<meta property=\"og:description\" content=\"Wieloplatformowe bezpiecze\u0144stwo.  Bitdefender Total Security to kompletne rozwi\u0105zanie nowej generacji do ochrony cybernetycznej w systemach Windows, macOS, Android i iOS.  Pobierz ulotk\u0119 produktu\" \/>\n<meta property=\"og:url\" content=\"https:\/\/makanet24.pl\/index.php\/produkt\/bitdefender-total-security-2021\/\" \/>\n<meta property=\"og:site_name\" content=\"Makanet24\" \/>\n<meta property=\"article:modified_time\" content=\"2021-04-28T09:07:25+00:00\" \/>\n<meta property=\"og:image\" content=\"https:\/\/makanet24.pl\/wp-content\/uploads\/2021\/01\/TS-Online.png\" \/>\n\t<meta property=\"og:image:width\" content=\"375\" \/>\n\t<meta property=\"og:image:height\" content=\"375\" \/>\n<meta name=\"twitter:card\" content=\"summary_large_image\" \/>\n<meta name=\"twitter:label1\" content=\"Szacowany czas czytania\">\n\t<meta name=\"twitter:data1\" content=\"1 minuta\">\n<script type=\"application\/ld+json\" class=\"yoast-schema-graph\">{\"@context\":\"https:\/\/schema.org\",\"@graph\":[{\"@type\":\"WebSite\",\"@id\":\"https:\/\/makanet24.pl\/#website\",\"url\":\"https:\/\/makanet24.pl\/\",\"name\":\"Makanet24\",\"description\":\"Sklep internetowy z produktami IT\",\"potentialAction\":[{\"@type\":\"SearchAction\",\"target\":\"https:\/\/makanet24.pl\/?s={search_term_string}\",\"query-input\":\"required name=search_term_string\"}],\"inLanguage\":\"pl-PL\"},{\"@type\":\"ImageObject\",\"@id\":\"https:\/\/makanet24.pl\/index.php\/produkt\/bitdefender-total-security-2021\/#primaryimage\",\"inLanguage\":\"pl-PL\",\"url\":\"https:\/\/makanet24.pl\/wp-content\/uploads\/2021\/01\/TS-Online.png\",\"contentUrl\":\"https:\/\/makanet24.pl\/wp-content\/uploads\/2021\/01\/TS-Online.png\",\"width\":375,\"height\":375},{\"@type\":\"WebPage\",\"@id\":\"https:\/\/makanet24.pl\/index.php\/produkt\/bitdefender-total-security-2021\/#webpage\",\"url\":\"https:\/\/makanet24.pl\/index.php\/produkt\/bitdefender-total-security-2021\/\",\"name\":\"Bitdefender Total Security 2021 - Makanet24\",\"isPartOf\":{\"@id\":\"https:\/\/makanet24.pl\/#website\"},\"primaryImageOfPage\":{\"@id\":\"https:\/\/makanet24.pl\/index.php\/produkt\/bitdefender-total-security-2021\/#primaryimage\"},\"datePublished\":\"2021-03-23T20:55:35+00:00\",\"dateModified\":\"2021-04-28T09:07:25+00:00\",\"breadcrumb\":{\"@id\":\"https:\/\/makanet24.pl\/index.php\/produkt\/bitdefender-total-security-2021\/#breadcrumb\"},\"inLanguage\":\"pl-PL\",\"potentialAction\":[{\"@type\":\"ReadAction\",\"target\":[\"https:\/\/makanet24.pl\/index.php\/produkt\/bitdefender-total-security-2021\/\"]}]},{\"@type\":\"BreadcrumbList\",\"@id\":\"https:\/\/makanet24.pl\/index.php\/produkt\/bitdefender-total-security-2021\/#breadcrumb\",\"itemListElement\":[{\"@type\":\"ListItem\",\"position\":1,\"item\":{\"@type\":\"WebPage\",\"@id\":\"https:\/\/makanet24.pl\/\",\"url\":\"https:\/\/makanet24.pl\/\",\"name\":\"Strona g\\u0142\\u00f3wna\"}},{\"@type\":\"ListItem\",\"position\":2,\"item\":{\"@type\":\"WebPage\",\"@id\":\"https:\/\/makanet24.pl\/index.php\/sklep\/\",\"url\":\"https:\/\/makanet24.pl\/index.php\/sklep\/\",\"name\":\"Sklep\"}},{\"@type\":\"ListItem\",\"position\":3,\"item\":{\"@id\":\"https:\/\/makanet24.pl\/index.php\/produkt\/bitdefender-total-security-2021\/#webpage\"}}]}]}<\/script>\n<!-- \/ Yoast SEO plugin. -->","_links":{"self":[{"href":"https:\/\/makanet24.pl\/index.php\/wp-json\/wp\/v2\/product\/1614"}],"collection":[{"href":"https:\/\/makanet24.pl\/index.php\/wp-json\/wp\/v2\/product"}],"about":[{"href":"https:\/\/makanet24.pl\/index.php\/wp-json\/wp\/v2\/types\/product"}],"replies":[{"embeddable":true,"href":"https:\/\/makanet24.pl\/index.php\/wp-json\/wp\/v2\/comments?post=1614"}],"wp:featuredmedia":[{"embeddable":true,"href":"https:\/\/makanet24.pl\/index.php\/wp-json\/wp\/v2\/media\/1446"}],"wp:attachment":[{"href":"https:\/\/makanet24.pl\/index.php\/wp-json\/wp\/v2\/media?parent=1614"}],"curies":[{"name":"wp","href":"https:\/\/api.w.org\/{rel}","templated":true}]}}