{"id":1433,"date":"2021-01-20T10:06:04","date_gmt":"2021-01-20T09:06:04","guid":{"rendered":"https:\/\/makanet24.pl\/?post_type=product&#038;p=1433"},"modified":"2021-04-28T11:13:17","modified_gmt":"2021-04-28T09:13:17","slug":"eset-endpoint-antivirus","status":"publish","type":"product","link":"https:\/\/makanet24.pl\/index.php\/produkt\/eset-endpoint-antivirus\/","title":{"rendered":"ESET Endpoint Antivirus &#8211; od 5 do 9 licencji"},"content":{"rendered":"<p>ESET Endpoint Antivirus zapewnia skuteczn\u0105 ochron\u0119 przed wirusami i oprogramowaniem szpieguj\u0105cym, bez wzgl\u0119du na rodzaj systemu operacyjnego &#8211; Windows lub macOS. Wielokrotnie nagradzany silnik antyphishingowy chroni poufne informacje firmy, takie jak nazwy u\u017cytkownik\u00f3w i has\u0142a, przed stronami internetowymi podszywaj\u0105cymi si\u0119 pod zaufane serwisy WWW. Inne zaawansowane technologie rozwi\u0105za\u0144 ESET, to skanowanie oparte o chmur\u0119, kontrola dost\u0119pu do urz\u0105dze\u0144 i wiele innych.<\/p>\n","protected":false},"excerpt":{"rendered":"<p>Rozbudowana ochrona firmowych stacji roboczych.<\/p>\n","protected":false},"featured_media":1426,"comment_status":"closed","ping_status":"closed","template":"","meta":[],"yoast_head":"<!-- This site is optimized with the Yoast SEO plugin v16.2 - https:\/\/yoast.com\/wordpress\/plugins\/seo\/ -->\n<title>ESET Endpoint Antivirus - od 5 do 9 licencji - Makanet24<\/title>\n<meta name=\"robots\" content=\"index, follow, max-snippet:-1, max-image-preview:large, max-video-preview:-1\" \/>\n<link rel=\"canonical\" href=\"https:\/\/makanet24.pl\/index.php\/produkt\/eset-endpoint-antivirus\/\" \/>\n<meta property=\"og:locale\" content=\"pl_PL\" \/>\n<meta property=\"og:type\" content=\"article\" \/>\n<meta property=\"og:title\" content=\"ESET Endpoint Antivirus - od 5 do 9 licencji - Makanet24\" \/>\n<meta property=\"og:description\" content=\"Rozbudowana ochrona firmowych stacji roboczych.\" \/>\n<meta property=\"og:url\" content=\"https:\/\/makanet24.pl\/index.php\/produkt\/eset-endpoint-antivirus\/\" \/>\n<meta property=\"og:site_name\" content=\"Makanet24\" \/>\n<meta property=\"article:modified_time\" content=\"2021-04-28T09:13:17+00:00\" \/>\n<meta property=\"og:image\" content=\"https:\/\/makanet24.pl\/wp-content\/uploads\/2021\/01\/EEA.png\" \/>\n\t<meta property=\"og:image:width\" content=\"375\" \/>\n\t<meta property=\"og:image:height\" content=\"375\" \/>\n<meta name=\"twitter:card\" content=\"summary_large_image\" \/>\n<script type=\"application\/ld+json\" class=\"yoast-schema-graph\">{\"@context\":\"https:\/\/schema.org\",\"@graph\":[{\"@type\":\"WebSite\",\"@id\":\"https:\/\/makanet24.pl\/#website\",\"url\":\"https:\/\/makanet24.pl\/\",\"name\":\"Makanet24\",\"description\":\"Sklep internetowy z produktami IT\",\"potentialAction\":[{\"@type\":\"SearchAction\",\"target\":\"https:\/\/makanet24.pl\/?s={search_term_string}\",\"query-input\":\"required name=search_term_string\"}],\"inLanguage\":\"pl-PL\"},{\"@type\":\"ImageObject\",\"@id\":\"https:\/\/makanet24.pl\/index.php\/produkt\/eset-endpoint-antivirus\/#primaryimage\",\"inLanguage\":\"pl-PL\",\"url\":\"https:\/\/makanet24.pl\/wp-content\/uploads\/2021\/01\/EEA.png\",\"contentUrl\":\"https:\/\/makanet24.pl\/wp-content\/uploads\/2021\/01\/EEA.png\",\"width\":375,\"height\":375},{\"@type\":\"WebPage\",\"@id\":\"https:\/\/makanet24.pl\/index.php\/produkt\/eset-endpoint-antivirus\/#webpage\",\"url\":\"https:\/\/makanet24.pl\/index.php\/produkt\/eset-endpoint-antivirus\/\",\"name\":\"ESET Endpoint Antivirus - od 5 do 9 licencji - Makanet24\",\"isPartOf\":{\"@id\":\"https:\/\/makanet24.pl\/#website\"},\"primaryImageOfPage\":{\"@id\":\"https:\/\/makanet24.pl\/index.php\/produkt\/eset-endpoint-antivirus\/#primaryimage\"},\"datePublished\":\"2021-01-20T09:06:04+00:00\",\"dateModified\":\"2021-04-28T09:13:17+00:00\",\"breadcrumb\":{\"@id\":\"https:\/\/makanet24.pl\/index.php\/produkt\/eset-endpoint-antivirus\/#breadcrumb\"},\"inLanguage\":\"pl-PL\",\"potentialAction\":[{\"@type\":\"ReadAction\",\"target\":[\"https:\/\/makanet24.pl\/index.php\/produkt\/eset-endpoint-antivirus\/\"]}]},{\"@type\":\"BreadcrumbList\",\"@id\":\"https:\/\/makanet24.pl\/index.php\/produkt\/eset-endpoint-antivirus\/#breadcrumb\",\"itemListElement\":[{\"@type\":\"ListItem\",\"position\":1,\"item\":{\"@type\":\"WebPage\",\"@id\":\"https:\/\/makanet24.pl\/\",\"url\":\"https:\/\/makanet24.pl\/\",\"name\":\"Strona g\\u0142\\u00f3wna\"}},{\"@type\":\"ListItem\",\"position\":2,\"item\":{\"@type\":\"WebPage\",\"@id\":\"https:\/\/makanet24.pl\/index.php\/sklep\/\",\"url\":\"https:\/\/makanet24.pl\/index.php\/sklep\/\",\"name\":\"Sklep\"}},{\"@type\":\"ListItem\",\"position\":3,\"item\":{\"@id\":\"https:\/\/makanet24.pl\/index.php\/produkt\/eset-endpoint-antivirus\/#webpage\"}}]}]}<\/script>\n<!-- \/ Yoast SEO plugin. -->","_links":{"self":[{"href":"https:\/\/makanet24.pl\/index.php\/wp-json\/wp\/v2\/product\/1433"}],"collection":[{"href":"https:\/\/makanet24.pl\/index.php\/wp-json\/wp\/v2\/product"}],"about":[{"href":"https:\/\/makanet24.pl\/index.php\/wp-json\/wp\/v2\/types\/product"}],"replies":[{"embeddable":true,"href":"https:\/\/makanet24.pl\/index.php\/wp-json\/wp\/v2\/comments?post=1433"}],"wp:featuredmedia":[{"embeddable":true,"href":"https:\/\/makanet24.pl\/index.php\/wp-json\/wp\/v2\/media\/1426"}],"wp:attachment":[{"href":"https:\/\/makanet24.pl\/index.php\/wp-json\/wp\/v2\/media?parent=1433"}],"curies":[{"name":"wp","href":"https:\/\/api.w.org\/{rel}","templated":true}]}}