{"id":1428,"date":"2021-01-20T09:39:23","date_gmt":"2021-01-20T08:39:23","guid":{"rendered":"https:\/\/makanet24.pl\/?post_type=product&#038;p=1428"},"modified":"2021-04-28T11:14:34","modified_gmt":"2021-04-28T09:14:34","slug":"eset-internet-security","status":"publish","type":"product","link":"https:\/\/makanet24.pl\/index.php\/produkt\/eset-internet-security\/","title":{"rendered":"ESET Internet Security"},"content":{"rendered":"<h2>Skuteczna ochrona przed zagro\u017ceniami<\/h2>\n<p>Korzystaj z komputera i Internetu bez obaw o infekcje. Zaufaj technologii, z kt\u00f3rej korzysta na co dzie\u0144 ponad 110 milion\u00f3w u\u017cytkownik\u00f3w na ca\u0142ym \u015bwiecie, w tym ponad 5 milion\u00f3w Polak\u00f3w. ESET Internet Security eliminuje wirusy, rootkity, robaki internetowe, programy szpieguj\u0105ce i inne zagro\u017cenia. Dodatkowo blokada program\u00f3w typu exploit uchroni Ci\u0119 przed zagro\u017ceniami, potrafi\u0105cymi oszuka\u0107 skanery tradycyjnych program\u00f3w antywirusowych. Zabezpieczenie antyphishingowe sprawi, \u017ce nie b\u0119dziesz musia\u0142 si\u0119 martwi\u0107 o wy\u0142udzenie Twoich najcenniejszych danych, takich jak loginy i has\u0142a.<\/p>\n<div class=\"row_ohte\">\n<div class=\"left padding15\">\n<ul>\n<li>Antywirus i antyspyware<\/li>\n<li>Zaawansowane uczenie maszynowe <strong>NOWA WERSJA<\/strong><\/li>\n<li>Blokada program\u00f3w typu exploit<\/li>\n<li>Zaawansowany skaner pami\u0119ci<\/li>\n<\/ul>\n<\/div>\n<div class=\"middle padding15\">\n<ul>\n<li>Ochrona oparta na chmurze<\/li>\n<li>Skanowanie podczas pobierania plik\u00f3w<\/li>\n<li>Skanowanie podczas bezczynno\u015bci<\/li>\n<li>System zapobiegania w\u0142amaniom dzia\u0142aj\u0105cy na ho\u015bcie (HIPS) <strong>NOWA WERSJA<\/strong><\/li>\n<\/ul>\n<\/div>\n<div class=\"right padding15\">\n<ul>\n<li>Ochrona przed zagro\u017ceniami bazuj\u0105cymi na skryptach<\/li>\n<li>Skaner UEFI<\/li>\n<li>Skaner WMI <strong>NOWO\u015a\u0106<\/strong><\/li>\n<li>Skaner rejestru systemowego <strong>NOWO\u015a\u0106<\/strong><\/li>\n<\/ul>\n<\/div>\n<\/div>\n<h5><strong>Kontroluj posiadane licencje na my.eset.com<\/strong><\/h5>\n<p>Stw\u00f3rz bezp\u0142atne konto na my.eset.com i zyskaj dost\u0119p m.in. do informacji nt. wszystkich posiadanych program\u00f3w ESET oraz liczbie chronionych urz\u0105dze\u0144.<\/p>\n<h5><strong>Chro\u0144 swoj\u0105 prywatno\u015b\u0107<\/strong><\/h5>\n<p>Powstrzymaj haker\u00f3w przed kradzie\u017c\u0105 danych Twojego konta bankowego. Chro\u0144 swoje prywatne dane przed zaszyfrowaniem przez zagro\u017cenia ransomware. Zabezpiecz dodatkowo swoj\u0105 kamer\u0119 internetow\u0105 przed podgl\u0105daczami i zablokuj dost\u0119p do swojej domowej sieci Wi-Fi nieproszonym go\u015bciom.<\/p>\n<div class=\"row_ohte\">\n<div class=\"left padding15\">\n<ul>\n<li>Ochrona przed ransomware<\/li>\n<li>Ochrona kamery internetowej<\/li>\n<li>Monitor sieci domowej <strong>NOWA WERSJA<\/strong><\/li>\n<li>Firewall<\/li>\n<\/ul>\n<\/div>\n<div class=\"middle padding15\">\n<ul>\n<li>Ochrona przed atakami z sieci (IDS)<\/li>\n<li>Ochrona bankowo\u015bci internetowej <strong>NOWA WERSJA<\/strong><\/li>\n<li>Ochrona przed botnetami<\/li>\n<li>Antyphishing<\/li>\n<\/ul>\n<\/div>\n<div class=\"right padding15\">\n<ul>\n<li>Ostrze\u017cenie przed nieznan\u0105 sieci\u0105<\/li>\n<li>Kontrola dost\u0119pu do urz\u0105dze\u0144<\/li>\n<li>Antyspam<\/li>\n<\/ul>\n<\/div>\n<\/div>\n<h5><strong>Ciesz si\u0119 niezmienion\u0105 wydajno\u015bci\u0105 swojego komputera<\/strong><\/h5>\n<p>ESET Internet Security dzia\u0142a niezauwa\u017calnie dla Ciebie i Twojego komputera, pozostawiaj\u0105c wolne zasoby dla innych program\u00f3w, z kt\u00f3rych korzystasz na co dzie\u0144. Dzi\u0119ki zastosowaniu trybu oszcz\u0119dzania baterii d\u0142u\u017cej przegl\u0105daj strony internetowe na swoim laptopie. Ciesz si\u0119 ulubion\u0105 gr\u0105 lub filmem bez zak\u0142\u00f3ce\u0144 za spraw\u0105 trybu gier.<\/p>\n<div class=\"row_ohte\">\n<div class=\"left padding15\">\n<ul>\n<li>Wyj\u0105tkowa lekko\u015b\u0107<\/li>\n<li>Tryb gier<\/li>\n<li>Dodatkowe wsparcie dla laptop\u00f3w<\/li>\n<\/ul>\n<\/div>\n<div class=\"middle padding15\"><\/div>\n<div class=\"right padding15\"><\/div>\n<\/div>\n<h5><strong>Zadbaj, by Twoje dzieci pozna\u0142y tylko dobre strony Internetu<\/strong><\/h5>\n<p>Chro\u0144 swoje pociechy przed nieodpowiednimi tre\u015bciami w Internecie. Okre\u015bl, kt\u00f3re z ponad 20 kategorii tematycznych maj\u0105 by\u0107 dla nich niedost\u0119pne lub dodaj w\u0142asne strony na list\u0119 blokowanych.<\/p>\n<h5><strong>Anti-Theft: zlokalizuj skradziony laptop<\/strong><\/h5>\n<p>Zabezpiecz sw\u00f3j komputer na wypadek kradzie\u017cy lub zgubienia. Utw\u00f3rz konto w serwisie my.eset.com i lokalizuj utracone urz\u0105dzenie na mapie.<\/p>\n<div class=\"row_ohte\">\n<div class=\"left padding15\">\n<ul>\n<li>Lokalizacja urz\u0105dzenia<\/li>\n<li>Monitor aktywno\u015bci urz\u0105dzenia<\/li>\n<li>Optymalizacja funkcji Anti-Theft<\/li>\n<li>Wysy\u0142anie wiadomo\u015bci na skradziony komputer<\/li>\n<\/ul>\n<\/div>\n<div class=\"middle padding15\"><\/div>\n<div class=\"right padding15\"><\/div>\n<\/div>\n<h5><strong>Zainstaluj i zapomnij lub skonfiguruj wed\u0142ug w\u0142asnych potrzeb<\/strong><\/h5>\n<p>ESET Internet Security zapewni Ci pe\u0142n\u0105 ochron\u0119 zaraz po zako\u0144czeniu instalacji. Zaawansowanym u\u017cytkownikom aplikacja umo\u017cliwia skonfigurowanie ochrony wed\u0142ug w\u0142asnych wymaga\u0144 i potrzeb za pomoc\u0105 ponad 150 szczeg\u00f3\u0142owych ustawie\u0144. O wszystkich pr\u00f3bach ataku i wykrytych zagro\u017ceniach program poinformuje Ci\u0119 zaraz po zidentyfikowaniu niebezpiecze\u0144stwa.<\/p>\n<div class=\"row_ohte\">\n<div class=\"left padding15\">\n<ul>\n<li>Wygodne aktualizacje programu<\/li>\n<li>Ustawienia dla zaawansowanych u\u017cytkownik\u00f3w<\/li>\n<li>ESET SysInspector\u00ae<\/li>\n<li>Raport zabezpiecze\u0144<\/li>\n<\/ul>\n<\/div>\n<div class=\"middle padding15\"><\/div>\n<div class=\"right padding15\"><\/div>\n<\/div>\n","protected":false},"excerpt":{"rendered":"<p>Zaawansowana ochrona przed zagro\u017ceniami z sieci.<\/p>\n","protected":false},"featured_media":1432,"comment_status":"open","ping_status":"closed","template":"","meta":[],"yoast_head":"<!-- This site is optimized with the Yoast SEO plugin v16.2 - https:\/\/yoast.com\/wordpress\/plugins\/seo\/ -->\n<title>ESET Internet Security - Makanet24<\/title>\n<meta name=\"robots\" content=\"index, follow, max-snippet:-1, max-image-preview:large, max-video-preview:-1\" \/>\n<link rel=\"canonical\" href=\"https:\/\/makanet24.pl\/index.php\/produkt\/eset-internet-security\/\" \/>\n<meta property=\"og:locale\" content=\"pl_PL\" \/>\n<meta property=\"og:type\" content=\"article\" \/>\n<meta property=\"og:title\" content=\"ESET Internet Security - Makanet24\" \/>\n<meta property=\"og:description\" content=\"Zaawansowana ochrona przed zagro\u017ceniami z sieci.\" \/>\n<meta property=\"og:url\" content=\"https:\/\/makanet24.pl\/index.php\/produkt\/eset-internet-security\/\" \/>\n<meta property=\"og:site_name\" content=\"Makanet24\" \/>\n<meta property=\"article:modified_time\" content=\"2021-04-28T09:14:34+00:00\" \/>\n<meta property=\"og:image\" content=\"https:\/\/makanet24.pl\/wp-content\/uploads\/2021\/01\/EIS-1.png\" \/>\n\t<meta property=\"og:image:width\" content=\"375\" \/>\n\t<meta property=\"og:image:height\" content=\"375\" \/>\n<meta name=\"twitter:card\" content=\"summary_large_image\" \/>\n<meta name=\"twitter:label1\" content=\"Szacowany czas czytania\">\n\t<meta name=\"twitter:data1\" content=\"3 minuty\">\n<script type=\"application\/ld+json\" class=\"yoast-schema-graph\">{\"@context\":\"https:\/\/schema.org\",\"@graph\":[{\"@type\":\"WebSite\",\"@id\":\"https:\/\/makanet24.pl\/#website\",\"url\":\"https:\/\/makanet24.pl\/\",\"name\":\"Makanet24\",\"description\":\"Sklep internetowy z produktami IT\",\"potentialAction\":[{\"@type\":\"SearchAction\",\"target\":\"https:\/\/makanet24.pl\/?s={search_term_string}\",\"query-input\":\"required name=search_term_string\"}],\"inLanguage\":\"pl-PL\"},{\"@type\":\"ImageObject\",\"@id\":\"https:\/\/makanet24.pl\/index.php\/produkt\/eset-internet-security\/#primaryimage\",\"inLanguage\":\"pl-PL\",\"url\":\"https:\/\/makanet24.pl\/wp-content\/uploads\/2021\/01\/EIS-1.png\",\"contentUrl\":\"https:\/\/makanet24.pl\/wp-content\/uploads\/2021\/01\/EIS-1.png\",\"width\":375,\"height\":375},{\"@type\":\"WebPage\",\"@id\":\"https:\/\/makanet24.pl\/index.php\/produkt\/eset-internet-security\/#webpage\",\"url\":\"https:\/\/makanet24.pl\/index.php\/produkt\/eset-internet-security\/\",\"name\":\"ESET Internet Security - Makanet24\",\"isPartOf\":{\"@id\":\"https:\/\/makanet24.pl\/#website\"},\"primaryImageOfPage\":{\"@id\":\"https:\/\/makanet24.pl\/index.php\/produkt\/eset-internet-security\/#primaryimage\"},\"datePublished\":\"2021-01-20T08:39:23+00:00\",\"dateModified\":\"2021-04-28T09:14:34+00:00\",\"breadcrumb\":{\"@id\":\"https:\/\/makanet24.pl\/index.php\/produkt\/eset-internet-security\/#breadcrumb\"},\"inLanguage\":\"pl-PL\",\"potentialAction\":[{\"@type\":\"ReadAction\",\"target\":[\"https:\/\/makanet24.pl\/index.php\/produkt\/eset-internet-security\/\"]}]},{\"@type\":\"BreadcrumbList\",\"@id\":\"https:\/\/makanet24.pl\/index.php\/produkt\/eset-internet-security\/#breadcrumb\",\"itemListElement\":[{\"@type\":\"ListItem\",\"position\":1,\"item\":{\"@type\":\"WebPage\",\"@id\":\"https:\/\/makanet24.pl\/\",\"url\":\"https:\/\/makanet24.pl\/\",\"name\":\"Strona g\\u0142\\u00f3wna\"}},{\"@type\":\"ListItem\",\"position\":2,\"item\":{\"@type\":\"WebPage\",\"@id\":\"https:\/\/makanet24.pl\/index.php\/sklep\/\",\"url\":\"https:\/\/makanet24.pl\/index.php\/sklep\/\",\"name\":\"Sklep\"}},{\"@type\":\"ListItem\",\"position\":3,\"item\":{\"@id\":\"https:\/\/makanet24.pl\/index.php\/produkt\/eset-internet-security\/#webpage\"}}]}]}<\/script>\n<!-- \/ Yoast SEO plugin. -->","_links":{"self":[{"href":"https:\/\/makanet24.pl\/index.php\/wp-json\/wp\/v2\/product\/1428"}],"collection":[{"href":"https:\/\/makanet24.pl\/index.php\/wp-json\/wp\/v2\/product"}],"about":[{"href":"https:\/\/makanet24.pl\/index.php\/wp-json\/wp\/v2\/types\/product"}],"replies":[{"embeddable":true,"href":"https:\/\/makanet24.pl\/index.php\/wp-json\/wp\/v2\/comments?post=1428"}],"wp:featuredmedia":[{"embeddable":true,"href":"https:\/\/makanet24.pl\/index.php\/wp-json\/wp\/v2\/media\/1432"}],"wp:attachment":[{"href":"https:\/\/makanet24.pl\/index.php\/wp-json\/wp\/v2\/media?parent=1428"}],"curies":[{"name":"wp","href":"https:\/\/api.w.org\/{rel}","templated":true}]}}