{"id":3,"date":"2020-12-06T16:38:13","date_gmt":"2020-12-06T15:38:13","guid":{"rendered":"https:\/\/makanet24.pl\/?page_id=3"},"modified":"2021-01-26T10:50:09","modified_gmt":"2021-01-26T09:50:09","slug":"polityka-prywatnosci","status":"publish","type":"page","link":"https:\/\/makanet24.pl\/index.php\/polityka-prywatnosci\/","title":{"rendered":"Polityka prywatno\u015bci"},"content":{"rendered":"\r\n<p><strong>Polityka prywatno\u015bci<\/strong><\/p>\r\n<ol>\r\n<li><strong>Administrator danych osobowych<\/strong><\/li>\r\n<\/ol>\r\n<p>Niniejsza Polityka prywatno\u015bci okre\u015bla zasady zbierania, przetwarzania i wykorzystywania danych osobowych przez administratora danych osobowych &#8211; Makanet Marzena Bonczek ul. Wsp\u00f3lna 3, 41-200 Sosnowiec, zarejestrowan\u0105 w Centralnej Ewidencji i Informacji o Dzia\u0142alno\u015bci Gospodarczej pod numerem NIP: 6442189517, REGON: 367954318, &#8211; b\u0119d\u0105cego w\u0142a\u015bcicielem sklepu internetowego Makanet24 dost\u0119pnego pod adresem <a href=\"https:\/\/makanet24.pl\/\">www.makanet24.pl<\/a>.<\/p>\r\n<ol>\r\n<li value=\"2\"><strong>Bezpiecze\u0144stwo danych osobowych<\/strong><\/li>\r\n<\/ol>\r\n<p>Administrator danych osobowych dok\u0142ada wszelkich mo\u017cliwych stara\u0144, aby zapewni\u0107 ochron\u0119 udzielanym przez u\u017cytkownik\u00f3w informacjom i danym osobowym, przekazanym podczas korzystania ze sklepu i dokonywania zakup\u00f3w, zgodnie z przepisami Rozporz\u0105dzenia Parlamentu Europejskiego i Rady UE 2016\/679 w sprawie ochrony os\u00f3b fizycznych w zwi\u0105zku z przetwarzaniem danych osobowych i w spraw\u0119 swobodnego przep\u0142ywu takich danych (RODO) oraz Ustawy o ochronie danych osobowych.<\/p>\r\n<p>Dane osobowe przetwarzane s\u0105 przez administratora w spos\u00f3b rzetelny i przejrzysty. S\u0105 one zbierane wy\u0142\u0105cznie w konkretnych i prawnie uzasadnionych celach, zgodnie z zasad\u0105 minimalizacji danych i s\u0105 przechowywane przez okres nie d\u0142u\u017cszy ni\u017c jest to niezb\u0119dne do realizacji cel\u00f3w, w kt\u00f3rych dane s\u0105 przetwarzane lub obowi\u0105zk\u00f3w na\u0142o\u017conych na administratora przez przepisy prawa.<\/p>\r\n<p>Administrator zapewnia danym osobowym wymagany poziom bezpiecze\u0144stwa, zar\u00f3wno podczas ich przesy\u0142ania, jak i przetwarzania i przechowywania, chroni\u0105c je przed nieuprawnionym dost\u0119pem i przetwarzaniem oraz przypadkow\u0105 utrat\u0105, zniszczeniem lub uszkodzeniem za pomoc\u0105 odpowiednich \u015brodk\u00f3w technicznych i organizacyjnych, kt\u00f3re s\u0105 poddawane sta\u0142ej analizie i w razie potrzeby uaktualniane.<\/p>\r\n<ol>\r\n<li value=\"3\"><strong>Cele przetwarzania danych osobowych<\/strong><\/li>\r\n<\/ol>\r\n<p><strong>a. Przetwarzanie danych osobowych os\u00f3b odwiedzaj\u0105cych lub korzystaj\u0105cych z serwisu<\/strong><\/p>\r\n<p>Strona sklepu internetowego zosta\u0142a zaprojektowana w taki spos\u00f3b, aby mo\u017cna j\u0105 by\u0142o odwiedza\u0107 bez konieczno\u015bci identyfikacji.<\/p>\r\n<p>Podczas korzystania z serwisu nie s\u0105 zbierane w spos\u00f3b automatyczny \u017cadne dane opr\u00f3cz danych gromadzonych za pomoc\u0105 plik\u00f3w cookies (wi\u0119cej informacji w pkt. 5) oraz log\u00f3w systemowych, takie jak IP u\u017cytkownika, rodzaj przegl\u0105darki internetowej czy \u017ar\u00f3d\u0142o wej\u015bcia na stron\u0119, pozwalaj\u0105ce pozna\u0107 jego aktywno\u015b\u0107 w serwisie i monitorowa\u0107 ruch na stronie.<\/p>\r\n<p>Dane te wykorzystywane s\u0105 przez administratora w celu \u015bwiadczenia us\u0142ug przez serwis (na podstawie art. 6 ust. 1 pkt. b) RODO \u2013 przetwarzanie danych jest niezb\u0119dne do wykonania umowy, tj. przedstawienia oferty, zamieszczania komentarzy na stronie sklepu), w celach analitycznych i statystycznych (na podstawie art. 6 ust. 1 pkt. f) RODO \u2013 przetwarzanie danych jest niezb\u0119dne do cel\u00f3w wynikaj\u0105cych z prawnie uzasadnionych interes\u00f3w realizowanych przez administratora, tj. prowadzenia analizy aktywno\u015bci u\u017cytkownik\u00f3w, poprawy dzia\u0142ania i u\u017cyteczno\u015bci serwisu), w celach marketingowych, w tym profilowaniu i prezentowaniu dopasowanej reklamy (na podstawie art. 6 ust. 1 pkt. f) RODO \u2013 przetwarzanie danych jest niezb\u0119dne do cel\u00f3w wynikaj\u0105cych z prawnie uzasadnionych interes\u00f3w realizowanych przez administratora, tj. marketingu bezpo\u015bredniego w\u0142asnych produkt\u00f3w i us\u0142ug) oraz w celu ochrony prawnej i bezpiecze\u0144stwa administratora oraz dochodzenia lub obrony przed ewentualnymi roszczeniami (na podstawie art. 6 ust. 1 pkt. f) RODO \u2013 przetwarzanie danych jest niezb\u0119dne do cel\u00f3w wynikaj\u0105cych z prawnie uzasadnionych interes\u00f3w realizowanych przez administratora, tj. ochrony lub dochodzenia przys\u0142uguj\u0105cych mu praw).<\/p>\r\n<p><strong>b.\u00a0 Przetwarzanie danych osobowych os\u00f3b sk\u0142adaj\u0105cych zam\u00f3wienia <\/strong><\/p>\r\n<p>W przypadku dokonywania zam\u00f3wie\u0144 (zawierania um\u00f3w sprzeda\u017cy) za po\u015brednictwem serwisu zbierane s\u0105 nast\u0119puj\u0105ce dane osobowe: imi\u0119, nazwisko, adres, numer telefonu oraz adres poczty elektronicznej, kt\u00f3re s\u0105 niezb\u0119dne do wystawienia faktury VAT oraz dor\u0119czenia zakupionych towar\u00f3w. Podanie danych jest dobrowolne, lecz ich niepodanie uniemo\u017cliwi zawarcie umowy sprzeda\u017cy oraz jej realizacj\u0119.<\/p>\r\n<p>Dane te wykorzystywane s\u0105 w celu realizacji zam\u00f3wienia (na podstawie art. 6 ust. 1 pkt. b) RODO \u2013 przetwarzanie danych jest niezb\u0119dne do wykonania umowy, tj. wystawienia faktury VAT i dor\u0119czenia zakupionego towaru), w celach ksi\u0119gowych i rachunkowych (na podstawie art. 6 ust. 1 pkt. c) RODO \u2013 przetwarzanie danych jest niezb\u0119dne do wype\u0142nienia obowi\u0105zku prawnego ci\u0105\u017c\u0105cego na administratorze, tj. obowi\u0105zk\u00f3w rachunkowych i podatkowych), w celach analitycznych i statystycznych (na podstawie art. 6 ust. 1 pkt. f) RODO \u2013 przetwarzanie danych jest niezb\u0119dne do cel\u00f3w wynikaj\u0105cych z prawnie uzasadnionych interes\u00f3w realizowanych przez administratora, tj. prowadzenia analizy aktywno\u015bci i preferencji zakupowych u\u017cytkownik\u00f3w), w celach marketingowych, (na podstawie art. 6 ust. 1 pkt. f) RODO \u2013 przetwarzanie danych jest niezb\u0119dne do cel\u00f3w wynikaj\u0105cych z prawnie uzasadnionych interes\u00f3w realizowanych przez administratora, tj. marketingu bezpo\u015bredniego w\u0142asnych produkt\u00f3w i us\u0142ug) oraz w celu ochrony prawnej i bezpiecze\u0144stwa administratora oraz dochodzenia lub obrony przed ewentualnymi roszczeniami (na podstawie art. 6 ust. 1 pkt. f) RODO \u2013 przetwarzanie danych jest niezb\u0119dne do cel\u00f3w wynikaj\u0105cych z prawnie uzasadnionych interes\u00f3w realizowanych przez administratora, tj. ochrony lub dochodzenia przys\u0142uguj\u0105cych mu praw).<\/p>\r\n<p><strong>c. Przetwarzanie danych os\u00f3b nawi\u0105zuj\u0105cych kontakt z serwisem<\/strong><\/p>\r\n<p>Administrator przetwarza r\u00f3wnie\u017c dane zbierane przez zainicjowany przez u\u017cytkownika bezpo\u015bredni kontakt serwisem, np. w celu uzyskania informacji o oferowanych produktach lub sprawdzenia statusu zam\u00f3wienia. Podanie danych w tym celu jest dobrowolne, lecz ich niepodanie mo\u017ce uniemo\u017cliwi\u0107 prowadzenie korespondencji z u\u017cytkownikiem, udzielenie informacji lub odpowiedzi na jego pytania.<\/p>\r\n<p>Dane te wykorzystywane s\u0105 przez administratora w celu \u015bwiadczenia us\u0142ug przez serwis (na podstawie art. 6 ust. 1 pkt. b) RODO \u2013 przetwarzanie danych jest niezb\u0119dne do wykonania umowy, tj. odpowiedzi na zapytania, udzielenie informacji), w celach analitycznych i statystycznych (na podstawie art. 6 ust. 1 pkt. f) RODO \u2013 przetwarzanie danych jest niezb\u0119dne do cel\u00f3w wynikaj\u0105cych z prawnie uzasadnionych interes\u00f3w realizowanych przez administratora, tj. prowadzenia analizy zg\u0142osze\u0144 u\u017cytkownik\u00f3w i statystyk dotycz\u0105cych rodzaju zapyta\u0144) oraz w celu ochrony prawnej i bezpiecze\u0144stwa administratora oraz dochodzenia lub obrony przed ewentualnymi roszczeniami (na podstawie art. 6 ust. 1 pkt. f) RODO \u2013 przetwarzanie danych jest niezb\u0119dne do cel\u00f3w wynikaj\u0105cych z prawnie uzasadnionych interes\u00f3w realizowanych przez administratora, tj. ochrony lub dochodzenia przys\u0142uguj\u0105cych mu praw).<\/p>\r\n<p><strong>d. Przetwarzanie danych os\u00f3b, kt\u00f3re wyrazi\u0142y zgod\u0119 na otrzymywanie informacji handlowych\/newslettera<\/strong><\/p>\r\n<p>Administrator przetwarza r\u00f3wnie\u017c dane (adres poczty elektronicznej) w celu przekazywania informacji handlowych (newslettera) w rozumieniu ustawy o \u015bwiadczeniu us\u0142ug drog\u0105 elektroniczn\u0105 (Dz. U. 2002 nr 144 poz. 1204), o ile Klient wyrazi na to zgod\u0119. Podanie danych w tym celu jest dobrowolne, lecz ich niepodanie uniemo\u017cliwi wykonanie us\u0142ugi newslettera i przekazania informacji handlowych u\u017cytkownikowi.<\/p>\r\n<p>Dane te wykorzystywane s\u0105 przez administratora w celu realizacji zam\u00f3wionej przez u\u017cytkownika us\u0142ugi newslettera i przekazywania informacji handlowych (na podstawie art. 6 ust. 1 pkt. a) RODO \u2013 przetwarzanie danych odbywa si\u0119 na podstawie zgody na przetwarzanie swoich danych osobowych w jednym lub wi\u0119kszej liczbie okre\u015blonych cel\u00f3w wyra\u017conej przez osob\u0119, kt\u00f3rej dane dotycz\u0105) oraz w celu ochrony prawnej i bezpiecze\u0144stwa administratora oraz dochodzenia lub obrony przed ewentualnymi roszczeniami (na podstawie art. 6 ust. 1 pkt. f) RODO \u2013 przetwarzanie danych jest niezb\u0119dne do cel\u00f3w wynikaj\u0105cych z prawnie uzasadnionych interes\u00f3w realizowanych przez administratora, tj. ochrony lub dochodzenia przys\u0142uguj\u0105cych mu praw).<\/p>\r\n<ol>\r\n<li value=\"4\"><strong>Odbiorcy danych osobowych<\/strong><\/li>\r\n<\/ol>\r\n<p>Dane gromadzone i przetwarzane przez administratora mog\u0105 by\u0107 przekazane innym podmiotom, takim jak dostawcy us\u0142ug informatycznych, firmy kurierskie, operatorzy p\u0142atno\u015bci, podmioty \u015bwiadcz\u0105ce us\u0142ugi ksi\u0119gowe wy\u0142\u0105cznie gdy zezwalaj\u0105 na to odpowiednie przepisy prawa oraz gdy odbiorcy zapewniaj\u0105 spe\u0142nienie wymaga\u0144 dotycz\u0105cych ochrony powierzonych danych osobowych. Ilo\u015b\u0107 przekazywanych danych ograniczona jest w\u00f3wczas do niezb\u0119dnego minimum.<\/p>\r\n<p>Przetwarzane przez administratora dane osobowe mog\u0105 r\u00f3wnie\u017c zosta\u0107 przekazane organom w\u0142adzy publicznej na mocy odpowiednich przepis\u00f3w prawa.<\/p>\r\n<ol>\r\n<li value=\"5\"><strong>Informacje o cookies<\/strong><\/li>\r\n<\/ol>\r\n<p>Zgodnie z przepisami ustawy Prawo telekomunikacyjne (Dz. U. 2004 nr 171 poz. 1800)\u00a0 informujemy, \u017ce nasza witryna wykorzystuje pliki cookies.<\/p>\r\n<p>Plik cookie to niewielka informacja tekstowa, wysy\u0142ana przez serwer WWW i zapisywana po stronie u\u017cytkownika (zazwyczaj na twardym dysku). Domy\u015blne parametry plik\u00f3w cookies pozwalaj\u0105 na odczytanie informacji w nich zawartych jedynie serwerowi, kt\u00f3ry je utworzy\u0142.<\/p>\r\n<p>Pliki te stosuje wi\u0119kszo\u015b\u0107 stron internetowych. Dzi\u0119ki nim m. in. w sklepach zapami\u0119tany zostaje profil klienta, zawarto\u015b\u0107 koszyka czy przygotowana zostaje indywidualna oferta dostosowana do oczekiwa\u0144 u\u017cytkownika.<\/p>\r\n<p>Ciasteczka wykorzystywane s\u0105 r\u00f3wnie\u017c przez najpopularniejsze internetowe narz\u0119dzia s\u0142u\u017c\u0105ce do analizy statystyk serwis\u00f3w www i u\u017cyteczno\u015bci stron internetowych oraz cel\u00f3w marketingowych. Dzia\u0142anie tych narz\u0119dzi opiera si\u0119 na wykorzystywaniu plik\u00f3w cookies, kt\u00f3re zostaj\u0105 zapisane na urz\u0105dzeniu u\u017cytkownika. Administrator danych osobowych wykorzystuje na tej stronie zintegrowane elementy:<\/p>\r\n<p>Google Analytics \u2013 to narz\u0119dzie dostarczane przez Google Inc., (1600 Amphitheatre Pkwy, Mountain View, CA 94043-1351, USA) s\u0142u\u017c\u0105ce do analizy zachowania u\u017cytkownik\u00f3w w serwisie, wykorzystywane do optymalizacji dzia\u0142ania strony i poprawy jej funkcjonalno\u015bci oraz badanie skuteczno\u015bci reklam internetowych. Na podstawie numeru IP tworzy ono anonimowy profil u\u017cytkownika i za pomoc\u0105 zapisywanych na urz\u0105dzeniu plik\u00f3w cookies pozwala sprawdzi\u0107 spos\u00f3b korzystania z witryny, rejestruje czas sp\u0119dzany na poszczeg\u00f3lnych podstronach, cz\u0119stotliwo\u015b\u0107 wej\u015b\u0107 na stron\u0119 czy \u017ar\u00f3d\u0142o wej\u015bcia na stron\u0119 serwisu.<\/p>\r\n<p>Google AdWords \u2013 us\u0142uga ta s\u0142u\u017cy do prowadzenia internetowych kampanii reklamowych opartych na zdefiniowanych s\u0142owach kluczowych. Zintegrowane narz\u0119dzie Google AdWords dostarczane przez Google Inc., (1600 Amphitheatre Pkwy, Mountain View, CA 94043-1351, USA) za pomoc\u0105 zapisywanych na urz\u0105dzeniu cookies, na podstawie numeru IP, pozwala sprawdzi\u0107 skuteczno\u015b\u0107 tego rodzaju dzia\u0142a\u0144 reklamowych \u2013 stworzy\u0107 statystyki odwiedzin i przeprowadzi\u0107 analiz\u0119 konwersji \u2013 oraz zoptymalizowa\u0107 dzia\u0142ania reklamowe w przysz\u0142o\u015bci.<\/p>\r\n<p>W \u017cadnym przypadku informacje zbierane przez cookies <strong>nie s\u0105 powi\u0105zane z innymi danymi osobowymi<\/strong> i nie umo\u017cliwiaj\u0105 identyfikacji osoby, kt\u00f3rej dane dotycz\u0105.<\/p>\r\n<p>Dane zbierane automatycznie za po\u015brednictwem plik\u00f3w cookies wykorzystujemy do cel\u00f3w analityczno-statystycznych (monitorowanie ruchu na stronie i analiza zachowa\u0144 u\u017cytkownik\u00f3w w serwisie, pozwalaj\u0105ce na poznanie sposobu korzystania z witryny przez u\u017cytkownik\u00f3w, udoskonalanie jej funkcjonowania oraz popraw\u0119 wygody u\u017cytkownik\u00f3w), marketingowych oraz w celu profilowania &#8211; dopasowania tre\u015bci do indywidualnych zainteresowa\u0144, potrzeb i oczekiwa\u0144 u\u017cytkownik\u00f3w.<\/p>\r\n<p>U\u017cytkownicy mog\u0105 w dowolnym momencie usun\u0105\u0107 dotychczas zainstalowane pliki cookies oraz zablokowa\u0107 na sta\u0142e zapisywanie tych plik\u00f3w na swoich urz\u0105dzeniach, wybieraj\u0105c odpowiednie ustawienia w przegl\u0105darce internetowej. Jednak nale\u017cy pami\u0119ta\u0107, \u017ce w takim przypadku korzystanie z wszystkich funkcji witryny mo\u017ce okaza\u0107 si\u0119 utrudnione lub niemo\u017cliwe.<\/p>\r\n<p>W przypadku danych zapisywanych przez Google Analytics u\u017cytkownicy mog\u0105 skorzysta\u0107 z dodatku do przegl\u0105darki, kt\u00f3ry po zainstalowaniu uniemo\u017cliwia przesy\u0142anie danych i informacji przez to narz\u0119dzie (<a href=\"https:\/\/tools.google.com\/dlpage\/gaoptout\/?hl=pl\">https:\/\/tools.google.com\/dlpage\/gaoptout\/?hl=pl<\/a>). W przypadku spersonalizowanych reklam Google u\u017cytkownicy mog\u0105 r\u00f3wnie\u017c skorzysta\u0107 z odpowiednich ustawie\u0144 oraz zainstalowa\u0107 wtyczki w u\u017cywanych przegl\u0105darkach internetowych, kt\u00f3re oznaczaj\u0105 rezygnacj\u0119 z reklam dopasowanych do zainteresowa\u0144 i potrzeb u\u017cytkownika (<a href=\"https:\/\/support.google.com\/ads\/answer\/7395996?hl=pl\">https:\/\/support.google.com\/ads\/answer\/7395996?hl=pl<\/a>).<\/p>\r\n<ol>\r\n<li value=\"6\"><strong>Profilowanie<\/strong><\/li>\r\n<\/ol>\r\n<p>Zgodnie z informacjami zawartymi w pkt. 3 i 5 administrator mo\u017ce przetwarza\u0107 dane u\u017cytkownik\u00f3w w celach marketingowych, polegaj\u0105cych na kierowaniu do nich tre\u015bci reklamowych. Dzia\u0142ania te mog\u0105 polega\u0107 r\u00f3wnie\u017c na profilowaniu, tj. zautomatyzowanym procesie polegaj\u0105cym na wnioskowaniu o zainteresowaniach, oczekiwaniach i potrzebach u\u017cytkownik\u00f3w i przewidywaniu ich zachowa\u0144 oraz tworzeniu na tej podstawie dopasowanych do ich profilu ofert i kierowaniu do nich reklamy o interesuj\u0105cej ich tre\u015bci. Podstaw\u0105 prawn\u0105 przetwarzania danych w tym celu jest prawnie uzasadniony interes realizowany przez administratora, tj. marketing bezpo\u015bredni (art. 6 ust. 1 pkt. f) RODO). Profilowanie nie b\u0119dzie wywo\u0142ywa\u0107 wobec os\u00f3b, kt\u00f3rych danych dotyczy, \u017cadnych skutk\u00f3w prawnych lub w podobny spos\u00f3b na nie wp\u0142ywa\u0107.<\/p>\r\n<ol>\r\n<li value=\"7\"><strong>Tre\u015bci nale\u017c\u0105ce do us\u0142ugodawc\u00f3w zewn\u0119trznych<\/strong><\/li>\r\n<\/ol>\r\n<p>Na naszej stronie znajduj\u0105 si\u0119 wtyczki zewn\u0119trznych us\u0142ugodawc\u00f3w. Wtyczka serwisu spo\u0142eczno\u015bciowego Facebook dostarczana przez Facebook Inc (1601 S. California Ave, Palo Alto, CA 94304, USA) umo\u017cliwia przej\u015bcie na nasz fanpage w portalu spo\u0142eczno\u015bciowym Facebook, przegl\u0105danie dodanych post\u00f3w, polubienie strony, dodanie komentarza lub przes\u0142anie wiadomo\u015bci.<\/p>\r\n<p>Wej\u015bcie na stron\u0119 zawieraj\u0105c\u0105 wtyczki lub dodatki us\u0142ugodawc\u00f3w zewn\u0119trznych nie powoduje nawi\u0105zania po\u0142\u0105czenia z serwerami ww. serwis\u00f3w i przekazania danych. Dopiero w przypadku aktywowania (klikni\u0119cia) wtyczki dochodzi do nawi\u0105zania po\u0142\u0105czenia z serwerami us\u0142ugodawc\u00f3w zewn\u0119trznych, kt\u00f3re automatycznie rejestruj\u0105 informacje dotycz\u0105ce \u017ar\u00f3d\u0142a wej\u015bcia do serwisu us\u0142ugodawcy oraz adres IP u\u017cytkownika, nawet je\u015bli u\u017cytkownik nie jest zalogowany czy nie posiada konta w danym serwisie. W przypadku zalogowania w serwisie us\u0142ugodawcy zewn\u0119trznego wizyta w naszym serwisie mo\u017ce zosta\u0107 powi\u0105zana z profilem na portalu us\u0142ugodawcy. Szczeg\u00f3\u0142owe zasady przetwarzania danych przez us\u0142ugodawc\u0119 znajduj\u0105 si\u0119 na stronie serwisu Facebook (<a href=\"https:\/\/www.facebook.com\/about\/privacy\/update\">https:\/\/www.facebook.com\/about\/privacy\/update<\/a>).<\/p>\r\n<ol>\r\n<li value=\"8\"><strong>Przekazywanie danych poza Europejski Obszar Gospodarczy<\/strong><\/li>\r\n<\/ol>\r\n<p>W przypadku korzystania ze zintegrowanych narz\u0119dzi analitycznych i marketingowych, o kt\u00f3rych mowa w pkt. 4, dostarczanych przez firm\u0119 Google, dochodzi do przekazania \u015bci\u015ble ograniczonego zakresu danych (np. IP, \u017ar\u00f3d\u0142o wej\u015bcia na stron\u0119 serwisu, czas sp\u0119dzany na poszczeg\u00f3lnych podstronach) do kraj\u00f3w spoza Europejskiego Obszaru Gospodarczego. Firma ta, maj\u0105ca sw\u0105 siedzib\u0119 w Stanach Zjednoczonych, uczestnicz\u0105\u00a0 w programie Tarcza Prywatno\u015bci UE-USA, zatwierdzonym przez Komisj\u0119 Europejsk\u0105, zapewniaj\u0105c tym samym odpowiedni stopie\u0144 ochrony danych osobowych, zgodnych z wymogami RODO.<\/p>\r\n<ol>\r\n<li value=\"9\"><strong>Uprawnienia u\u017cytkownik\u00f3w <\/strong><\/li>\r\n<\/ol>\r\n<p>U\u017cytkownik ma prawo dost\u0119pu do swoich danych i uzyskania informacji ich dotycz\u0105cych, \u017c\u0105dania sprostowania danych osobowych, kt\u00f3re s\u0105 nieprawid\u0142owe, usuni\u0119cia dotycz\u0105cych jej danych osobowych, ograniczenia przetwarzania, przenoszenia swoich danych osobowych i przes\u0142ania innemu administratorowi. W przypadku przetwarzania danych przez administratora na podstawie zgody wyra\u017conej przez osob\u0119, kt\u00f3rej dane dotycz\u0105, osoba ta ma prawo do cofni\u0119cia zgody w dowolnym momencie. W celu realizacji uprawnie\u0144 nale\u017cy skontaktowa\u0107 si\u0119 z administratorem danych (<a href=\"mailto:sklep@makanet24.pl\">sklep@makanet24.pl<\/a>).<\/p>\r\n<p>U\u017cytkownikom przys\u0142uguje r\u00f3wnie\u017c prawo do wyra\u017cenia w dowolnym czasie sprzeciwu wobec przetwarzania jego danych osobowych opartego na art. 6 ust. 1 pkt. f) RODO, np. w celu prowadzenia marketingu bezpo\u015bredniego przez administratora, w tym profilowania. Aby zrealizowa\u0107 prawo do sprzeciwu wobec profilowania, prowadzonego za pomoc\u0105 plik\u00f3w cookies, nale\u017cy usun\u0105\u0107 dotychczas zainstalowane pliki cookies oraz zablokowa\u0107 na sta\u0142e zapisywanie tych plik\u00f3w na swoich urz\u0105dzeniach, wybieraj\u0105c odpowiednie ustawienia w przegl\u0105darce internetowej lub skorzysta\u0107 z wybranych dodatk\u00f3w lub wtyczek, o kt\u00f3rych mowa w pkt. 5.<\/p>\r\n<p>U\u017cytkownikowi przys\u0142uguje r\u00f3wnie\u017c prawo do wniesienia skargi do organu nadzorczego.<\/p>\r\n<ol>\r\n<li value=\"10\"><strong>Okres przechowywania danych<\/strong><\/li>\r\n<\/ol>\r\n<p>Administrator przechowuje dane osobowe przez okres niezb\u0119dny do realizacji cel\u00f3w lub obowi\u0105zk\u00f3w na\u0142o\u017conych na administratora danych. Po wyga\u015bni\u0119ciu podstawy prawnej przetwarzania danych przez administratora, wszystkie dane przechowywane s\u0105 przez okres odpowiadaj\u0105cy okresowi przedawnienia roszcze\u0144, jakich mo\u017ce dochodzi\u0107 administrator i jakie mog\u0105 by\u0107 kierowane wobec niego oraz przez okres do wniesienia zarzut\u00f3w prawnych lub podj\u0119cia obrony przed zarzutami prawnymi przez administratora. Okres przechowywania danych mo\u017ce zosta\u0107 wyd\u0142u\u017cony w przypadku na\u0142o\u017cenia na administratora takiego obowi\u0105zku przez przepisy szczeg\u00f3lne.<\/p>\r\n<p>Po up\u0142ywie tego czasu dane przechowywane przez administratora zostaj\u0105 usuni\u0119te.<\/p>\r\n<p>Wszelkie pytania, uwagi lub w\u0105tpliwo\u015bci dotycz\u0105ce Polityki prywatno\u015bci oraz sposobu przetwarzania danych osobowych prosimy kierowa\u0107 na adres: <a href=\"mailto:sklep@makanet24.pl\">sklep@makanet24.pl<\/a><\/p>\r\n","protected":false},"excerpt":{"rendered":"<p>Polityka prywatno\u015bci Administrator danych osobowych Niniejsza Polityka prywatno\u015bci okre\u015bla zasady zbierania, przetwarzania i wykorzystywania danych osobowych przez administratora danych osobowych &#8211; Makanet Marzena Bonczek ul. Wsp\u00f3lna 3, 41-200 Sosnowiec, zarejestrowan\u0105&hellip;<\/p>\n","protected":false},"author":1,"featured_media":0,"parent":0,"menu_order":0,"comment_status":"closed","ping_status":"open","template":"","meta":[],"yoast_head":"<!-- This site is optimized with the Yoast SEO plugin v16.2 - https:\/\/yoast.com\/wordpress\/plugins\/seo\/ -->\n<title>Polityka prywatno\u015bci - Makanet24<\/title>\n<meta name=\"robots\" content=\"index, follow, max-snippet:-1, max-image-preview:large, max-video-preview:-1\" \/>\n<link rel=\"canonical\" href=\"https:\/\/makanet24.pl\/index.php\/polityka-prywatnosci\/\" \/>\n<meta property=\"og:locale\" content=\"pl_PL\" \/>\n<meta property=\"og:type\" content=\"article\" \/>\n<meta property=\"og:title\" content=\"Polityka prywatno\u015bci - Makanet24\" \/>\n<meta property=\"og:description\" content=\"Polityka prywatno\u015bci Administrator danych osobowych Niniejsza Polityka prywatno\u015bci okre\u015bla zasady zbierania, przetwarzania i wykorzystywania danych osobowych przez administratora danych osobowych &#8211; Makanet Marzena Bonczek ul. Wsp\u00f3lna 3, 41-200 Sosnowiec, zarejestrowan\u0105&hellip;\" \/>\n<meta property=\"og:url\" content=\"https:\/\/makanet24.pl\/index.php\/polityka-prywatnosci\/\" \/>\n<meta property=\"og:site_name\" content=\"Makanet24\" \/>\n<meta property=\"article:modified_time\" content=\"2021-01-26T09:50:09+00:00\" \/>\n<meta name=\"twitter:card\" content=\"summary_large_image\" \/>\n<meta name=\"twitter:label1\" content=\"Szacowany czas czytania\">\n\t<meta name=\"twitter:data1\" content=\"13 minut\">\n<script type=\"application\/ld+json\" class=\"yoast-schema-graph\">{\"@context\":\"https:\/\/schema.org\",\"@graph\":[{\"@type\":\"WebSite\",\"@id\":\"https:\/\/makanet24.pl\/#website\",\"url\":\"https:\/\/makanet24.pl\/\",\"name\":\"Makanet24\",\"description\":\"Sklep internetowy z produktami IT\",\"potentialAction\":[{\"@type\":\"SearchAction\",\"target\":\"https:\/\/makanet24.pl\/?s={search_term_string}\",\"query-input\":\"required name=search_term_string\"}],\"inLanguage\":\"pl-PL\"},{\"@type\":\"WebPage\",\"@id\":\"https:\/\/makanet24.pl\/index.php\/polityka-prywatnosci\/#webpage\",\"url\":\"https:\/\/makanet24.pl\/index.php\/polityka-prywatnosci\/\",\"name\":\"Polityka prywatno\\u015bci - Makanet24\",\"isPartOf\":{\"@id\":\"https:\/\/makanet24.pl\/#website\"},\"datePublished\":\"2020-12-06T15:38:13+00:00\",\"dateModified\":\"2021-01-26T09:50:09+00:00\",\"breadcrumb\":{\"@id\":\"https:\/\/makanet24.pl\/index.php\/polityka-prywatnosci\/#breadcrumb\"},\"inLanguage\":\"pl-PL\",\"potentialAction\":[{\"@type\":\"ReadAction\",\"target\":[\"https:\/\/makanet24.pl\/index.php\/polityka-prywatnosci\/\"]}]},{\"@type\":\"BreadcrumbList\",\"@id\":\"https:\/\/makanet24.pl\/index.php\/polityka-prywatnosci\/#breadcrumb\",\"itemListElement\":[{\"@type\":\"ListItem\",\"position\":1,\"item\":{\"@type\":\"WebPage\",\"@id\":\"https:\/\/makanet24.pl\/\",\"url\":\"https:\/\/makanet24.pl\/\",\"name\":\"Strona g\\u0142\\u00f3wna\"}},{\"@type\":\"ListItem\",\"position\":2,\"item\":{\"@id\":\"https:\/\/makanet24.pl\/index.php\/polityka-prywatnosci\/#webpage\"}}]}]}<\/script>\n<!-- \/ Yoast SEO plugin. -->","_links":{"self":[{"href":"https:\/\/makanet24.pl\/index.php\/wp-json\/wp\/v2\/pages\/3"}],"collection":[{"href":"https:\/\/makanet24.pl\/index.php\/wp-json\/wp\/v2\/pages"}],"about":[{"href":"https:\/\/makanet24.pl\/index.php\/wp-json\/wp\/v2\/types\/page"}],"author":[{"embeddable":true,"href":"https:\/\/makanet24.pl\/index.php\/wp-json\/wp\/v2\/users\/1"}],"replies":[{"embeddable":true,"href":"https:\/\/makanet24.pl\/index.php\/wp-json\/wp\/v2\/comments?post=3"}],"version-history":[{"count":1,"href":"https:\/\/makanet24.pl\/index.php\/wp-json\/wp\/v2\/pages\/3\/revisions"}],"predecessor-version":[{"id":1480,"href":"https:\/\/makanet24.pl\/index.php\/wp-json\/wp\/v2\/pages\/3\/revisions\/1480"}],"wp:attachment":[{"href":"https:\/\/makanet24.pl\/index.php\/wp-json\/wp\/v2\/media?parent=3"}],"curies":[{"name":"wp","href":"https:\/\/api.w.org\/{rel}","templated":true}]}}