{"id":202,"date":"2018-08-30T09:10:30","date_gmt":"2018-08-30T09:10:30","guid":{"rendered":"http:\/\/konte.uix.store\/?page_id=202"},"modified":"2021-04-28T09:46:30","modified_gmt":"2021-04-28T07:46:30","slug":"kontakt","status":"publish","type":"page","link":"https:\/\/makanet24.pl\/index.php\/kontakt\/","title":{"rendered":"Kontakt z nami"},"content":{"rendered":"<p>[vc_row][vc_column][vc_custom_heading text=&#8221;Kontakt&#8221; use_theme_fonts=&#8221;yes&#8221; css=&#8221;.vc_custom_1611009979467{margin-bottom: 20px !important;}&#8221;]<div class=\"konte-info-list \"><ul><li class=\"\">\r\n\t\t\t\t\t<span class=\"info-name\"><\/span>\r\n\t\t\t\t\t<span class=\"info-value\">MAKANET Marzena Bonczek<\/span>\r\n\t\t\t\t<\/li><li class=\"\">\r\n\t\t\t\t\t<span class=\"info-name\">Address<\/span>\r\n\t\t\t\t\t<span class=\"info-value\">41-200 Sosnowiec, Wsp\u00f3lna 3<\/span>\r\n\t\t\t\t<\/li><li class=\"\">\r\n\t\t\t\t\t<span class=\"info-name\">Telefon<\/span>\r\n\t\t\t\t\t<span class=\"info-value\">+48 32 88 00 161<\/span>\r\n\t\t\t\t<\/li><li class=\"\">\r\n\t\t\t\t\t<span class=\"info-name\">Email<\/span>\r\n\t\t\t\t\t<span class=\"info-value\"><a href=\"mailto:sklep@makanet24.pl\" class=\"konte-info-list__email-link\">sklep@makanet24.pl<\/a><\/span>\r\n\t\t\t\t<\/li><\/ul><\/div>[vc_empty_space height=&#8221;25px&#8221;][vc_icon icon_fontawesome=&#8221;fa fa-twitter&#8221; color=&#8221;black&#8221; size=&#8221;sm&#8221; link=&#8221;url:https%3A%2F%2Ftwitter.com||target:%20_blank|&#8221; css=&#8221;.vc_custom_1535620656915{margin-left: -15px !important;}&#8221;][vc_icon icon_fontawesome=&#8221;fa fa-facebook&#8221; color=&#8221;black&#8221; size=&#8221;sm&#8221; link=&#8221;url:https%3A%2F%2Ffacebook.com||target:%20_blank|&#8221;][vc_icon icon_fontawesome=&#8221;fa fa-instagram&#8221; color=&#8221;black&#8221; size=&#8221;sm&#8221; link=&#8221;url:https%3A%2F%2Finstagram.com||target:%20_blank|&#8221;][vc_icon icon_fontawesome=&#8221;fa fa-pinterest-p&#8221; color=&#8221;black&#8221; size=&#8221;sm&#8221; link=&#8221;url:https%3A%2F%2Fpinterest.com||target:%20_blank|&#8221;][\/vc_column][\/vc_row][vc_row][vc_column][vc_empty_space height=&#8221;7px&#8221;][vc_custom_heading text=&#8221;Skontaktuj si\u0119 z nami&#8221; font_container=&#8221;tag:h4|text_align:left&#8221; use_theme_fonts=&#8221;yes&#8221; css=&#8221;.vc_custom_1611009685181{margin-bottom: 20px !important;}&#8221;]<div role=\"form\" class=\"wpcf7\" id=\"wpcf7-f1278-o1\" lang=\"en-US\" dir=\"ltr\">\n<div class=\"screen-reader-response\"><p role=\"status\" aria-live=\"polite\" aria-atomic=\"true\"><\/p> <ul><\/ul><\/div>\n<form action=\"\/index.php\/wp-json\/wp\/v2\/pages\/202#wpcf7-f1278-o1\" method=\"post\" class=\"wpcf7-form init\" novalidate=\"novalidate\" data-status=\"init\">\n<div style=\"display: none;\">\n<input type=\"hidden\" name=\"_wpcf7\" value=\"1278\" \/>\n<input type=\"hidden\" name=\"_wpcf7_version\" value=\"5.4\" \/>\n<input type=\"hidden\" name=\"_wpcf7_locale\" value=\"en_US\" \/>\n<input type=\"hidden\" name=\"_wpcf7_unit_tag\" value=\"wpcf7-f1278-o1\" \/>\n<input type=\"hidden\" name=\"_wpcf7_container_post\" value=\"0\" \/>\n<input type=\"hidden\" name=\"_wpcf7_posted_data_hash\" value=\"\" \/>\n<\/div>\n<div class=\"row gap-70\">\n<div class=\"col-sm-6 col\"><label><span class=\"label\">Nazwisko<\/span><span class=\"wpcf7-form-control-wrap your-name\"><input type=\"text\" name=\"your-name\" value=\"\" size=\"40\" class=\"wpcf7-form-control wpcf7-text wpcf7-validates-as-required\" aria-required=\"true\" aria-invalid=\"false\" \/><\/span><\/label><\/div>\n<div class=\"col-sm-6 col\"><label><span class=\"label\">Email<\/span><span class=\"wpcf7-form-control-wrap your-email\"><input type=\"email\" name=\"your-email\" value=\"\" size=\"40\" class=\"wpcf7-form-control wpcf7-text wpcf7-email wpcf7-validates-as-required wpcf7-validates-as-email\" aria-required=\"true\" aria-invalid=\"false\" \/><\/span><\/label><\/div>\n<\/div>\n<div class=\"row\">\n<div class=\"col-sm-12 col\"><label><span class=\"label\">Temat<\/span><span class=\"wpcf7-form-control-wrap your-subject\"><input type=\"text\" name=\"your-subject\" value=\"\" size=\"40\" class=\"wpcf7-form-control wpcf7-text\" aria-invalid=\"false\" \/><\/span><\/label><\/div>\n<\/div>\n<div class=\"row\">\n<div class=\"col-sm-12 col\"><label><span class=\"label\">Tre\u015b\u0107 wiadomo\u015bci<\/span><span class=\"wpcf7-form-control-wrap your-message\"><textarea name=\"your-message\" cols=\"40\" rows=\"10\" class=\"wpcf7-form-control wpcf7-textarea\" aria-invalid=\"false\"><\/textarea><\/span><\/label><\/div>\n<\/div>\n<p><input type=\"submit\" value=\"Wy\u015blij\" class=\"wpcf7-form-control wpcf7-submit\" \/><\/p>\n<div class=\"wpcf7-response-output\" aria-hidden=\"true\"><\/div><\/form><\/div>[\/vc_column][\/vc_row]<\/p>\n","protected":false},"excerpt":{"rendered":"<p>[vc_row][vc_column][vc_custom_heading text=&#8221;Kontakt&#8221; use_theme_fonts=&#8221;yes&#8221; css=&#8221;.vc_custom_1611009979467{margin-bottom: 20px !important;}&#8221;][vc_empty_space height=&#8221;25px&#8221;][vc_icon icon_fontawesome=&#8221;fa fa-twitter&#8221; color=&#8221;black&#8221; size=&#8221;sm&#8221; link=&#8221;url:https%3A%2F%2Ftwitter.com||target:%20_blank|&#8221; css=&#8221;.vc_custom_1535620656915{margin-left: -15px !important;}&#8221;][vc_icon icon_fontawesome=&#8221;fa fa-facebook&#8221; color=&#8221;black&#8221; size=&#8221;sm&#8221; link=&#8221;url:https%3A%2F%2Ffacebook.com||target:%20_blank|&#8221;][vc_icon icon_fontawesome=&#8221;fa fa-instagram&#8221; color=&#8221;black&#8221; size=&#8221;sm&#8221; link=&#8221;url:https%3A%2F%2Finstagram.com||target:%20_blank|&#8221;][vc_icon icon_fontawesome=&#8221;fa fa-pinterest-p&#8221; color=&#8221;black&#8221; size=&#8221;sm&#8221; link=&#8221;url:https%3A%2F%2Fpinterest.com||target:%20_blank|&#8221;][\/vc_column][\/vc_row][vc_row][vc_column][vc_empty_space&hellip;<\/p>\n","protected":false},"author":1,"featured_media":0,"parent":0,"menu_order":0,"comment_status":"closed","ping_status":"closed","template":"templates\/split.php","meta":[],"yoast_head":"<!-- This site is optimized with the Yoast SEO plugin v16.2 - https:\/\/yoast.com\/wordpress\/plugins\/seo\/ -->\n<title>Kontakt z nami - Makanet24<\/title>\n<meta name=\"robots\" content=\"index, follow, max-snippet:-1, max-image-preview:large, max-video-preview:-1\" \/>\n<link rel=\"canonical\" href=\"https:\/\/makanet24.pl\/index.php\/kontakt\/\" \/>\n<meta property=\"og:locale\" content=\"pl_PL\" \/>\n<meta property=\"og:type\" content=\"article\" \/>\n<meta property=\"og:title\" content=\"Kontakt z nami - Makanet24\" \/>\n<meta property=\"og:description\" content=\"[vc_row][vc_column][vc_custom_heading text=&#8221;Kontakt&#8221; use_theme_fonts=&#8221;yes&#8221; css=&#8221;.vc_custom_1611009979467{margin-bottom: 20px !important;}&#8221;][vc_empty_space height=&#8221;25px&#8221;][vc_icon icon_fontawesome=&#8221;fa fa-twitter&#8221; color=&#8221;black&#8221; size=&#8221;sm&#8221; link=&#8221;url:https%3A%2F%2Ftwitter.com||target:%20_blank|&#8221; css=&#8221;.vc_custom_1535620656915{margin-left: -15px !important;}&#8221;][vc_icon icon_fontawesome=&#8221;fa fa-facebook&#8221; color=&#8221;black&#8221; size=&#8221;sm&#8221; link=&#8221;url:https%3A%2F%2Ffacebook.com||target:%20_blank|&#8221;][vc_icon icon_fontawesome=&#8221;fa fa-instagram&#8221; color=&#8221;black&#8221; size=&#8221;sm&#8221; link=&#8221;url:https%3A%2F%2Finstagram.com||target:%20_blank|&#8221;][vc_icon icon_fontawesome=&#8221;fa fa-pinterest-p&#8221; color=&#8221;black&#8221; size=&#8221;sm&#8221; link=&#8221;url:https%3A%2F%2Fpinterest.com||target:%20_blank|&#8221;][\/vc_column][\/vc_row][vc_row][vc_column][vc_empty_space&hellip;\" \/>\n<meta property=\"og:url\" content=\"https:\/\/makanet24.pl\/index.php\/kontakt\/\" \/>\n<meta property=\"og:site_name\" content=\"Makanet24\" \/>\n<meta property=\"article:modified_time\" content=\"2021-04-28T07:46:30+00:00\" \/>\n<meta name=\"twitter:card\" content=\"summary_large_image\" \/>\n<meta name=\"twitter:label1\" content=\"Szacowany czas czytania\">\n\t<meta name=\"twitter:data1\" content=\"1 minuta\">\n<script type=\"application\/ld+json\" class=\"yoast-schema-graph\">{\"@context\":\"https:\/\/schema.org\",\"@graph\":[{\"@type\":\"WebSite\",\"@id\":\"https:\/\/makanet24.pl\/#website\",\"url\":\"https:\/\/makanet24.pl\/\",\"name\":\"Makanet24\",\"description\":\"Sklep internetowy z produktami IT\",\"potentialAction\":[{\"@type\":\"SearchAction\",\"target\":\"https:\/\/makanet24.pl\/?s={search_term_string}\",\"query-input\":\"required name=search_term_string\"}],\"inLanguage\":\"pl-PL\"},{\"@type\":\"WebPage\",\"@id\":\"https:\/\/makanet24.pl\/index.php\/kontakt\/#webpage\",\"url\":\"https:\/\/makanet24.pl\/index.php\/kontakt\/\",\"name\":\"Kontakt z nami - Makanet24\",\"isPartOf\":{\"@id\":\"https:\/\/makanet24.pl\/#website\"},\"datePublished\":\"2018-08-30T09:10:30+00:00\",\"dateModified\":\"2021-04-28T07:46:30+00:00\",\"breadcrumb\":{\"@id\":\"https:\/\/makanet24.pl\/index.php\/kontakt\/#breadcrumb\"},\"inLanguage\":\"pl-PL\",\"potentialAction\":[{\"@type\":\"ReadAction\",\"target\":[\"https:\/\/makanet24.pl\/index.php\/kontakt\/\"]}]},{\"@type\":\"BreadcrumbList\",\"@id\":\"https:\/\/makanet24.pl\/index.php\/kontakt\/#breadcrumb\",\"itemListElement\":[{\"@type\":\"ListItem\",\"position\":1,\"item\":{\"@type\":\"WebPage\",\"@id\":\"https:\/\/makanet24.pl\/\",\"url\":\"https:\/\/makanet24.pl\/\",\"name\":\"Strona g\\u0142\\u00f3wna\"}},{\"@type\":\"ListItem\",\"position\":2,\"item\":{\"@id\":\"https:\/\/makanet24.pl\/index.php\/kontakt\/#webpage\"}}]}]}<\/script>\n<!-- \/ Yoast SEO plugin. -->","_links":{"self":[{"href":"https:\/\/makanet24.pl\/index.php\/wp-json\/wp\/v2\/pages\/202"}],"collection":[{"href":"https:\/\/makanet24.pl\/index.php\/wp-json\/wp\/v2\/pages"}],"about":[{"href":"https:\/\/makanet24.pl\/index.php\/wp-json\/wp\/v2\/types\/page"}],"author":[{"embeddable":true,"href":"https:\/\/makanet24.pl\/index.php\/wp-json\/wp\/v2\/users\/1"}],"replies":[{"embeddable":true,"href":"https:\/\/makanet24.pl\/index.php\/wp-json\/wp\/v2\/comments?post=202"}],"version-history":[{"count":11,"href":"https:\/\/makanet24.pl\/index.php\/wp-json\/wp\/v2\/pages\/202\/revisions"}],"predecessor-version":[{"id":1699,"href":"https:\/\/makanet24.pl\/index.php\/wp-json\/wp\/v2\/pages\/202\/revisions\/1699"}],"wp:attachment":[{"href":"https:\/\/makanet24.pl\/index.php\/wp-json\/wp\/v2\/media?parent=202"}],"curies":[{"name":"wp","href":"https:\/\/api.w.org\/{rel}","templated":true}]}}